{"id":13,"date":"2009-11-21T17:49:02","date_gmt":"2009-11-21T16:49:02","guid":{"rendered":"http:\/\/www.heimatverein-gahlen.de\/heimatverein\/?page_id=13"},"modified":"2026-02-11T20:34:54","modified_gmt":"2026-02-11T19:34:54","slug":"impressum","status":"publish","type":"page","link":"https:\/\/www.heimatverein-gahlen.de\/heimatverein\/?page_id=13","title":{"rendered":"Der Vorstand"},"content":{"rendered":"<h3 style=\"text-align: center;\"><strong><span style=\"font-size: large;\">Der Vorstand<\/span><\/strong><\/h3>\n<p>&nbsp;<\/p>\n<table style=\"border-collapse: collapse; width: 101.909%; height: 646px;\">\n<tbody>\n<tr style=\"height: 23px;\">\n<td style=\"text-align: center; height: 23px; width: 102.031%;\" colspan=\"3\">\n<h3><strong>Vertretungsberechtigter Vorstand seit M\u00e4rz 2019<\/strong><strong><br \/>\n<\/strong><\/h3>\n<\/td>\n<\/tr>\n<tr style=\"height: 23px;\">\n<td style=\"width: 23.1545%; height: 19px;\">\n<h3><strong>Amt<\/strong><\/h3>\n<\/td>\n<td style=\"width: 24.9795%; height: 19px;\">\n<h3><strong>Foto<\/strong><\/h3>\n<\/td>\n<td style=\"width: 53.8966%; height: 19px;\">\n<h3><strong>Kontakt<\/strong><\/h3>\n<\/td>\n<\/tr>\n<tr style=\"height: 283px;\">\n<td style=\"width: 23.1545%; height: 104px;\"><strong>1.Vorsitzender:<\/strong>&nbsp;&nbsp;&nbsp;&nbsp;&nbsp;&nbsp;<\/p>\n<p>J\u00fcrgen H\u00f6chst<\/td>\n<td style=\"width: 24.9795%; height: 104px;\"><img loading=\"lazy\" class=\"wp-image-1568 aligncenter\" title=\"07.04..2013 037\" src=\"http:\/\/www.heimatverein-gahlen.de\/heimatverein\/wp-content\/uploads\/07.04..2013-037-150x150.jpg\" alt=\"07.04..2013 037\" width=\"164\" height=\"164\"><\/td>\n<td style=\"width: 53.8966%; height: 84px;\">02853-5432,&nbsp;&nbsp;&nbsp;&nbsp;&nbsp;&nbsp;&nbsp;<\/p>\n<p>0163-8396453,<\/p>\n<p><a href=\"mailto:vorstand@heimatverein-gahlen.de\" target=\"_blank\" rel=\"noopener\">vorstand@heimatverein-gahlen.<wbr>de<\/a><\/p>\n<p>&nbsp;<\/td>\n<\/tr>\n<tr style=\"height: 143px;\">\n<td style=\"width: 23.1545%; height: 128px;\"><strong>2.Vorsitzender:<\/strong>&nbsp;&nbsp;&nbsp;&nbsp;&nbsp;&nbsp;<\/p>\n<p>Markus Walbrodt<\/td>\n<td style=\"width: 24.9795%; height: 128px;\"><span style=\"font-size: large;\"><a href=\"http:\/\/www.heimatverein-gahlen.de\/heimatverein\/wp-content\/uploads\/07.04..2013-065.jpg\"><img loading=\"lazy\" class=\" wp-image-1572 aligncenter\" src=\"http:\/\/www.heimatverein-gahlen.de\/heimatverein\/wp-content\/uploads\/07.04..2013-065.jpg\" alt=\"07.04..2013 065\" width=\"152\" height=\"182\" srcset=\"https:\/\/www.heimatverein-gahlen.de\/heimatverein\/wp-content\/uploads\/07.04..2013-065.jpg 1270w, https:\/\/www.heimatverein-gahlen.de\/heimatverein\/wp-content\/uploads\/07.04..2013-065-250x300.jpg 250w, https:\/\/www.heimatverein-gahlen.de\/heimatverein\/wp-content\/uploads\/07.04..2013-065-853x1023.jpg 853w\" sizes=\"(max-width: 152px) 100vw, 152px\" \/><\/a><\/span><\/td>\n<td style=\"width: 53.8966%; height: 128px;\">0177-7554070&nbsp;&nbsp;&nbsp;&nbsp;&nbsp;&nbsp;<\/p>\n<p><a href=\"mailto:vorstand@heimatverein-gahlen.de\" target=\"_blank\" rel=\"noopener\">vorstand@heimatverein-gahlen.<wbr>de<\/a><\/td>\n<\/tr>\n<tr style=\"height: 23px;\">\n<td style=\"width: 23.1545%; height: 16px;\"><strong>1.Kassierer:<\/strong>&nbsp;&nbsp;&nbsp;&nbsp;&nbsp;&nbsp;<\/p>\n<p>Tom Weber<\/td>\n<td style=\"width: 24.9795%; height: 16px;\"><img loading=\"lazy\" class=\"aligncenter\" src=\"http:\/\/www.heimatverein-gahlen.de\/heimatverein\/wp-content\/uploads\/TomWeber_2_Kass.jpg\" alt=\"TomWeber_2_Kass\" width=\"135\" height=\"230\"><\/td>\n<td style=\"width: 53.8966%; height: 16px;\">0178-9627807&nbsp;&nbsp;&nbsp;&nbsp;&nbsp;&nbsp;<\/p>\n<p><a href=\"mailto:vorstand@heimatverein-gahlen.de\" target=\"_blank\" rel=\"noopener\">vorstand@heimatverein-gahlen.<wbr>de<\/a><\/td>\n<\/tr>\n<tr style=\"height: 23px;\">\n<td style=\"width: 23.1545%; height: 23px;\"><strong>2.Kassiererin:<\/strong>&nbsp;&nbsp;&nbsp;&nbsp;&nbsp;&nbsp;<\/p>\n<p>Lisa Marie Sander<\/td>\n<td style=\"width: 24.9795%; height: 23px;\">&nbsp;<\/td>\n<td style=\"width: 53.8966%; height: 23px;\">&nbsp;01578 7431182&nbsp;&nbsp;<\/p>\n<p><a href=\"mailto:vorstand@heimatverein-gahlen.de\" target=\"_blank\" rel=\"noopener\">vorstand@heimatverein-gahlen.<wbr>de<\/a><\/td>\n<\/tr>\n<tr style=\"height: 23px;\">\n<td style=\"width: 23.1545%; height: 23px;\"><strong>1.Schriftf\u00fchrer:<\/strong>&nbsp;&nbsp;&nbsp;&nbsp;&nbsp;&nbsp;<\/p>\n<p>Alexander Endemann<\/td>\n<td style=\"width: 24.9795%; height: 23px;\"><a href=\"http:\/\/www.heimatverein-gahlen.de\/heimatverein\/wp-content\/uploads\/endemann_10_19.jpg\"><img loading=\"lazy\" class=\"aligncenter size-full wp-image-2578\" src=\"http:\/\/www.heimatverein-gahlen.de\/heimatverein\/wp-content\/uploads\/endemann_10_19.jpg\" alt=\"endemann_10_19\" width=\"156\" height=\"194\"><\/a><\/td>\n<td style=\"width: 53.8966%; height: 23px;\">0162\/2512585<br \/>\n&nbsp;&nbsp;&nbsp;&nbsp;&nbsp;&nbsp;<\/p>\n<p><a href=\"mailto:vorstand@heimatverein-gahlen.de\" target=\"_blank\" rel=\"noopener\">vorstand@heimatverein-gahlen.<wbr>de<\/a><\/td>\n<\/tr>\n<tr style=\"height: 23px;\">\n<td style=\"width: 23.1545%; height: 11px;\"><strong>2.Schriftf\u00fchrer:<br \/>\n<\/strong>&nbsp;&nbsp;&nbsp;<\/p>\n<p><strong><br \/>\n<\/strong>Oliver G\u00fclker&nbsp;<\/td>\n<td style=\"width: 24.9795%; height: 11px;\">&nbsp;<\/td>\n<td style=\"width: 53.8966%; height: 11px;\"><a href=\"mailto:vorstand@heimatverein-gahlen.de\" target=\"_blank\" rel=\"noopener\">vorstand@heimatverein-gahlen.<wbr>de<\/a><br \/>\n&nbsp;<\/td>\n<\/tr>\n<tr style=\"height: 23px;\">\n<td style=\"width: 23.1545%; height: 23px;\"><strong>1.Beisitzer:<\/strong>&nbsp;&nbsp;&nbsp;&nbsp;&nbsp;&nbsp;<\/p>\n<p>Ludger Jansen<\/td>\n<td style=\"width: 24.9795%; height: 23px;\"><a href=\"http:\/\/www.heimatverein-gahlen.de\/heimatverein\/wp-content\/uploads\/07.04..2013-033.jpg\"><img loading=\"lazy\" class=\"aligncenter size-full wp-image-156\" src=\"http:\/\/www.heimatverein-gahlen.de\/heimatverein\/wp-content\/uploads\/07.04..2013-033.jpg\" alt=\"07.04..2013 033\" width=\"145 height=\"><\/a><\/td>\n<td style=\"width: 53.8966%; height: 23px;\">02362\/970711&nbsp;&nbsp;&nbsp;&nbsp;&nbsp;&nbsp;<\/p>\n<p>0171\/9851922<\/p>\n<p><a href=\"mailto:vorstand@heimatverein-gahlen.de\" target=\"_blank\" rel=\"noopener\">vorstand@heimatverein-gahlen.<wbr>de<\/a><\/td>\n<\/tr>\n<tr style=\"height: 23px;\">\n<td style=\"width: 23.1545%; height: 23px;\"><strong>2.Beisitzerin:<\/strong>&nbsp;&nbsp;&nbsp;&nbsp;&nbsp;&nbsp;<\/p>\n<p>Edith H\u00fclsemann<\/td>\n<td style=\"width: 24.9795%; height: 23px;\"><img loading=\"lazy\" class=\"size-thumbnail wp-image-1573 aligncenter\" title=\"07.04..2013 041\" src=\"http:\/\/www.heimatverein-gahlen.de\/heimatverein\/wp-content\/uploads\/07.04..2013-041-150x150.jpg\" alt=\"07.04..2013 041\" width=\"146\" height=\"146\"><\/td>\n<td style=\"width: 53.8966%; height: 23px;\">02853\/39642&nbsp;&nbsp;&nbsp;&nbsp;&nbsp;&nbsp;<\/p>\n<p><a href=\"mailto:vorstand@heimatverein-gahlen.de\" target=\"_blank\" rel=\"noopener\">vorstand@heimatverein-gahlen.<wbr>de<\/a><\/td>\n<\/tr>\n<tr style=\"height: 23px;\">\n<td style=\"width: 23.1545%; height: 23px;\"><strong>3.Beisitzer:<\/strong>&nbsp;&nbsp;&nbsp;&nbsp;&nbsp;&nbsp;<\/p>\n<p>Andre Rademacher<\/td>\n<td style=\"width: 24.9795%; height: 23px;\">&nbsp;&nbsp;&nbsp;&nbsp;&nbsp;&nbsp;<\/p>\n<p>&nbsp;<\/td>\n<td style=\"width: 53.8966%; height: 23px;\"><a href=\"mailto:vorstand@heimatverein-gahlen.de\" target=\"_blank\" rel=\"noopener\">vorstand@heimatverein-gahlen.<wbr>de<\/a><\/td>\n<\/tr>\n<tr style=\"height: 143px;\">\n<td style=\"width: 23.1545%; height: 143px;\"><strong>Kulturwart:<\/strong>&nbsp;&nbsp;&nbsp;&nbsp;&nbsp;&nbsp;<\/p>\n<p>Rainer Zeppen<\/td>\n<td style=\"width: 24.9795%; height: 143px;\"><img class=\"aligncenter\" src=\"http:\/\/www.heimatverein-gahlen.de\/heimatverein\/wp-content\/uploads\/07.04..2013-057-150x150.jpg\" alt=\"07.04..2013 057\"><\/td>\n<td style=\"width: 53.8966%; height: 143px;\">02853\/4352&nbsp;&nbsp;&nbsp;&nbsp;&nbsp;&nbsp;<\/p>\n<p>0175\/8863345<\/td>\n<\/tr>\n<tr style=\"height: 87px;\">\n<td style=\"width: 23.1545%; height: 87px;\"><strong>Ehrenvorsitzender:<\/strong>&nbsp;&nbsp;&nbsp;&nbsp;&nbsp;&nbsp;<\/p>\n<p>N.N.&nbsp;<\/td>\n<td style=\"width: 24.9795%; height: 87px;\">&nbsp;<\/td>\n<td style=\"width: 53.8966%; height: 87px;\">&nbsp;<\/td>\n<\/tr>\n<\/tbody>\n<\/table>\n<p>&nbsp;<\/p>\n<p><a href=\"http:\/\/www.heimatverein-gahlen.de\/heimatverein\/wp-content\/uploads\/IMG_7756.jpeg\"><img loading=\"lazy\" class=\"aligncenter  wp-image-2497\" src=\"http:\/\/www.heimatverein-gahlen.de\/heimatverein\/wp-content\/uploads\/IMG_7756.jpeg\" alt=\"IMG_4243b\" width=\"695\" height=\"927\"><\/a><\/p>\n<p><span style=\"font-size: medium;\"><strong>Gruppenfoto aus August 2025 (v. l. n. r.):&nbsp;<\/strong><\/span><\/p>\n<p>Von links:<br \/>\nRainer Zeppen, Ludger Jansen, Lisa-Marie Sander, Tom Weber, J\u00fcrgen H\u00f6chst, Alexander Endemann, Edith H\u00fclsemann, Oliver G\u00fclker, Markus Walbrodt<\/p>\n<p>es fehlt Andre Rademacher<\/p>\n<p>&nbsp;<\/p>\n","protected":false},"excerpt":{"rendered":"<p>Der Vorstand &nbsp; Vertretungsberechtigter Vorstand seit M\u00e4rz 2019 Amt Foto Kontakt 1.Vorsitzender:&nbsp;&nbsp;&nbsp;&nbsp;&nbsp;&nbsp; J\u00fcrgen H\u00f6chst 02853-5432,&nbsp;&nbsp;&nbsp;&nbsp;&nbsp;&nbsp;&nbsp; 0163-8396453, vorstand@heimatverein-gahlen.de &nbsp; 2.Vorsitzender:&nbsp;&nbsp;&nbsp;&nbsp;&nbsp;&nbsp; Markus Walbrodt 0177-7554070&nbsp;&nbsp;&nbsp;&nbsp;&nbsp;&nbsp; vorstand@heimatverein-gahlen.de 1.Kassierer:&nbsp;&nbsp;&nbsp;&nbsp;&nbsp;&nbsp; Tom Weber 0178-9627807&nbsp;&nbsp;&nbsp;&nbsp;&nbsp;&nbsp; vorstand@heimatverein-gahlen.de 2.Kassiererin:&nbsp;&nbsp;&nbsp;&nbsp;&nbsp;&nbsp; Lisa Marie Sander &nbsp; &nbsp;01578 7431182&nbsp;&nbsp; vorstand@heimatverein-gahlen.de 1.Schriftf\u00fchrer:&nbsp;&nbsp;&nbsp;&nbsp;&nbsp;&nbsp; Alexander Endemann 0162\/2512585 &nbsp;&nbsp;&nbsp;&nbsp;&nbsp;&nbsp; vorstand@heimatverein-gahlen.de 2.Schriftf\u00fchrer: &nbsp;&nbsp;&nbsp; Oliver G\u00fclker&nbsp; &nbsp; vorstand@heimatverein-gahlen.de &nbsp; 1.Beisitzer:&nbsp;&nbsp;&nbsp;&nbsp;&nbsp;&nbsp; Ludger Jansen 02362\/970711&nbsp;&nbsp;&nbsp;&nbsp;&nbsp;&nbsp; 0171\/9851922 vorstand@heimatverein-gahlen.de [&hellip;]<\/p>\n","protected":false},"author":1,"featured_media":0,"parent":0,"menu_order":7,"comment_status":"open","ping_status":"open","template":"","meta":{"ngg_post_thumbnail":0},"_links":{"self":[{"href":"https:\/\/www.heimatverein-gahlen.de\/heimatverein\/index.php?rest_route=\/wp\/v2\/pages\/13"}],"collection":[{"href":"https:\/\/www.heimatverein-gahlen.de\/heimatverein\/index.php?rest_route=\/wp\/v2\/pages"}],"about":[{"href":"https:\/\/www.heimatverein-gahlen.de\/heimatverein\/index.php?rest_route=\/wp\/v2\/types\/page"}],"author":[{"embeddable":true,"href":"https:\/\/www.heimatverein-gahlen.de\/heimatverein\/index.php?rest_route=\/wp\/v2\/users\/1"}],"replies":[{"embeddable":true,"href":"https:\/\/www.heimatverein-gahlen.de\/heimatverein\/index.php?rest_route=%2Fwp%2Fv2%2Fcomments&post=13"}],"version-history":[{"count":8,"href":"https:\/\/www.heimatverein-gahlen.de\/heimatverein\/index.php?rest_route=\/wp\/v2\/pages\/13\/revisions"}],"predecessor-version":[{"id":3493,"href":"https:\/\/www.heimatverein-gahlen.de\/heimatverein\/index.php?rest_route=\/wp\/v2\/pages\/13\/revisions\/3493"}],"wp:attachment":[{"href":"https:\/\/www.heimatverein-gahlen.de\/heimatverein\/index.php?rest_route=%2Fwp%2Fv2%2Fmedia&parent=13"}],"curies":[{"name":"wp","href":"https:\/\/api.w.org\/{rel}","templated":true}]}}