{"id":1861,"date":"2016-05-17T08:56:22","date_gmt":"2016-05-17T07:56:22","guid":{"rendered":"http:\/\/www.heimatverein-gahlen.de\/heimatverein\/?page_id=1861"},"modified":"2026-01-28T18:06:33","modified_gmt":"2026-01-28T17:06:33","slug":"impressum-2","status":"publish","type":"page","link":"https:\/\/www.heimatverein-gahlen.de\/heimatverein\/?page_id=1861","title":{"rendered":"Impressum"},"content":{"rendered":"<h2><strong><span style=\"text-decoration: underline;\">Impressum<\/span><\/strong><\/h2>\n<p><strong>Haftungsausschluss<\/strong><\/p>\n<p><em><b>1. Inhalte der Website des Heimatverein Gahlen e.V.<\/b><\/em><\/p>\n<p>Der Heimatverein \u00fcbernimmt keine Gew\u00e4hr f\u00fcr die Aktualit\u00e4t, Korrektheit, Vollst\u00e4ndigkeit oder Qualit\u00e4t der bereitgestellten Informationen. Jegliche Anspr\u00fcche auf Haftung gegen\u00fcber der Schule, die durch die Nutzung des Online-Angebotes entstehen, seien sie materieller oder ideeller Art, sind ausgeschlossen, sofern seitens des Heimatvereins kein vors\u00e4tzliches oder grob fahrl\u00e4ssiges Verschulden besteht. Das gesamte Angebot der Website und aller damit zusammenh\u00e4ngenden Dateien ist unverbindlich.<\/p>\n<p>&nbsp;<\/p>\n<p><em><b>2. Links auf andere Internetangebote<\/b><\/em><\/p>\n<p>Der Heimatverein distanziert sich ausdr\u00fccklich von allen Inhalten aller gelinkten Seiten, die sich au\u00dferhalb des Verantwortungsbereichs ihrer Website befinden. Zum Zeitpunkt der Verlinkung befanden sich alle externen Seiten frei von illegalen Inhalten. Der Heimatverein hat keinerlei Einfluss auf die aktuelle und zuk\u00fcnftige Gestaltung und auf die Inhalte dieser Seiten. Verantwortlich f\u00fcr den Inhalt dieser Links ist der Betreiber der jeweiligen Internet-Angebote.<\/p>\n<p>&nbsp;<\/p>\n<p><strong>3<\/strong>. <em><b>Copyright<\/b><\/em><\/p>\n<p>Das Copyright f\u00fcr von dem Heimatverein Gahlen e.V. erstellten Dokumente bleibt allein beim Heimatverein Gahlen e.V.. Die Verwendung, Vermarktung oder Vervielf\u00e4ltigung aller Seiteninhalte in elektronischen oder gedruckten Medien ist ohne ausdr\u00fcckliche Zustimmung des Heimatvereins nicht gestattet.<\/p>\n<p>&nbsp;<\/p>\n<p><strong>4<\/strong>. <em><b>Rechtswirksamkeit des Haftungsausschlusses<\/b><\/em><\/p>\n<p>Sofern Teile oder einzelne Formulierungen dieses Textes der geltenden Rechtslage nicht, nicht mehr oder nicht vollst\u00e4ndig entsprechen sollten, bleiben die \u00fcbrigen Teile des Dokumentes in ihrem Inhalt und ihrer G\u00fcltigkeit davon unber\u00fchrt.<\/p>\n<p>&nbsp;<\/p>\n<p><strong>5. Verantwortlicher der Website&nbsp;<\/strong><\/p>\n<p>Heimatverein Gahlen e.V.<br \/>\nvertreten durch den Vorsitzenden<br \/>\n<strong>J\u00fcrgen H\u00f6chst<\/strong><br \/>\nBruchstr. 72<br \/>\n46514 Schermbeck<br \/>\nMobil: +49 178 350 35 25<br \/>\nE-Mail: <a href=\"mailto:vorstand@heimatverein-gahlen.de\" target=\"_blank\" rel=\"noopener\">vorstand@heimatverein-gahlen.<wbr>de<\/a><br \/>\nRegister: Amtsgericht Duisburg, Registernummer: VR 5736<\/p>\n<p>&nbsp;<\/p>\n<p>&nbsp;<\/p>\n<p><span style=\"text-decoration: underline;\"><span style=\"font-size: medium;\"><strong>Betreuer der Website:&nbsp;<\/strong><\/span><\/span><br \/>\n<span style=\"font-size: medium;\">C. Hege<\/span><br \/>\n&nbsp;<\/p>\n<p>&nbsp;<\/p>\n<p><span style=\"text-decoration: underline;\"><strong><span style=\"font-size: medium;\">E-Mail-Adresse des Heimatvereins:&nbsp;<\/span><\/strong><\/span><br \/>\n<span style=\"font-size: medium;\"><a href=\"Vorstand@heimatverein-gahlen.de\">Vorstand@heimatverein-gahlen.de<\/a><\/span><br \/>\n&nbsp;<\/p>\n<p>&nbsp;<\/p>\n<p><span style=\"font-size: medium;\"><strong><span style=\"text-decoration: underline;\">Bank<\/span><\/strong><\/span><span style=\"font-size: medium;\"><strong><span style=\"text-decoration: underline;\">verbindungen:<\/span><\/strong><\/span><\/p>\n<h5><span style=\"font-size: medium;\"><strong>Niederrheinische Sparkasse RheinLippe: <\/strong><\/span><\/h5>\n<h5><span style=\"font-size: medium;\"><strong>IBAN: DE30 3565 0000 0000 6039 44 <\/strong><\/span><\/h5>\n<h5><span style=\"font-size: medium;\"><strong>BIC:&nbsp;WELADED1WES<\/strong><\/span><\/h5>\n<p><span style=\"font-size: medium;\">&nbsp;<\/span><\/p>\n<h5><span style=\"font-size: medium;\"><strong>Volksbank Schermbeck:<\/strong><\/span><\/h5>\n<h5><span style=\"font-size: medium;\"><strong>IBAN: DE24 4006 9363 0202 4022 00<\/strong><\/span><\/h5>\n<h5><span style=\"font-size: medium;\"><strong>BIC: GENODEM1SMB<\/strong><\/span><\/h5>\n<p>&nbsp;<\/p>\n<h5><span style=\"font-size: medium;\">(Stand: 08.09.2020)<\/span><\/h5>\n","protected":false},"excerpt":{"rendered":"<p>Impressum Haftungsausschluss 1. Inhalte der Website des Heimatverein Gahlen e.V. Der Heimatverein \u00fcbernimmt keine Gew\u00e4hr f\u00fcr die Aktualit\u00e4t, Korrektheit, Vollst\u00e4ndigkeit oder Qualit\u00e4t der bereitgestellten Informationen. Jegliche Anspr\u00fcche auf Haftung gegen\u00fcber der Schule, die durch die Nutzung des Online-Angebotes entstehen, seien sie materieller oder ideeller Art, sind ausgeschlossen, sofern seitens des Heimatvereins kein vors\u00e4tzliches oder grob [&hellip;]<\/p>\n","protected":false},"author":1,"featured_media":0,"parent":0,"menu_order":0,"comment_status":"closed","ping_status":"open","template":"","meta":{"ngg_post_thumbnail":0},"_links":{"self":[{"href":"https:\/\/www.heimatverein-gahlen.de\/heimatverein\/index.php?rest_route=\/wp\/v2\/pages\/1861"}],"collection":[{"href":"https:\/\/www.heimatverein-gahlen.de\/heimatverein\/index.php?rest_route=\/wp\/v2\/pages"}],"about":[{"href":"https:\/\/www.heimatverein-gahlen.de\/heimatverein\/index.php?rest_route=\/wp\/v2\/types\/page"}],"author":[{"embeddable":true,"href":"https:\/\/www.heimatverein-gahlen.de\/heimatverein\/index.php?rest_route=\/wp\/v2\/users\/1"}],"replies":[{"embeddable":true,"href":"https:\/\/www.heimatverein-gahlen.de\/heimatverein\/index.php?rest_route=%2Fwp%2Fv2%2Fcomments&post=1861"}],"version-history":[{"count":2,"href":"https:\/\/www.heimatverein-gahlen.de\/heimatverein\/index.php?rest_route=\/wp\/v2\/pages\/1861\/revisions"}],"predecessor-version":[{"id":3467,"href":"https:\/\/www.heimatverein-gahlen.de\/heimatverein\/index.php?rest_route=\/wp\/v2\/pages\/1861\/revisions\/3467"}],"wp:attachment":[{"href":"https:\/\/www.heimatverein-gahlen.de\/heimatverein\/index.php?rest_route=%2Fwp%2Fv2%2Fmedia&parent=1861"}],"curies":[{"name":"wp","href":"https:\/\/api.w.org\/{rel}","templated":true}]}}