{"id":1907,"date":"2016-08-08T08:56:32","date_gmt":"2016-08-08T07:56:32","guid":{"rendered":"http:\/\/www.heimatverein-gahlen.de\/heimatverein\/?page_id=1907"},"modified":"2024-01-15T20:00:49","modified_gmt":"2024-01-15T19:00:49","slug":"bank-ag","status":"publish","type":"page","link":"https:\/\/www.heimatverein-gahlen.de\/heimatverein\/?page_id=1907","title":{"rendered":"Bank AG"},"content":{"rendered":"<h2 style=\"text-align: center;\"><strong>Die Bank AG<\/strong><\/h2>\n<table style=\"width: 98.3328%; height: 84px;\" border=\"0\">\n<tbody>\n<tr>\n<td style=\"border: 2px solid #f5deb3; width: 132.045%;\" colspan=\"2\" align=\"center\">Die Bank AG hat es sich zur Aufgabe gemacht alle Sitzb\u00e4nke in Gahlen zu sanieren bzw. neue Sitzgelegenheiten zu erstellen. Wenn irgendwo eine defekte Bank auff\u00e4llt oder jemand eine Idee hat, wo sinnvollerweise noch eine Sitzbank aufgestellt werden m\u00fcsste, kann man sich bei Wolfgang J\u00f6rgens melden.<\/td>\n<\/tr>\n<tr>\n<td style=\"border: 1px solid #000000; background-color: #f5deb3; width: 21.3429%;\" align=\"center\"><strong> Termine<\/strong><\/td>\n<td style=\"border: 1px solid #000000; background-color: #f5deb3; width: 110.702%;\" align=\"center\">flexibel&nbsp;<\/p>\n<p><a href=\"http:\/\/www.heimatverein-gahlen.de\/heimatverein\/wp-content\/uploads\/Bank.jpg\"><img loading=\"lazy\" class=\"\" src=\"http:\/\/www.heimatverein-gahlen.de\/heimatverein\/wp-content\/uploads\/Bank.jpg\" alt=\"Bank\" width=\"378\" height=\"284\"><\/a><\/p>\n<p>&nbsp;<\/td>\n<\/tr>\n<tr>\n<td style=\"border: 1px solid #000000; background-color: #f5deb3; width: 21.3429%;\" align=\"center\"><strong>Leitung<\/strong><\/td>\n<td style=\"border: 1px solid #000000; background-color: #f5deb3; width: 110.702%;\" align=\"center\">Gruppenleiter ist ???, Tel. 02853\/???, Stellvertreter ist Wolfgang J\u00f6rgens, Tel. 02853\/5247<\/td>\n<\/tr>\n<tr>\n<td style=\"border: 1px solid #000000; background-color: #f5deb3; width: 21.3429%;\" align=\"center\"><strong> Mitglieder<\/strong><\/td>\n<td style=\"border: 1px solid #000000; background-color: #f5deb3; width: 110.702%;\" align=\"center\"><em>Wolfgang J\u00f6rgens<\/em><\/td>\n<\/tr>\n<\/tbody>\n<\/table>\n","protected":false},"excerpt":{"rendered":"<p>Die Bank AG Die Bank AG hat es sich zur Aufgabe gemacht alle Sitzb\u00e4nke in Gahlen zu sanieren bzw. neue Sitzgelegenheiten zu erstellen. Wenn irgendwo eine defekte Bank auff\u00e4llt oder jemand eine Idee hat, wo sinnvollerweise noch eine Sitzbank aufgestellt werden m\u00fcsste, kann man sich bei Wolfgang J\u00f6rgens melden. Termine flexibel&nbsp; &nbsp; Leitung Gruppenleiter ist [&hellip;]<\/p>\n","protected":false},"author":1,"featured_media":0,"parent":0,"menu_order":0,"comment_status":"closed","ping_status":"open","template":"","meta":{"ngg_post_thumbnail":0},"_links":{"self":[{"href":"https:\/\/www.heimatverein-gahlen.de\/heimatverein\/index.php?rest_route=\/wp\/v2\/pages\/1907"}],"collection":[{"href":"https:\/\/www.heimatverein-gahlen.de\/heimatverein\/index.php?rest_route=\/wp\/v2\/pages"}],"about":[{"href":"https:\/\/www.heimatverein-gahlen.de\/heimatverein\/index.php?rest_route=\/wp\/v2\/types\/page"}],"author":[{"embeddable":true,"href":"https:\/\/www.heimatverein-gahlen.de\/heimatverein\/index.php?rest_route=\/wp\/v2\/users\/1"}],"replies":[{"embeddable":true,"href":"https:\/\/www.heimatverein-gahlen.de\/heimatverein\/index.php?rest_route=%2Fwp%2Fv2%2Fcomments&post=1907"}],"version-history":[{"count":1,"href":"https:\/\/www.heimatverein-gahlen.de\/heimatverein\/index.php?rest_route=\/wp\/v2\/pages\/1907\/revisions"}],"predecessor-version":[{"id":3322,"href":"https:\/\/www.heimatverein-gahlen.de\/heimatverein\/index.php?rest_route=\/wp\/v2\/pages\/1907\/revisions\/3322"}],"wp:attachment":[{"href":"https:\/\/www.heimatverein-gahlen.de\/heimatverein\/index.php?rest_route=%2Fwp%2Fv2%2Fmedia&parent=1907"}],"curies":[{"name":"wp","href":"https:\/\/api.w.org\/{rel}","templated":true}]}}