{"id":1911,"date":"2016-08-08T08:57:36","date_gmt":"2016-08-08T07:57:36","guid":{"rendered":"http:\/\/www.heimatverein-gahlen.de\/heimatverein\/?page_id=1911"},"modified":"2021-02-16T16:24:15","modified_gmt":"2021-02-16T15:24:15","slug":"ausschank-ag","status":"publish","type":"page","link":"https:\/\/www.heimatverein-gahlen.de\/heimatverein\/?page_id=1911","title":{"rendered":"Getr\u00e4nkeausschank-AG &#8222;Wohl bekomm`s&#8220;:"},"content":{"rendered":"<h2 style=\"text-align: center;\"><strong>Die Ausschank AG<\/strong><\/h2>\n<table style=\"width: 98.9236%; height: 345px;\" border=\"0\">\n<tbody>\n<tr style=\"height: 136px;\">\n<td style=\"border: 2px solid #f5deb3; width: 137.666%; height: 126px;\" colspan=\"2\" align=\"center\">Die Getr\u00e4nkeversorgung sicher zu stellen bedeutet immer wieder eine logistische Herausforderung. Unsere Besucher sch\u00e4tzen es, eine gro\u00dfe Auswahl alkoholischer und auch alkoholfreier Getr\u00e4nke serviert zu bekommen. Im Winter gerne warm, im Sommer gerne k\u00fchl \u2013 und<br \/>\nnat\u00fcrlich immer in ausreichender Menge vorhanden, damit der letzte Besucher auch noch die Gelegenheit hat alles zu kosten. Dieser Herausforderung stellt sich unsere Ausschank-AG. Getr\u00e4nke<br \/>\nvorbestellen, abholen, lagern, k\u00fchlen oder w\u00e4rmen, nachholen und Ausschenken sind ihre Aufgaben, die sie immer wieder zur vollsten Zufriedenheit unserer Besucher durchf\u00fchren. Die Gruppe wurde im Januar 2015 gegr\u00fcndet.<\/td>\n<\/tr>\n<tr style=\"height: 24px;\">\n<td style=\"border: 1px solid #000000; background-color: #f5deb3; width: 21.3429%; height: 24px;\" align=\"center\"><strong> Termine<\/strong><\/td>\n<td style=\"border: 1px solid #000000; background-color: #f5deb3; width: 116.323%; height: 24px;\" align=\"center\">flexibel<\/td>\n<\/tr>\n<tr style=\"height: 44px;\">\n<td style=\"border: 1px solid #000000; background-color: #f5deb3; width: 21.3429%; height: 21px;\" align=\"center\"><strong>Leitung<\/strong><\/td>\n<td style=\"border: 1px solid #000000; background-color: #f5deb3; width: 116.323%; height: 21px;\" align=\"center\">Ralf Dusek, Tel. 02853\/861978 und Ralf Lepenies&nbsp;&nbsp;<\/p>\n<p><a href=\"http:\/\/www.heimatverein-gahlen.de\/heimatverein\/wp-content\/uploads\/AusschankAG.jpg\"><img loading=\"lazy\" src=\"http:\/\/www.heimatverein-gahlen.de\/heimatverein\/wp-content\/uploads\/AusschankAG.jpg\" alt=\"AusschankAG\" width=\"387\" height=\"290\"><\/a><\/td>\n<\/tr>\n<tr style=\"height: 84px;\">\n<td style=\"border: 1px solid #000000; background-color: #f5deb3; width: 21.3429%; height: 84px;\" align=\"center\"><strong> Mitglieder<\/strong><\/td>\n<td style=\"border: 1px solid #000000; background-color: #f5deb3; width: 116.323%; height: 84px;\" align=\"center\">Willi Biedermann, Andreas Blank, Heiko Bomm, Josephin Bomm, Bettina Dejoks, Manfred Diederichs, Ralf Dusek, Reiner Endemann, Edith H\u00fclsemann, Ralf Lepenies, Hermann M\u00f6nnighoff, Sven Olbrich, Dieter Overhageb\u00f6ck, Sven R\u00f6ding, Karsten Ruloff, Markus Walbrodt, Sandra Wolthaus<\/td>\n<\/tr>\n<\/tbody>\n<\/table>\n<p>&nbsp;<\/p>\n","protected":false},"excerpt":{"rendered":"<p>Die Ausschank AG Die Getr\u00e4nkeversorgung sicher zu stellen bedeutet immer wieder eine logistische Herausforderung. Unsere Besucher sch\u00e4tzen es, eine gro\u00dfe Auswahl alkoholischer und auch alkoholfreier Getr\u00e4nke serviert zu bekommen. Im Winter gerne warm, im Sommer gerne k\u00fchl \u2013 und nat\u00fcrlich immer in ausreichender Menge vorhanden, damit der letzte Besucher auch noch die Gelegenheit hat alles [&hellip;]<\/p>\n","protected":false},"author":1,"featured_media":0,"parent":0,"menu_order":0,"comment_status":"closed","ping_status":"open","template":"","meta":{"ngg_post_thumbnail":0},"_links":{"self":[{"href":"https:\/\/www.heimatverein-gahlen.de\/heimatverein\/index.php?rest_route=\/wp\/v2\/pages\/1911"}],"collection":[{"href":"https:\/\/www.heimatverein-gahlen.de\/heimatverein\/index.php?rest_route=\/wp\/v2\/pages"}],"about":[{"href":"https:\/\/www.heimatverein-gahlen.de\/heimatverein\/index.php?rest_route=\/wp\/v2\/types\/page"}],"author":[{"embeddable":true,"href":"https:\/\/www.heimatverein-gahlen.de\/heimatverein\/index.php?rest_route=\/wp\/v2\/users\/1"}],"replies":[{"embeddable":true,"href":"https:\/\/www.heimatverein-gahlen.de\/heimatverein\/index.php?rest_route=%2Fwp%2Fv2%2Fcomments&post=1911"}],"version-history":[{"count":0,"href":"https:\/\/www.heimatverein-gahlen.de\/heimatverein\/index.php?rest_route=\/wp\/v2\/pages\/1911\/revisions"}],"wp:attachment":[{"href":"https:\/\/www.heimatverein-gahlen.de\/heimatverein\/index.php?rest_route=%2Fwp%2Fv2%2Fmedia&parent=1911"}],"curies":[{"name":"wp","href":"https:\/\/api.w.org\/{rel}","templated":true}]}}