{"id":2070,"date":"2017-01-22T14:19:29","date_gmt":"2017-01-22T13:19:29","guid":{"rendered":"http:\/\/www.heimatverein-gahlen.de\/heimatverein\/?page_id=2070"},"modified":"2022-09-15T18:42:04","modified_gmt":"2022-09-15T17:42:04","slug":"ehrenmitglieder","status":"publish","type":"page","link":"https:\/\/www.heimatverein-gahlen.de\/heimatverein\/?page_id=2070","title":{"rendered":"Ehrenmitglieder"},"content":{"rendered":"<h3 style=\"text-align: center;\"><strong>Ehrungen unserer Mitglieder (Stand: 15.09.2022):<\/strong><\/h3>\n<p><span style=\"font-weight: 400;\">\u201eZweck unseres Vereins ist es, das Brauchtum, die Mundart und die heimische Kultur zu pflegen und zu f\u00f6rdern, die Heimatgeschichte Gahlens zu erforschen und sich f\u00fcr den Umwelt-, Landschafts- und Denkmalschutz in Gahlen einzusetzen.\u201c&nbsp;<\/span><\/p>\n<p><span style=\"font-weight: 400;\">Der \u00a7 2 unserer Satzung regelt unseren Zweck, mit welcher Zielsetzung der Heimatverein Gahlen e.V. im Jahre 1950 gegr\u00fcndet worden ist, welche Aufgabe der Heimatverein in und f\u00fcr Gahlen zu verfolgen hat. Doch die Worte in der Satzung werden erst durch die Arbeit oder Unterst\u00fctzung der Mitglieder mit Leben gef\u00fcllt. Egal ob sich ein Mitglied aktiv in den Arbeitsgruppen des Vereins \u201ean der Front\u201c einbringt oder den Heimatverein mit seiner Mitgliedschaft unterst\u00fctzt und \u00fcber lange Jahre treu den R\u00fccken deckt.&nbsp;<\/span><\/p>\n<p><span style=\"font-weight: 400;\">Unsere Satzung sieht, um Dank und Anerkennung f\u00fcr den Kern des Vereins, seine Mitglieder, ausdr\u00fccken zu k\u00f6nnen, die Mitgliederehrungen vor. <\/span><\/p>\n<p><span style=\"font-weight: 400;\"><strong>Das goldene Ehrenabzeichen<\/strong> wird unseren Ehrenmitgliedern verliehen, also Mitgliedern, die sich in besonderem Ma\u00dfe um den Verein und seine Aufgaben verdient gemacht haben. <\/span><\/p>\n<p><span style=\"font-weight: 400;\"><strong>Das silberne Ehrenabzeichen<\/strong> erhalten Mitglieder in Anerkennung ihrer Treue f\u00fcr 25 Jahre ordentliche Mitgliedschaft in unserem Verein.&nbsp;<\/span><\/p>\n<p>&nbsp;<\/p>\n<h3><strong><i>Goldenes Ehrenabzeichen \u2013 Ehrenmitglieder:<\/i><\/strong><\/h3>\n<ul>\n<li style=\"font-weight: 400;\"><i><span style=\"font-weight: 400;\">Hans Heckermann, 16. April 2009<\/span><\/i><\/li>\n<li style=\"font-weight: 400;\"><i><span style=\"font-weight: 400;\">Gustav Ruloff, 16. April 2009<\/span><\/i><\/li>\n<li style=\"font-weight: 400;\"><i><span style=\"font-weight: 400;\">Erich Tebbe, 16. April 2009<\/span><\/i><\/li>\n<li style=\"font-weight: 400;\"><i><span style=\"font-weight: 400;\">Lore H\u00f6chst, 12. M\u00e4rz 2010<\/span><\/i><\/li>\n<li style=\"font-weight: 400;\"><i><span style=\"font-weight: 400;\">August Wischerhoff, 19. Juni 2010<\/span><\/i><\/li>\n<li style=\"font-weight: 400;\"><i><span style=\"font-weight: 400;\">Elsbeth Klein, 9. M\u00e4rz 2012<\/span><\/i><\/li>\n<li style=\"font-weight: 400;\"><i><span style=\"font-weight: 400;\">Manfred Franke, 9. M\u00e4rz 2012<\/span><\/i><\/li>\n<li style=\"font-weight: 400;\"><i><span style=\"font-weight: 400;\">Gerhard Becks, 8. M\u00e4rz 2013<\/span><\/i><\/li>\n<li style=\"font-weight: 400;\"><i><span style=\"font-weight: 400;\">Rainer Zeppen, 8. M\u00e4rz 2013<\/span><\/i><\/li>\n<li style=\"font-weight: 400;\"><i><span style=\"font-weight: 400;\">Siegfried Biedermann, 14. M\u00e4rz 2014<\/span><\/i><\/li>\n<li style=\"font-weight: 400;\"><i><span style=\"font-weight: 400;\">Wolfgang J\u00f6rgens, 14. M\u00e4rz 2014<\/span><\/i><\/li>\n<li style=\"font-weight: 400;\"><i><span style=\"font-weight: 400;\">Hermann Heiligenpahl, 13. M\u00e4rz 2015<\/span><\/i><\/li>\n<li style=\"font-weight: 400;\"><i><span style=\"font-weight: 400;\">Herbert G\u00fclker, 13. M\u00e4rz 2015<\/span><\/i><\/li>\n<li style=\"font-weight: 400;\"><i><span style=\"font-weight: 400;\">Hilde Benninghoven, 11. M\u00e4rz 2016<\/span><\/i><\/li>\n<li style=\"font-weight: 400;\"><i><span style=\"font-weight: 400;\">Marianne Roth, 11. M\u00e4rz 2016<\/span><\/i><\/li>\n<li style=\"font-weight: 400;\"><i><span style=\"font-weight: 400;\">Waldtraut Biedermann, 10. M\u00e4rz 2017<\/span><\/i><\/li>\n<li style=\"font-weight: 400;\"><i><span style=\"font-weight: 400;\">Walter Nuyken, 9. M\u00e4rz 2018<\/span><\/i><\/li>\n<li style=\"font-weight: 400;\"><i><span style=\"font-weight: 400;\">Helmut Scheffler, 9. M\u00e4rz 2018<\/span><\/i><\/li>\n<li style=\"font-weight: 400;\"><i><span style=\"font-weight: 400;\">Anneliese Kammer, 8. M\u00e4rz 2019<\/span><\/i><\/li>\n<li style=\"font-weight: 400;\"><em>Willi Hartwig, 13. August 2021<\/em><\/li>\n<li style=\"font-weight: 400;\"><em>Antonius Jansen, 13. August 2021<\/em><\/li>\n<li><em>Hilde Vengels<\/em>, <em>6. Mai 2022<\/em><\/li>\n<\/ul>\n<p>&nbsp;<\/p>\n<h3><strong><i>Silbernes Ehrenabzeichen \u2013 f\u00fcr 25-j\u00e4hrige Treue<\/i><\/strong><\/h3>\n<ul>\n<li style=\"font-weight: 400;\"><i><span style=\"font-weight: 400;\">G\u00fcnther Wolff, 2012<\/span><\/i><\/li>\n<li style=\"font-weight: 400;\"><i><span style=\"font-weight: 400;\">Werner Krahl, 2012<\/span><\/i><\/li>\n<li style=\"font-weight: 400;\"><i><span style=\"font-weight: 400;\">Ernst-Wilhelm Benninghoff, 2013<\/span><\/i><\/li>\n<li style=\"font-weight: 400;\"><i><span style=\"font-weight: 400;\">Bernd Grote-Schepers, 2013<\/span><\/i><\/li>\n<li style=\"font-weight: 400;\"><i><span style=\"font-weight: 400;\">Sophie Diederichs, 2013<\/span><\/i><\/li>\n<li style=\"font-weight: 400;\"><i><span style=\"font-weight: 400;\">Reiner Endemann, 2015<\/span><\/i><\/li>\n<li style=\"font-weight: 400;\"><i><span style=\"font-weight: 400;\">Erhard Borgards, 2015<\/span><\/i><\/li>\n<li style=\"font-weight: 400;\"><i><span style=\"font-weight: 400;\">Helmut Borgards, 2015<\/span><\/i><\/li>\n<li style=\"font-weight: 400;\"><i><span style=\"font-weight: 400;\">Walter Borgards, 2015<\/span><\/i><\/li>\n<li style=\"font-weight: 400;\"><i><span style=\"font-weight: 400;\">Bernfried Overbeck, 2015<\/span><\/i><\/li>\n<li style=\"font-weight: 400;\"><i><span style=\"font-weight: 400;\">Heinrich Born, 2015<\/span><\/i><\/li>\n<li style=\"font-weight: 400;\"><i><span style=\"font-weight: 400;\">Anneliese Rademacher, 2015<\/span><\/i><\/li>\n<li style=\"font-weight: 400;\"><i><span style=\"font-weight: 400;\">Wilhelm Tenberg, 2016<\/span><\/i><\/li>\n<li style=\"font-weight: 400;\"><i><span style=\"font-weight: 400;\">Karla Tenberg, 2016<\/span><\/i><\/li>\n<li style=\"font-weight: 400;\"><i><span style=\"font-weight: 400;\">Ursula Feldkamp, 2016<\/span><\/i><\/li>\n<li style=\"font-weight: 400;\"><i><span style=\"font-weight: 400;\">Willi Fengels, 2016<\/span><\/i><\/li>\n<li style=\"font-weight: 400;\"><i><span style=\"font-weight: 400;\">Heinz-Wilhelm Horstkamp, 2016<\/span><\/i><\/li>\n<li style=\"font-weight: 400;\"><i><span style=\"font-weight: 400;\">Dieter K\u00fchntoph, 2017<\/span><\/i><\/li>\n<li style=\"font-weight: 400;\"><i><span style=\"font-weight: 400;\">Ursula Gro\u00dfe-Frintrop, 2017<\/span><\/i><\/li>\n<li style=\"font-weight: 400;\"><i><span style=\"font-weight: 400;\">Lore H\u00f6chst, 2017<\/span><\/i><\/li>\n<li style=\"font-weight: 400;\"><i><span style=\"font-weight: 400;\">G\u00fcnter Sander, 2017<\/span><\/i><\/li>\n<li style=\"font-weight: 400;\"><i><span style=\"font-weight: 400;\">Irmtraud Lichtenberg-Schult, 2017<\/span><\/i><\/li>\n<li style=\"font-weight: 400;\"><i><span style=\"font-weight: 400;\">Renate Eschenr\u00f6der, 2017<\/span><\/i><\/li>\n<li style=\"font-weight: 400;\"><i><span style=\"font-weight: 400;\">Helga Sander, 2017<\/span><\/i><\/li>\n<li style=\"font-weight: 400;\"><i><span style=\"font-weight: 400;\">Albin Walbrodt, 2017<\/span><\/i><\/li>\n<li style=\"font-weight: 400;\"><i><span style=\"font-weight: 400;\">Hans-Werner Winck, 2017<\/span><\/i><\/li>\n<li style=\"font-weight: 400;\"><i><span style=\"font-weight: 400;\">Elvira Grefer, 2017<\/span><\/i><\/li>\n<li style=\"font-weight: 400;\"><i><span style=\"font-weight: 400;\">Erhard Kleinsteinberg, 2017<\/span><\/i><\/li>\n<li style=\"font-weight: 400;\"><i><span style=\"font-weight: 400;\">Veronika Keller, 2017<\/span><\/i><\/li>\n<li style=\"font-weight: 400;\"><i><span style=\"font-weight: 400;\">Ewald Rutert, 2017<\/span><\/i><\/li>\n<li style=\"font-weight: 400;\"><i><span style=\"font-weight: 400;\">Johanna Rademacher, 2017<\/span><\/i><\/li>\n<li style=\"font-weight: 400;\"><i><span style=\"font-weight: 400;\">Heinrich Endemann, 2017<\/span><\/i><\/li>\n<li style=\"font-weight: 400;\"><i><span style=\"font-weight: 400;\">Margret Hetkamp, 2017<\/span><\/i><\/li>\n<li style=\"font-weight: 400;\"><i><span style=\"font-weight: 400;\">Guste Heethey, 2017<\/span><\/i><\/li>\n<li style=\"font-weight: 400;\"><i><span style=\"font-weight: 400;\">Friedrich-Wilhelm Benninghoven, 2017<\/span><\/i><\/li>\n<li style=\"font-weight: 400;\"><i><span style=\"font-weight: 400;\">Wilhelm Hemmert-Pottmann, 2017<\/span><\/i><\/li>\n<li style=\"font-weight: 400;\"><i><span style=\"font-weight: 400;\">Hilde Benninghoven, 2017<\/span><\/i><\/li>\n<li style=\"font-weight: 400;\"><i><span style=\"font-weight: 400;\">Henriette Kleinespel, 2017<\/span><\/i><\/li>\n<li style=\"font-weight: 400;\"><i><span style=\"font-weight: 400;\">Heinz Marten, 2017<\/span><\/i><\/li>\n<li style=\"font-weight: 400;\"><i><span style=\"font-weight: 400;\">Eleonore Bauer, 2017<\/span><\/i><\/li>\n<li style=\"font-weight: 400;\"><i><span style=\"font-weight: 400;\">Willi K\u00f6lbl, 2017<\/span><\/i><\/li>\n<li style=\"font-weight: 400;\"><i><span style=\"font-weight: 400;\">J\u00fcrgen H\u00f6chst, 2017<\/span><\/i><\/li>\n<li style=\"font-weight: 400;\"><i><span style=\"font-weight: 400;\">Reiner Beckmann, 2017<\/span><\/i><\/li>\n<li style=\"font-weight: 400;\"><i><span style=\"font-weight: 400;\">Rolf Heckermann, 2017<\/span><\/i><\/li>\n<li style=\"font-weight: 400;\"><i><span style=\"font-weight: 400;\">Walter Nuyken, 2017<\/span><\/i><\/li>\n<li style=\"font-weight: 400;\"><i><span style=\"font-weight: 400;\">Horst Sgodda, 2017<\/span><\/i><\/li>\n<li style=\"font-weight: 400;\"><i><span style=\"font-weight: 400;\">Wilhelm Steinkamp, 2017<\/span><\/i><\/li>\n<li style=\"font-weight: 400;\"><i><span style=\"font-weight: 400;\">Dieter Overhageb\u00f6ck, 2018<\/span><\/i><\/li>\n<li style=\"font-weight: 400;\"><i><span style=\"font-weight: 400;\">Elisabeth Dickmann, 2018<\/span><\/i><\/li>\n<li style=\"font-weight: 400;\"><i><span style=\"font-weight: 400;\">Manfred Franke, 2018<\/span><\/i><\/li>\n<li style=\"font-weight: 400;\"><i><span style=\"font-weight: 400;\">Gisela Sch\u00f6nlau, 2018<\/span><\/i><\/li>\n<li style=\"font-weight: 400;\"><i><span style=\"font-weight: 400;\">Helmut Mettler, 2018<\/span><\/i><\/li>\n<li style=\"font-weight: 400;\"><i><span style=\"font-weight: 400;\">Annette Mettler, 2018<\/span><\/i><\/li>\n<li style=\"font-weight: 400;\"><i><span style=\"font-weight: 400;\">Frank Abelt, 2018<\/span><\/i><\/li>\n<li style=\"font-weight: 400;\"><i><span style=\"font-weight: 400;\">Erwin Sander, 2019<\/span><\/i><\/li>\n<li style=\"font-weight: 400;\"><i><span style=\"font-weight: 400;\">B\u00e4rbel Schwilden, 2019<\/span><\/i><\/li>\n<li style=\"font-weight: 400;\"><i><span style=\"font-weight: 400;\">Edith K\u00fchne, 2019<\/span><\/i><\/li>\n<li style=\"font-weight: 400;\"><i><span style=\"font-weight: 400;\">Elke Tenter, 2021<\/span><\/i><\/li>\n<li style=\"font-weight: 400;\"><i><span style=\"font-weight: 400;\">Lothar Huld, 2021<\/span><\/i><\/li>\n<li><i><span style=\"font-weight: 400;\">Helmut Scheffler, 2021<\/span><\/i><\/li>\n<li><i><span style=\"font-weight: 400;\">J\u00fcrgen Henkel, 2021<\/span><\/i><\/li>\n<li><i><span style=\"font-weight: 400;\">Wolfgang Jeremies, 2021<\/span><\/i><\/li>\n<li><i><span style=\"font-weight: 400;\">Anita Boveland, 2021<\/span><\/i><\/li>\n<li><i><span style=\"font-weight: 400;\">Burkhard Holl, 2021<\/span><\/i><\/li>\n<li><i><span style=\"font-weight: 400;\">Waltraud Dietemann, 2021<\/span><\/i><\/li>\n<li><i><span style=\"font-weight: 400;\">Koek Boek-Go, 2021<\/span><\/i><\/li>\n<li><i><span style=\"font-weight: 400;\">Heike Drescher, 2021<\/span><\/i><\/li>\n<li><i><span style=\"font-weight: 400;\">J\u00f6rg Drescher, 2021<\/span><\/i><\/li>\n<li><i><span style=\"font-weight: 400;\">Heinz Rademacher, 2021<\/span><\/i><\/li>\n<li><i>Klaus Nuyken, 2021<\/i><\/li>\n<li><i><span style=\"font-weight: 400;\">Georg Horstmann-Strauch, 2021<\/span><\/i><\/li>\n<li>\n<div><em>Rainer Horstmann<\/em><\/div>\n<\/li>\n<li>\n<div><em>Helmi Bomm<\/em><\/div>\n<\/li>\n<li>\n<div><em>Tobias Mai<\/em><\/div>\n<\/li>\n<li>\n<div><em>Helga Gro\u00dfblotekamp<\/em><\/div>\n<\/li>\n<li>\n<div><em>Iris Vogel<\/em>, jeweils 2022<\/div>\n<div>&nbsp;<\/div>\n<\/li>\n<li style=\"list-style-type: none;\">&nbsp;<\/li>\n<\/ul>\n","protected":false},"excerpt":{"rendered":"<p>Ehrungen unserer Mitglieder (Stand: 15.09.2022): \u201eZweck unseres Vereins ist es, das Brauchtum, die Mundart und die heimische Kultur zu pflegen und zu f\u00f6rdern, die Heimatgeschichte Gahlens zu erforschen und sich f\u00fcr den Umwelt-, Landschafts- und Denkmalschutz in Gahlen einzusetzen.\u201c&nbsp; Der \u00a7 2 unserer Satzung regelt unseren Zweck, mit welcher Zielsetzung der Heimatverein Gahlen e.V. im [&hellip;]<\/p>\n","protected":false},"author":1,"featured_media":0,"parent":0,"menu_order":0,"comment_status":"closed","ping_status":"open","template":"","meta":{"ngg_post_thumbnail":0},"_links":{"self":[{"href":"https:\/\/www.heimatverein-gahlen.de\/heimatverein\/index.php?rest_route=\/wp\/v2\/pages\/2070"}],"collection":[{"href":"https:\/\/www.heimatverein-gahlen.de\/heimatverein\/index.php?rest_route=\/wp\/v2\/pages"}],"about":[{"href":"https:\/\/www.heimatverein-gahlen.de\/heimatverein\/index.php?rest_route=\/wp\/v2\/types\/page"}],"author":[{"embeddable":true,"href":"https:\/\/www.heimatverein-gahlen.de\/heimatverein\/index.php?rest_route=\/wp\/v2\/users\/1"}],"replies":[{"embeddable":true,"href":"https:\/\/www.heimatverein-gahlen.de\/heimatverein\/index.php?rest_route=%2Fwp%2Fv2%2Fcomments&post=2070"}],"version-history":[{"count":3,"href":"https:\/\/www.heimatverein-gahlen.de\/heimatverein\/index.php?rest_route=\/wp\/v2\/pages\/2070\/revisions"}],"predecessor-version":[{"id":3220,"href":"https:\/\/www.heimatverein-gahlen.de\/heimatverein\/index.php?rest_route=\/wp\/v2\/pages\/2070\/revisions\/3220"}],"wp:attachment":[{"href":"https:\/\/www.heimatverein-gahlen.de\/heimatverein\/index.php?rest_route=%2Fwp%2Fv2%2Fmedia&parent=2070"}],"curies":[{"name":"wp","href":"https:\/\/api.w.org\/{rel}","templated":true}]}}