{"id":2291,"date":"2018-01-28T17:09:21","date_gmt":"2018-01-28T16:09:21","guid":{"rendered":"http:\/\/www.heimatverein-gahlen.de\/heimatverein\/?page_id=2291"},"modified":"2018-02-06T19:01:42","modified_gmt":"2018-02-06T18:01:42","slug":"ag-volierenpflege","status":"publish","type":"page","link":"https:\/\/www.heimatverein-gahlen.de\/heimatverein\/?page_id=2291","title":{"rendered":"AG VolierenPflege"},"content":{"rendered":"<p style=\"text-align: center;\"><span style=\"font-size: medium;\"><b>AG \u201eVolierenPflege\u201c<\/b><\/span><\/p>\n<p>Der AG \u201eVolierenPflege\u201c des Vereins geh\u00f6ren derzeit folgende Mitglieder an:<\/p>\n<p><b>Beate Siedenbiedel,<br \/>\nKira Siedenbiedel,<br \/>\nAndre Willmann,<br \/>\nWilfried Amerkamp,<br \/>\nUschi M\u00f6nninghoff.<\/b><\/p>\n<p>Seit 2011 best\u00fcckt das \u201eSchermbecker Vogelnest\u201c die Voliere am M\u00fchlenteich je nach Witterung von April bis Oktober mit einer bunten Auswahl an Zierv\u00f6geln. Die Pflege und t\u00e4gliche Reinigung der Voliere sowie des Umfeldes hat sich diese Arbeitsgruppe angenommen.<\/p>\n<p>F\u00fcr die Besucher und Wanderer ist sind die singende und zwitschernden Wegkameraden ein faszinierendes Schauspiel! Speziell daf\u00fcr hat die Bank AG direkt vor der Voliere eine Sitzbank errichtet, wo der Besucher eine kleine Pause machen kann und sich von dem Schauspiel in der Voliere vom Tagesgeschehen ablenken lassen kann.<\/p>\n<p>&nbsp;<\/p>\n<p><a href=\"http:\/\/www.heimatverein-gahlen.de\/heimatverein\/wp-content\/uploads\/02.04.2016-118b.jpg\"><img loading=\"lazy\" class=\"aligncenter size-full wp-image-2290\" alt=\"02.04.2016 118b\" src=\"http:\/\/www.heimatverein-gahlen.de\/heimatverein\/wp-content\/uploads\/02.04.2016-118b.jpg\" width=\"447\" height=\"337\" srcset=\"https:\/\/www.heimatverein-gahlen.de\/heimatverein\/wp-content\/uploads\/02.04.2016-118b.jpg 447w, https:\/\/www.heimatverein-gahlen.de\/heimatverein\/wp-content\/uploads\/02.04.2016-118b-300x226.jpg 300w\" sizes=\"(max-width: 447px) 100vw, 447px\" \/><\/a><\/p>\n<p><a href=\"http:\/\/www.heimatverein-gahlen.de\/heimatverein\/wp-content\/uploads\/02.04.2016-114b.jpg\"><img loading=\"lazy\" class=\"aligncenter size-full wp-image-2289\" alt=\"02.04.2016 114b\" src=\"http:\/\/www.heimatverein-gahlen.de\/heimatverein\/wp-content\/uploads\/02.04.2016-114b.jpg\" width=\"680\" height=\"737\" srcset=\"https:\/\/www.heimatverein-gahlen.de\/heimatverein\/wp-content\/uploads\/02.04.2016-114b.jpg 680w, https:\/\/www.heimatverein-gahlen.de\/heimatverein\/wp-content\/uploads\/02.04.2016-114b-276x300.jpg 276w\" sizes=\"(max-width: 680px) 100vw, 680px\" \/><\/a><\/p>\n<p><a href=\"http:\/\/www.heimatverein-gahlen.de\/heimatverein\/wp-content\/uploads\/02.04.2016-093b.jpg\"><img loading=\"lazy\" class=\"aligncenter size-full wp-image-2288\" alt=\"02.04.2016 093b\" src=\"http:\/\/www.heimatverein-gahlen.de\/heimatverein\/wp-content\/uploads\/02.04.2016-093b.jpg\" width=\"650\" height=\"439\" \/><\/a><\/p>\n","protected":false},"excerpt":{"rendered":"<p>AG \u201eVolierenPflege\u201c Der AG \u201eVolierenPflege\u201c des Vereins geh\u00f6ren derzeit folgende Mitglieder an: Beate Siedenbiedel, Kira Siedenbiedel, Andre Willmann, Wilfried Amerkamp, Uschi M\u00f6nninghoff. Seit 2011 best\u00fcckt das \u201eSchermbecker Vogelnest\u201c die Voliere am M\u00fchlenteich je nach Witterung von April bis Oktober mit einer bunten Auswahl an Zierv\u00f6geln. Die Pflege und t\u00e4gliche Reinigung der Voliere sowie des Umfeldes [&hellip;]<\/p>\n","protected":false},"author":1,"featured_media":0,"parent":0,"menu_order":0,"comment_status":"closed","ping_status":"open","template":"","meta":{"ngg_post_thumbnail":0},"_links":{"self":[{"href":"https:\/\/www.heimatverein-gahlen.de\/heimatverein\/index.php?rest_route=\/wp\/v2\/pages\/2291"}],"collection":[{"href":"https:\/\/www.heimatverein-gahlen.de\/heimatverein\/index.php?rest_route=\/wp\/v2\/pages"}],"about":[{"href":"https:\/\/www.heimatverein-gahlen.de\/heimatverein\/index.php?rest_route=\/wp\/v2\/types\/page"}],"author":[{"embeddable":true,"href":"https:\/\/www.heimatverein-gahlen.de\/heimatverein\/index.php?rest_route=\/wp\/v2\/users\/1"}],"replies":[{"embeddable":true,"href":"https:\/\/www.heimatverein-gahlen.de\/heimatverein\/index.php?rest_route=%2Fwp%2Fv2%2Fcomments&post=2291"}],"version-history":[{"count":0,"href":"https:\/\/www.heimatverein-gahlen.de\/heimatverein\/index.php?rest_route=\/wp\/v2\/pages\/2291\/revisions"}],"wp:attachment":[{"href":"https:\/\/www.heimatverein-gahlen.de\/heimatverein\/index.php?rest_route=%2Fwp%2Fv2%2Fmedia&parent=2291"}],"curies":[{"name":"wp","href":"https:\/\/api.w.org\/{rel}","templated":true}]}}