{"id":2343,"date":"2018-07-30T20:10:12","date_gmt":"2018-07-30T19:10:12","guid":{"rendered":"http:\/\/www.heimatverein-gahlen.de\/heimatverein\/?page_id=2343"},"modified":"2020-07-31T09:21:41","modified_gmt":"2020-07-31T08:21:41","slug":"datenschutzerklarung","status":"publish","type":"page","link":"https:\/\/www.heimatverein-gahlen.de\/heimatverein\/?page_id=2343","title":{"rendered":"Datenschutzerkl\u00e4rung"},"content":{"rendered":"<h1 style=\"text-align: center;\">Datenschutzerkl\u00e4rung<\/h1>\n<p>Im Folgenden informieren wir \u00fcber die Erhebung und Verarbeitung personenbezogener Daten bei Nutzung unserer Website www.heimatverein-gahlen.de. Personenbezogene Daten sind alle Daten, die auf Sie pers\u00f6nlich beziehbar sind, z. B. Name, Adresse, E-Mail-Adressen und das Nutzerverhalten (siehe Art. 4 Nr. 1 DSGVO).<\/p>\n<p>&nbsp;<\/p>\n<h2><strong>1. Name und Kontaktdaten des f\u00fcr die Verarbeitung Verantwortlichen<\/strong><\/h2>\n<p align=\"left\">Diese Datenschutzhinweise gelten f\u00fcr die Datenverarbeitung durch folgenden Verantwortlichen:<\/p>\n<p align=\"left\">Heimatverein Gahlen e.V.<br \/>\nBruchstra\u00dfe 72, 46514 Schermbeck,<br \/>\nvertreten durch den Vorstandsvorsitzenden J\u00fcrgen H\u00f6chst<\/p>\n<p align=\"left\">Telefon: 0178\/3503525<br \/>\nE-Mail: <a href=\"mailto:heimatverein.gahlen@web.de\">heimatverein.gahlen@web.de<\/a><\/p>\n<p align=\"left\">VR 5736 &#8211; Amtsgericht Duisburg<\/p>\n<p align=\"left\"><strong>(Stand: Juli 2018)<\/strong><\/p>\n<h2 align=\"left\"><strong>2. Verarbeitung personenbezogener Daten \/ Rechtsgrundlagen \/ Speicherdauer<\/strong><\/h2>\n<p align=\"left\"><strong>a) Beim Besuch der Website<\/strong><br \/>\nBeim Aufrufen unserer Website www.heimatverein-gahlen.de werden durch den auf Ihrem Endger\u00e4t zum Einsatz kommenden Browser automatisch Informationen an den Server unserer Website gesendet. Diese Informationen werden tempor\u00e4r in einem sog. Logfile gespeichert. Folgende Informationen werden dabei ohne Ihr Zutun erfasst und bis zur automatisierten L\u00f6schung gespeichert:<\/p>\n<ul>\n<li>IP-Adresse des anfragenden Rechners,<\/li>\n<li>Datum und Uhrzeit des Zugriffs,<\/li>\n<li>Zeitzonendifferenz zur Greenwich Mean Time (GTM)<\/li>\n<li>Name und URL der abgerufenen Datei (konkret abgerufene Seite),<\/li>\n<li>Website, von der aus der Zugriff erfolgt (Referrer-URL),<\/li>\n<li>Zugriffsstatus\/http-Statuscode<\/li>\n<li>verwendeter Browser (auch Sprache und Version der Browsersoftware) und ggf. das Betriebssystem Ihres Rechners und dessen Oberfl\u00e4che sowie der Name Ihres Access-Providers<\/li>\n<li>jeweils \u00fcbertragene Datenmenge<\/li>\n<\/ul>\n<p align=\"left\">Die genannten Daten werden durch uns zu folgenden Zwecken verarbeitet:<\/p>\n<ul>\n<li>Gew\u00e4hrleistung eines reibungslosen Verbindungsaufbaus der Website,<\/li>\n<li>Gew\u00e4hrleistung einer komfortablen Nutzung unserer Website,<\/li>\n<li>Auswertung der Systemsicherheit und -stabilit\u00e4t sowie<\/li>\n<li>zu weiteren administrativen Zwecken.<\/li>\n<\/ul>\n<p>&nbsp;<\/p>\n<p><strong>b) Allgemeine Kontaktaufnahme\u00a0 \u00a0\u00a0<\/strong><br \/>\nWir bieten Ihnen \u00fcber unsere Seite die M\u00f6glichkeit, mit uns, dem Vorstand, per E-Mail in Verbindung zu treten. Wenn Sie dieses Angebot nutzen, werden Ihre dort gemachten Angaben zwecks Bearbeitung der Anfrage und f\u00fcr den Fall von Anschlussfragen bei uns gespeichert. Diese Datenverarbeitung erfolgt auf der Rechtsgrundlage des Art. 6 Abs. 1 lit. b) zur vorvertraglichen und\/oder vertraglichen Bearbeitung der Anfragen sowie jedenfalls auch \u00fcber Art. 6 Abs. 1 lit. f) DSGVO \u00fcber ein berechtigtes Interesse an der Bearbeitung der Anfrage und der evtl. Begr\u00fcndung und\/oder Pflege einer Kundenbeziehung.<br \/>\nDie von Ihnen zur Verf\u00fcgung gestellten personenbezogenen Daten werden vertraulich behandelt und nur zu dem Zweck verwendet, f\u00fcr den Sie uns diese Daten \u00fcberlassen haben bzw. f\u00fcr deren Nutzung und Weitergabe Sie uns Ihr Einverst\u00e4ndnis gegeben haben.<\/p>\n<p>Die zur Beantwortung Ihrer Anfrage oder zur Begr\u00fcndung und Durchf\u00fchrung eines Vertragsverh\u00e4ltnisses erhobenen personenbezogenen Daten werden bis vollst\u00e4ndigen Abwicklung der Anfrage bzw. bis zur Erf\u00fcllung des Vertrages gespeichert und danach gel\u00f6scht, es sei denn, dass wir nach Artikel 6 Abs. 1 S. 1 lit. c DSGVO aufgrund von steuer- und handelsrechtlichen Aufbewahrungs- und Dokumentationspflichten (aus HGB, StGB oder AO) zu einer l\u00e4ngeren Speicherung verpflichtet sind oder Sie in eine dar\u00fcberhinausgehende Speicherung nach Art. 6 Abs. 1 S. 1 lit. a DSGVO eingewilligt haben. Daten, welche auf Grund von Art. 6 Abs. 1 lit f. DSGVO zur Kundenbindung verarbeitet werden, werden bis zum Wegfall des berechtigten Interesses verarbeitet und danach gel\u00f6scht, sp\u00e4testens mit der Erkl\u00e4rung eines Widerspruchs gegen die Datenverarbeitung durch Sie. Gesetzliche Aufbewahrungspflichten werden auch mit Blick auf diese Daten gewahrt.<\/p>\n<p>&nbsp;<\/p>\n<h2 align=\"left\"><strong>3. Weitergabe von Daten<\/strong><\/h2>\n<p align=\"left\">Eine \u00dcbermittlung Ihrer pers\u00f6nlichen Daten an Dritte zu anderen als den im Folgenden aufgef\u00fchrten Zwecken findet nicht statt.<\/p>\n<p align=\"left\">Wir geben Ihre pers\u00f6nlichen Daten nur an Dritte weiter, wenn:<\/p>\n<ul>\n<li>Sie Ihre nach Art. 6 Abs. 1 S. 1 lit. a DSGVO ausdr\u00fcckliche Einwilligung dazu erteilt haben,<\/li>\n<li>dies gesetzlich zul\u00e4ssig und nach Art. 6 Abs. 1 S. 1 lit. b DSGVO f\u00fcr die Abwicklung von Vertragsverh\u00e4ltnissen mit Ihnen erforderlich ist.<\/li>\n<li>f\u00fcr den Fall, dass f\u00fcr die Weitergabe nach Art. 6 Abs. 1 S. 1 lit. c DSGVO eine gesetzliche Verpflichtung besteht, sowie<\/li>\n<li>die Weitergabe nach Art. 6 Abs. 1 S. 1 lit. f DSGVO zur Geltendmachung, Aus\u00fcbung oder Verteidigung von Rechtsanspr\u00fcchen erforderlich ist und kein Grund zur Annahme besteht, dass Sie ein \u00fcberwiegendes schutzw\u00fcrdiges Interesse an der Nichtweitergabe Ihrer Daten haben.<\/li>\n<\/ul>\n<p>Soweit wir uns zur Verarbeitung Ihrer Daten externer Dienstleister bedienen und diese Zugriff auf Ihre personenbezogene Daten erhalten (wie z.B. unser IT-Dienstleister, Kopier- und\/oder Lettershops), haben wir diese sorgf\u00e4ltig ausgew\u00e4hlt und beauftragt, sie sind an unsere Weisungen gebunden, werden regelm\u00e4\u00dfig kontrolliert und m\u00fcssen ebenso wie wir \u00fcber eigene technische und organisatorische Ma\u00dfnahmen daf\u00fcr Sorge tragen, dass Ihre Daten im Einklang mit Ihren Grundrechten und Freiheiten verarbeitet werden.<\/p>\n<p align=\"left\"><strong>\u00a0<\/strong><\/p>\n<h2 align=\"left\"><strong>4. Datenverarbeitung bei der Nutzung sonstiger Tools externer Anbieter<\/strong><\/h2>\n<p align=\"left\">Es kann vorkommen, dass innerhalb unseres Onlineangebotes Inhalte oder Dienste von Dritt-Anbietern, wie zum Links zu Videos auf Youtube, eingebunden werden.<br \/>\nDie Einbindung von Inhalten der Dritt-Anbieter setzt immer voraus, dass die Dritt-Anbieter die IP-Adresse der Nutzer wahrnehmen, da sie ohne die IP-Adresse die Inhalte nicht an den Browser der Nutzer senden k\u00f6nnten. Die IP-Adresse ist damit f\u00fcr die Darstellung dieser Inhalte erforderlich. Des Weiteren k\u00f6nnen die Anbieter der Dritt-Inhalte eigene Cookies setzen und die Daten der Nutzer f\u00fcr eigene Zwecke verarbeiten. Dabei k\u00f6nnen aus den verarbeiteten Daten Nutzungsprofile der Nutzer erstellt werden. Wir werden diese Inhalte m\u00f6glichst datensparsam und datenvermeidend einsetzen sowie im Hinblick auf die Datensicherheit zuverl\u00e4ssige Dritt-Anbieter w\u00e4hlen.<\/p>\n<p align=\"left\"><strong>Verwendung von YouTube Plugins (Videos)<\/strong><\/p>\n<p>Auf unserer Webseite nutzen wir zudem eingebundene Inhalte (Plugins \/ Videos) der von Google betriebenen Seite YouTube. Betreiber der Seiten ist die YouTube, LLC, 901 Cherry Ave., San Bruno, CA 94066, USA.<br \/>\nWenn Sie eine unserer mit einem YouTube-Plugin ausgestatteten Seiten (z.B. das Video zum Tennenfest 2018 auf der\u00a0 Unterseite \u201eVideos)\u201c besuchen, wird eine Verbindung zu den Servern von YouTube hergestellt. Dabei wird dem YouTube-Server mitgeteilt, welche unserer Seiten Sie besucht haben.<br \/>\nWenn Sie in Ihrem YouTube-Account eingeloggt sind, erm\u00f6glichen Sie YouTube, Ihr Surfverhalten direkt Ihrem pers\u00f6nlichen Profil zuzuordnen. Dies k\u00f6nnen Sie verhindern, indem Sie sich aus Ihrem YouTube-Account ausloggen.<br \/>\nDie Nutzung von YouTube erfolgt im Interesse einer ansprechenden Darstellung unserer Online-Angebote. Dies stellt ein berechtigtes Interesse im Sinne von Art. 6 Abs. 1 lit. f DSGVO dar.<br \/>\nWeitere Informationen zum Umgang mit Nutzerdaten finden Sie in der Datenschutzerkl\u00e4rung von YouTube unter:\u00a0<a href=\"https:\/\/www.google.de\/intl\/de\/policies\/privacy\" target=\"_blank\">https:\/\/www.google.de\/intl\/de\/policies\/privacy<\/a>.<\/p>\n<p>&nbsp;<\/p>\n<p><strong>Verwendung von Facebook Social Plugins<\/strong><\/p>\n<p>Wir verwenden auf unseren Webseiten Social Plugins (\u201ePlugins\u201c) des sozialen Netzwerks facebook.com, welches von der Facebook Inc. 1601 S. California Ave, Palo Alto, CA 94304, USA (\u201eFacebook\u201c) betrieben wird.<\/p>\n<p>Die Plugins sind mit dem Facebook-Logo gekennzeichnet. Ein Plugin ist ein Computerprogramm, das in ein anderes Softwareprodukt, z.B. Ihrem Browser, integriert wird und damit dessen Funktionalit\u00e4t erweitert. Der \u201eGef\u00e4llt- mir\u201c-Button, den Sie auf unseren Webseiten finden, ist ein solches Plugin. Sollten Sie eine Webseite mit einem solchen Plugin aufrufen, wird von Ihrem Browser eine Verbindung zu Facebook-Servern hergestellt. Erst durch diese Verbindung wird die Funktionalit\u00e4t des Plugins direkt an Ihren Browser \u00fcbermittelt und auf unserer Webseite dargestellt. Durch die Plugins erh\u00e4lt Facebook von Ihrem Browser die Information, dass Sie unsere Webseite besucht haben. Sollten Sie w\u00e4hrend des Besuchs unserer Webseite bei Facebook eingeloggt sein, kann Facebook Sie zudem Ihrer Facebook-Identit\u00e4t zuordnen. Wenn Sie die Plugins bet\u00e4tigen, oder einen Kommentar abgeben, werden diese Informationen ebenfalls von Ihrem Browser direkt an Facebook \u00fcbermittelt und dort gespeichert. Weitere Daten\u00fcbermittlungen sind uns nicht bekannt. Wir erhalten keine Kenntnis von den \u00fcbermittelten Daten. Wenn Sie die direkte \u00dcbertragung Ihrer Daten vermeiden wollen, empfehlen wir Ihnen, unsere Seiten nur dann zu besuchen, wenn Sie bei Facebook ausgeloggt sind. Sie haben auch die M\u00f6glichkeit Ihren Browser vor Plugins zu sch\u00fctzen, indem Sie Add-Ons installieren, die die Integration von Plugins verhindern. Umfassende Informationen zur Erhebung, Speicherung und Nutzung Ihrer Daten durch Facebook, zur diesbez\u00fcglichen Aus\u00fcbung Ihrer Rechte und zum Schutz Ihrer Privatsph\u00e4re finden Sie derzeit in den Facebook-Datenschutzrichtlinien\u00a0<a title=\"Datenschutzrichtlinie Facebook\" href=\"http:\/\/de-de.facebook.com\/policy.php\" target=\"_blank\">http:\/\/de-de.facebook.com\/policy.php<\/a>\u00a0und dem Leitfaden zur Privatsph\u00e4re\u00a0<a title=\"Leitfaden Privatsph\u00e4re bei Facebook\" href=\"http:\/\/de-de.facebook.com\/privacy\/explanation.php\" target=\"_blank\">http:\/\/de-de.facebook.com\/privacy\/explanation.php.\u00a0<\/a><\/p>\n<p>&nbsp;<\/p>\n<p><strong>Verwendung von Wetter24.de Plugins<\/strong><\/p>\n<p>Auf unserer Webseite nutzen wir zudem eingebundene Inhalte (Plugins) der von der MeteoGroup Deutschland\u00a0GmbH (die \u201e<b>MeteoGroup<\/b>\u201c) betriebenen Seite Wetter24. Betreiber der Seiten\u00a0 ist\u00a0\u00a0die MeteoGroup Deutschland\u00a0GmbH (die \u201e<b>MeteoGroup<\/b>\u201c), Am\u00a0Studio\u00a020a in 12489\u00a0Berlin, Deutschland, eingetragen beim Amtsgericht Berlin (Charlottenburg) unter der Registernummer HRB\u00a067822.<\/p>\n<p>Die f\u00fcr die Internetseite www.meteogroup.com\u00a0zust\u00e4ndige Stelle ist die MeteoGroup Limited (ein in Gro\u00dfbritannien unter der Firmennummer\u00a02665051 eingetragenes Unternehmen) mit Gesch\u00e4ftssitz in\u00a0292\u00a0Vauxhall Bridge Road, London, SW1V\u00a01AE, Gro\u00dfbritannien.<\/p>\n<p>Wenn Sie auf das Plugin mit dem Wetter in Schermbeck auf der Startseite unten links klicken, wird eine Verbindung zu den Servern der MeteoGroup hergestellt.\u00a0\u00a0Die Nutzung des Angebots erfolgt im Interesse einer ansprechenden Darstellung unserer Online-Angebote. Dies stellt ein berechtigtes Interesse im Sinne von Art. 6 Abs. 1 lit. f DSGVO dar.<\/p>\n<p>Weitere Informationen zum Umgang mit Nutzerdaten finden Sie in der Datenschutzerkl\u00e4rung von Wetter24 unter:<a href=\"http:\/\/www.wetter24.de\/datenschutz\/\"> http:\/\/www.wetter24.de\/datenschutz\/<\/a> .<\/p>\n<p>&nbsp;<\/p>\n<p><strong>Verwendung eines\u00a0Besucherz\u00e4hlers von besucherzaehler-kostenlos.de<\/strong><\/p>\n<p>Diese Webseite verwendet einen externen Z\u00e4hler, um die Anzahl der Webseitenaufrufe zu erfassen. Daf\u00fcr wird ein Java-Script von einer externe Webseite geladen. Der Server von &#8222;https:\/\/www.besucherzaehler-kostenlos.de&#8220; besucherzaehler-kostenlos.de speichert die IP-Adresse des Zugriffs \u00fcblicherweise anonymisiert und zeitlich begrenzt in einer LOG-Datei ab. Diese wird regelm\u00e4\u00dfig unwiderruflich gel\u00f6scht.<\/p>\n<p>Um die korrekte Funktionsweise des Z\u00e4hlers zu gew\u00e4hrleisten, speichert der Besucherz\u00e4hler zudem einen sogenannten Session-Cookie auf dem Computer des Besuchers ab. Dieser wird \u00fcblicherweise vom Browser gel\u00f6scht, sobald er geschlossen wird. In diesem Cookie werden keine pers\u00f6nlichen Informationen gespeichert. Er enth\u00e4lt lediglich die Information der aufgerufenen Domain, sowie einen boolschen Tag (true\/false), um den Besucher als bereits gez\u00e4hlt zu markieren.<\/p>\n<p>Es werden auch dar\u00fcberhinaus keine pers\u00f6nlichen oder personenbezogenen Daten vom Besucherz\u00e4hler erhoben. Eine Nachverfolgung oder Zuordnung der Zugriffe ist zu keiner Zeit m\u00f6glich.<\/p>\n<p>&nbsp;<\/p>\n<p><strong>Verweise auf fremde Internetseiten<\/strong><\/p>\n<p>Die Internetseiten des Heimatvereins Gahlen enthalten Verweise (sog. Hyperlinks) zu Internetseiten und -angeboten Dritter. Der Heimatverein Gahlen ist f\u00fcr die Datenschutzstrategien und den Inhalt dieser fremden Internetauftritte nicht verantwortlich.<\/p>\n<p>&nbsp;<\/p>\n<h2><strong>5. Betroffenenrechte<\/strong><\/h2>\n<p>Sie haben das Recht:<\/p>\n<ul>\n<li>gem\u00e4\u00df Art. 7 Abs. 3 DSGVO Ihre einmal erteilte Einwilligung jederzeit uns gegen\u00fcber zu widerrufen. Dies hat zur Folge, dass wir die Datenverarbeitung, die auf dieser Einwilligung beruhte, f\u00fcr die Zukunft nicht mehr fortf\u00fchren d\u00fcrfen;<\/li>\n<li>gem\u00e4\u00df Art. 15 DSGVO Auskunft dar\u00fcber zu verlangen, ob wir personenbezogen Daten verarbeiten, die sie betreffen. Ist dies der Fall, k\u00f6nnen Sie weitergehend insbesondere Auskunft \u00fcber die Verarbeitungszwecke, die Kategorie der personenbezogenen Daten, die Kategorien von Empf\u00e4ngern, gegen\u00fcber denen Ihre Daten offengelegt wurden oder werden, die geplante Speicherdauer, das Bestehen eines Rechts auf Berichtigung, L\u00f6schung, Einschr\u00e4nkung der Verarbeitung oder Widerspruch, das Bestehen eines Beschwerderechts, die Herkunft ihrer Daten, sofern diese nicht bei uns erhoben wurden, sowie \u00fcber das Bestehen einer automatisierten Entscheidungsfindung einschlie\u00dflich Profiling und ggf. aussagekr\u00e4ftigen Informationen zu deren Einzelheiten verlangen;<\/li>\n<li>gem\u00e4\u00df Art. 16 DSGVO unverz\u00fcglich die Berichtigung unrichtiger oder Vervollst\u00e4ndigung Ihrer bei uns gespeicherten personenbezogenen Daten zu verlangen;<\/li>\n<li>gem\u00e4\u00df Art. 17 DSGVO die L\u00f6schung Ihrer bei uns gespeicherten personenbezogenen Daten zu verlangen, soweit nicht die Verarbeitung zur Aus\u00fcbung des Rechts auf freie Meinungs\u00e4u\u00dferung und Information, zur Erf\u00fcllung einer rechtlichen Verpflichtung, aus Gr\u00fcnden des \u00f6ffentlichen Interesses oder zur Geltendmachung, Aus\u00fcbung oder Verteidigung von Rechtsanspr\u00fcchen erforderlich ist;<\/li>\n<li>gem\u00e4\u00df Art. 18 DSGVO die Einschr\u00e4nkung der Verarbeitung Ihrer personenbezogenen Daten zu verlangen, soweit die Richtigkeit der Daten von Ihnen bestritten wird, die Verarbeitung unrechtm\u00e4\u00dfig ist, Sie aber deren L\u00f6schung ablehnen und wir die Daten nicht mehr ben\u00f6tigen, Sie jedoch diese zur Geltendmachung, Aus\u00fcbung oder Verteidigung von Rechtsanspr\u00fcchen ben\u00f6tigen oder Sie gem\u00e4\u00df Art. 21 DSGVO Widerspruch gegen die Verarbeitung eingelegt haben;<\/li>\n<li>gem\u00e4\u00df Art. 20 DSGVO Ihre personenbezogenen Daten, die Sie uns bereitgestellt haben, in einem strukturierten, g\u00e4ngigen und maschinenlesebaren Format zu erhalten oder die \u00dcbermittlung an einen anderen Verantwortlichen zu verlangen und<\/li>\n<li>gem\u00e4\u00df Art. 77 DSGVO sich bei einer Aufsichtsbeh\u00f6rde zu beschweren. In der Regel k\u00f6nnen Sie sich hierf\u00fcr an die Aufsichtsbeh\u00f6rde Ihres \u00fcblichen Aufenthaltsortes oder Arbeitsplatzes oder unseres Firmensitzes wenden.<\/li>\n<\/ul>\n<h2 align=\"left\"><strong>6. Widerspruchsrecht<\/strong><\/h2>\n<p>Sofern Ihre personenbezogenen Daten auf Grundlage von berechtigten Interessen gem\u00e4\u00df Art. 6 Abs. 1 S. 1 lit. f DSGVO verarbeitet werden, haben Sie das Recht, gem\u00e4\u00df Art. 21 DSGVO Widerspruch gegen die Verarbeitung Ihrer personenbezogenen Daten einzulegen, soweit daf\u00fcr Gr\u00fcnde vorliegen, die sich aus Ihrer besonderen Situation ergeben.<\/p>\n<p>M\u00f6chten Sie von Ihrem Widerspruchsrecht Gebrauch machen, gen\u00fcgt eine E-Mail an\u00a0<a href=\"mailto:heimatverein.gahlen@web.de\">heimatverein.gahlen@web.de<\/a>\u00a0oder ein postalisches Schreiben an den unter Ziffer 1 genannten Verantwortlichen.<\/p>\n<p>&nbsp;<\/p>\n<h2 align=\"left\"><strong>7. Datensicherheit<\/strong><\/h2>\n<p>Wir bedienen uns im \u00dcbrigen geeigneter technischer und organisatorischer Sicherheitsma\u00dfnahmen, um Ihre Daten gegen zuf\u00e4llige oder vors\u00e4tzliche Manipulationen, teilweisen oder vollst\u00e4ndigen Verlust, Zerst\u00f6rung oder gegen den unbefugten Zugriff Dritter zu sch\u00fctzen. Unsere Sicherheitsma\u00dfnahmen werden entsprechend der technologischen Entwicklung fortlaufend verbessert.<\/p>\n<p>&nbsp;<\/p>\n<h2 align=\"left\"><strong>8. Aktualit\u00e4t und \u00c4nderung dieser Datenschutzerkl\u00e4rung<\/strong><\/h2>\n<p align=\"left\">Diese Datenschutzerkl\u00e4rung ist aktuell g\u00fcltig und hat den Stand Mai 2018. Durch die Weiterentwicklung unserer Website und Angebote dar\u00fcber oder aufgrund ge\u00e4nderter gesetzlicher beziehungsweise beh\u00f6rdlicher Vorgaben kann es notwendig werden, diese Datenschutzerkl\u00e4rung zu \u00e4ndern. Die jeweils aktuelle Datenschutzerkl\u00e4rung kann jederzeit auf der Website unter\u00a0<span style=\"text-decoration: underline;\">www.heimatverein-gahlen.de\/datenschutz<\/span>\u00a0von Ihnen abgerufen und ausgedruckt werden.<\/p>\n<p>&nbsp;<\/p>\n","protected":false},"excerpt":{"rendered":"<p>Datenschutzerkl\u00e4rung Im Folgenden informieren wir \u00fcber die Erhebung und Verarbeitung personenbezogener Daten bei Nutzung unserer Website www.heimatverein-gahlen.de. Personenbezogene Daten sind alle Daten, die auf Sie pers\u00f6nlich beziehbar sind, z. B. Name, Adresse, E-Mail-Adressen und das Nutzerverhalten (siehe Art. 4 Nr. 1 DSGVO). &nbsp; 1. Name und Kontaktdaten des f\u00fcr die Verarbeitung Verantwortlichen Diese Datenschutzhinweise gelten [&hellip;]<\/p>\n","protected":false},"author":1,"featured_media":0,"parent":0,"menu_order":0,"comment_status":"closed","ping_status":"open","template":"","meta":{"ngg_post_thumbnail":0},"_links":{"self":[{"href":"https:\/\/www.heimatverein-gahlen.de\/heimatverein\/index.php?rest_route=\/wp\/v2\/pages\/2343"}],"collection":[{"href":"https:\/\/www.heimatverein-gahlen.de\/heimatverein\/index.php?rest_route=\/wp\/v2\/pages"}],"about":[{"href":"https:\/\/www.heimatverein-gahlen.de\/heimatverein\/index.php?rest_route=\/wp\/v2\/types\/page"}],"author":[{"embeddable":true,"href":"https:\/\/www.heimatverein-gahlen.de\/heimatverein\/index.php?rest_route=\/wp\/v2\/users\/1"}],"replies":[{"embeddable":true,"href":"https:\/\/www.heimatverein-gahlen.de\/heimatverein\/index.php?rest_route=%2Fwp%2Fv2%2Fcomments&post=2343"}],"version-history":[{"count":0,"href":"https:\/\/www.heimatverein-gahlen.de\/heimatverein\/index.php?rest_route=\/wp\/v2\/pages\/2343\/revisions"}],"wp:attachment":[{"href":"https:\/\/www.heimatverein-gahlen.de\/heimatverein\/index.php?rest_route=%2Fwp%2Fv2%2Fmedia&parent=2343"}],"curies":[{"name":"wp","href":"https:\/\/api.w.org\/{rel}","templated":true}]}}