{"id":255,"date":"2009-12-08T14:49:56","date_gmt":"2009-12-08T13:49:56","guid":{"rendered":"http:\/\/www.heimatverein-gahlen.de\/heimatverein\/?page_id=255"},"modified":"2016-02-10T16:07:09","modified_gmt":"2016-02-10T15:07:09","slug":"allgemeine-informationen","status":"publish","type":"page","link":"https:\/\/www.heimatverein-gahlen.de\/heimatverein\/?page_id=255","title":{"rendered":"Statistik"},"content":{"rendered":"<h2 style=\"text-align: center;\"><span style=\"font-size: large;\"><strong>Statistik<\/strong><\/span><\/h2>\n<p><span style=\"font-size: xx-small;\">Angaben entnommen aus: <a href=\"https:\/\/www.it.nrw.de\/kommunalprofil\/l05170036.pdf\" target=\"_blank\"><span style=\"color: blue; font-family: sans-serif;\"><b>https:\/\/www.it.nrw.de\/<wbr \/>kommunalprofil\/l05170036.pdf<\/b><\/span><\/a>\u00a0\u00a0\u00a0\u00a0\u00a0\u00a0\u00a0 und <\/span><\/p>\n<p><span style=\"font-size: xx-small;\">aus:\u00a0 https:\/\/www.kreis-wesel.de\/C1257D23004C5410\/files\/bevoelkerungszahlen_und_flaeche_30.06.2015_zensus.pdf\/$file\/bevoelkerungszahlen_und_flaeche_30.06.2015_zensus.pdf?OpenElement<\/span><\/p>\n<p>&nbsp;<\/p>\n<p><strong><\/strong><img loading=\"lazy\" class=\"alignright size-medium wp-image-521\" style=\"margin-top: 14px; margin-bottom: 14px;\" title=\"DSCF5941_30x40\" alt=\"DSCF5941_30x40\" src=\"http:\/\/www.heimatverein-gahlen.de\/heimatverein\/wp-content\/uploads\/DSCF5941_30x40-225x300.jpg\" width=\"225\" height=\"300\" srcset=\"https:\/\/www.heimatverein-gahlen.de\/heimatverein\/wp-content\/uploads\/DSCF5941_30x40-225x300.jpg 225w, https:\/\/www.heimatverein-gahlen.de\/heimatverein\/wp-content\/uploads\/DSCF5941_30x40-768x1024.jpg 768w, https:\/\/www.heimatverein-gahlen.de\/heimatverein\/wp-content\/uploads\/DSCF5941_30x40.jpg 769w\" sizes=\"(max-width: 225px) 100vw, 225px\" \/><\/p>\n<table style=\"width: 485px; height: 124px;\" border=\"0\" align=\"left\">\n<tbody>\n<tr>\n<td style=\"border: 3px solid #c0c0c0; text-align: center;\" colspan=\"2\"><strong><span style=\"font-size: medium;\">Amtlich<\/span><\/strong><\/td>\n<\/tr>\n<tr>\n<td style=\"border: 1px solid #000000; background-color: #c0c0c0; width: 200px;\">Amtlicher Name<\/td>\n<td style=\"border: 1px solid #000000; background-color: #c0c0c0; width: 200px;\">Gemeinde Schermbeck<\/td>\n<\/tr>\n<tr>\n<td style=\"border: 1px solid #000000; background-color: #c0c0c0; width: 200px;\">Postleitzahl<\/td>\n<td style=\"border: 1px solid #000000; background-color: #c0c0c0; width: 200px;\">46514<\/td>\n<\/tr>\n<tr>\n<td style=\"border: 1px solid #000000; background-color: #c0c0c0; width: 200px;\">Tel.-Vorwahl:<\/td>\n<td style=\"border: 1px solid #000000; background-color: #c0c0c0; width: 200px;\">0 28 53<\/td>\n<\/tr>\n<tr>\n<td style=\"border: 1px solid #000000; background-color: #c0c0c0; width: 200px;\">Kreis<\/td>\n<td style=\"border: 1px solid #000000; background-color: #c0c0c0; width: 200px;\">Wesel<\/td>\n<\/tr>\n<tr>\n<td style=\"border: 1px solid #000000; background-color: #c0c0c0; width: 200px;\">Regierungsbezirk<\/td>\n<td style=\"border: 1px solid #000000; background-color: #c0c0c0; width: 200px;\">D\u00fcsseldorf<\/td>\n<\/tr>\n<tr>\n<td style=\"border: 1px solid #000000; background-color: #c0c0c0; width: 200px;\">Bundesland<\/td>\n<td style=\"border: 1px solid #000000; background-color: #c0c0c0; width: 200px;\">Nordrhein-Westfalen<\/td>\n<\/tr>\n<\/tbody>\n<\/table>\n<p>&nbsp;<\/p>\n<p><span style=\"color: #ffffff;\"><strong>.<\/strong><\/span><strong> <\/strong><strong><\/strong><\/p>\n<table style=\"border-color: #000000; border-width: 0px; background-color: #c0c0c0; width: 485px; height: 282px;\" border=\"0\">\n<tbody>\n<tr>\n<td style=\"border: 2px solid #c0c0c0; text-align: center; background-color: #ffffff;\" colspan=\"2\"><strong><span style=\"font-size: medium;\">Bev\u00f6lkerung<\/span><\/strong><\/td>\n<\/tr>\n<tr style=\"background-color: #ffffff;\">\n<td style=\"border: 1px solid #000000; background-color: #ffffff;\">Einwohnerzahl<\/td>\n<td style=\"background-color: #ffffff; text-align: right; border-width: 1px; border-color: #000000; border-style: solid;\">14.103<\/td>\n<\/tr>\n<tr style=\"background-color: #ffffff;\">\n<td style=\"border: 1px solid #000000; background-color: #ffffff;\">davon weiblich<\/td>\n<td style=\"background-color: #ffffff; text-align: right; border: 1px solid #000000;\">7.109<\/td>\n<\/tr>\n<tr style=\"background-color: #ffffff;\">\n<td style=\"border: 1px solid #000000; background-color: #ffffff;\">davon m\u00e4nnlich<\/td>\n<td style=\"background-color: #ffffff; text-align: right; border: 1px solid #000000;\">6.994<\/td>\n<\/tr>\n<tr style=\"background-color: #ffffff;\">\n<td style=\"border: 1px solid #000000; background-color: #ffffff;\">davon Ausl\u00e4nder<\/td>\n<td style=\"background-color: #ffffff; text-align: right; border: 1px solid #000000;\">664<\/td>\n<\/tr>\n<tr style=\"background-color: #ffffff;\">\n<td style=\"border: 1px solid #000000; background-color: #ffffff;\">davon weiblich<\/td>\n<td style=\"background-color: #ffffff; text-align: right; border: 1px solid #000000;\">247<\/td>\n<\/tr>\n<tr style=\"background-color: #ffffff;\">\n<td style=\"border: 1px solid #000000; background-color: #ffffff;\">davon m\u00e4nnlich<\/td>\n<td style=\"background-color: #ffffff; text-align: right; border: 1px solid #000000;\">417<\/td>\n<\/tr>\n<tr style=\"background-color: #ffffff;\">\n<td style=\"border: 1px solid #000000; background-color: #ffffff;\">Gahlen<\/td>\n<td style=\"background-color: #ffffff; text-align: right; border: 1px solid #000000;\">2.252<\/td>\n<\/tr>\n<tr style=\"background-color: #ffffff;\">\n<td style=\"border: 1px solid #000000; background-color: #ffffff;\">D\u00e4mmerwald<\/td>\n<td style=\"background-color: #ffffff; text-align: right; border: 1px solid #000000;\">230<\/td>\n<\/tr>\n<tr style=\"background-color: #ffffff;\">\n<td style=\"border: 1px solid #000000; background-color: #ffffff;\">Damm<\/td>\n<td style=\"background-color: #ffffff; text-align: right; border: 1px solid #000000;\">1.227<\/td>\n<\/tr>\n<tr style=\"background-color: #ffffff;\">\n<td style=\"border: 1px solid #000000; background-color: #ffffff;\">Overbeck<\/td>\n<td style=\"background-color: #ffffff; text-align: right; border: 1px solid #000000;\">179<\/td>\n<\/tr>\n<tr style=\"background-color: #ffffff;\">\n<td style=\"border: 1px solid #000000; background-color: #ffffff;\">Altschermbeck<\/td>\n<td style=\"background-color: #ffffff; text-align: right; border: 1px solid #000000;\">4.118<\/td>\n<\/tr>\n<tr style=\"background-color: #ffffff;\">\n<td style=\"border: 1px solid #000000; background-color: #ffffff;\">Schermbeck<\/td>\n<td style=\"background-color: #ffffff; text-align: right; border: 1px solid #000000;\">5.151<\/td>\n<\/tr>\n<tr style=\"background-color: #ffffff;\">\n<td style=\"border: 1px solid #000000; background-color: #ffffff;\">Bricht<\/td>\n<td style=\"background-color: #ffffff; text-align: right; border: 1px solid #000000;\">804<\/td>\n<\/tr>\n<tr style=\"background-color: #ffffff;\">\n<td style=\"border: 1px solid #000000; background-color: #ffffff;\">Weselerwald<\/td>\n<td style=\"background-color: #ffffff; text-align: right; border: 1px solid #000000;\">584<\/td>\n<\/tr>\n<tr>\n<td style=\"border: 1px solid #000000; background-color: #ffffff;\">\u00d8 0 bis 15 Jahre<\/td>\n<td style=\"background-color: #ffffff; text-align: right; border: 1px solid #000000;\">2.225<\/td>\n<\/tr>\n<tr>\n<td style=\"border: 1px solid #000000; background-color: #ffffff;\">\u00d8 16 bis 30 Jahre<\/td>\n<td style=\"background-color: #ffffff; text-align: right; border: 1px solid #000000;\">2.251<\/td>\n<\/tr>\n<tr>\n<td style=\"border: 1px solid #000000; background-color: #ffffff;\">\u00d8 31 bis 45 Jahre<\/td>\n<td style=\"background-color: #ffffff; text-align: right; border: 1px solid #000000;\">3.489<\/td>\n<\/tr>\n<tr>\n<td style=\"border: 1px solid #000000; background-color: #ffffff;\">\u00d8 46 bis 60 Jahre<\/td>\n<td style=\"background-color: #ffffff; text-align: right; border: 1px solid #000000;\">3.198<\/td>\n<\/tr>\n<tr>\n<td style=\"border: 1px solid #000000; background-color: #ffffff;\">\u00d8 61 bis 75 Jahre<\/td>\n<td style=\"background-color: #ffffff; text-align: right; border: 1px solid #000000;\">2.384<\/td>\n<\/tr>\n<tr>\n<td style=\"border: 1px solid #000000; background-color: #ffffff;\">\u00d8 76 Jahre und \u00e4lter<\/td>\n<td style=\"background-color: #ffffff; text-align: right; border: 1px solid #000000;\">1.008<\/td>\n<\/tr>\n<tr>\n<td style=\"border: 1px solid #000000; background-color: #ffffff;\">R\u00f6misch-katholisch<\/td>\n<td style=\"background-color: #ffffff; text-align: right; border: 1px solid #000000;\">6.514<\/td>\n<\/tr>\n<tr>\n<td style=\"border: 1px solid #000000; background-color: #ffffff;\">Evangelisch<\/td>\n<td style=\"background-color: #ffffff; text-align: right; border: 1px solid #000000;\">5.529<\/td>\n<\/tr>\n<tr>\n<td style=\"border: 1px solid #000000; background-color: #ffffff;\">Sonstige &amp; Konfessionslose<\/td>\n<td style=\"background-color: #ffffff; text-align: right; border: 1px solid #000000;\">2.512<\/td>\n<\/tr>\n<\/tbody>\n<\/table>\n<p style=\"text-align: left;\"><span style=\"text-decoration: underline;\"><img loading=\"lazy\" class=\"alignright size-medium wp-image-572\" style=\"border: 3px solid black; margin: -323px 0px;\" title=\"DSCF0039\" alt=\"DSCF0039\" src=\"http:\/\/www.heimatverein-gahlen.de\/heimatverein\/wp-content\/uploads\/DSCF0039-199x300.jpg\" width=\"215\" height=\"300\" \/><\/span><\/p>\n<table style=\"width: 485px;\" border=\"0\">\n<tbody>\n<tr>\n<td style=\"border: 3px solid #c0c0c0; text-align: center;\" colspan=\"2\"><span style=\"font-size: medium;\"><strong>Lage\/Fl\u00e4che<\/strong><\/span><\/td>\n<\/tr>\n<tr>\n<td style=\"border: 1px solid #000000; background-color: #c0c0c0;\">Geographische Lage<\/td>\n<td style=\"background-color: #c0c0c0; text-align: right; border: 1px solid #000000;\">51 Grad 41 Min. n\u00f6rdl. Breite 06 Grad 52 Min. \u00f6stl.<\/td>\n<\/tr>\n<tr>\n<td style=\"border: 1px solid #000000; background-color: #c0c0c0;\">Nord-S\u00fcd-Ausdehnung<\/td>\n<td style=\"background-color: #c0c0c0; text-align: right; border: 1px solid #000000;\">12,90 km<\/td>\n<\/tr>\n<tr>\n<td style=\"border: 1px solid #000000; background-color: #c0c0c0;\">West-Ost-Ausdehnung<\/td>\n<td style=\"background-color: #c0c0c0; text-align: right; border: 1px solid #000000;\">17,80 km<\/td>\n<\/tr>\n<tr>\n<td style=\"border: 1px solid #000000; background-color: #c0c0c0;\">H\u00f6he \u00fcber NN<\/td>\n<td style=\"background-color: #c0c0c0; text-align: right; border: 1px solid #000000;\">25\u201369 m<\/td>\n<\/tr>\n<tr>\n<td style=\"border: 1px solid #000000; background-color: #c0c0c0;\">Gesamtfl\u00e4che<\/td>\n<td style=\"background-color: #c0c0c0; text-align: right; border: 1px solid #000000;\">~ 110,74 qkm<\/td>\n<\/tr>\n<tr>\n<td style=\"border: 1px solid #000000; background-color: #c0c0c0;\">Weserwald<\/td>\n<td style=\"background-color: #c0c0c0; text-align: right; border: 1px solid #000000;\">11,97 qkm<\/td>\n<\/tr>\n<tr>\n<td style=\"border: 1px solid #000000; background-color: #c0c0c0;\">D\u00e4mmerwald<\/td>\n<td style=\"background-color: #c0c0c0; text-align: right; border: 1px solid #000000;\">14,73 qkm<\/td>\n<\/tr>\n<tr>\n<td style=\"border: 1px solid #000000; background-color: #c0c0c0;\">Damm<\/td>\n<td style=\"background-color: #c0c0c0; text-align: right; border: 1px solid #000000;\">23,15 qkm<\/td>\n<\/tr>\n<tr>\n<td style=\"border: 1px solid #000000; background-color: #c0c0c0;\">Overbeck<\/td>\n<td style=\"background-color: #c0c0c0; text-align: right; border: 1px solid #000000;\">5,32 qkm<\/td>\n<\/tr>\n<tr>\n<td style=\"border: 1px solid #000000; background-color: #c0c0c0;\">Altschermbeck<\/td>\n<td style=\"background-color: #c0c0c0; text-align: right; border: 1px solid #000000;\">27,64 qkm<\/td>\n<\/tr>\n<tr>\n<td style=\"border: 1px solid #000000; background-color: #c0c0c0;\">Bricht<\/td>\n<td style=\"background-color: #c0c0c0; text-align: right; border: 1px solid #000000;\">8,64 qkm<\/td>\n<\/tr>\n<tr>\n<td style=\"border: 1px solid #000000; background-color: #c0c0c0;\">Gahlen<\/td>\n<td style=\"background-color: #c0c0c0; text-align: right; border: 1px solid #000000;\">14,57 qkm<\/td>\n<\/tr>\n<\/tbody>\n<\/table>\n<p><span style=\"font-size: medium;\"><img loading=\"lazy\" class=\"alignright size-medium wp-image-604\" style=\"border: 3px solid black; margin-top: -230px; margin-bottom: -230px;\" title=\"DSCF4848\" alt=\"DSCF4848\" src=\"http:\/\/www.heimatverein-gahlen.de\/heimatverein\/wp-content\/uploads\/DSCF4848-199x300.jpg\" width=\"215\" height=\"300\" \/><\/span><\/p>\n<table style=\"border-color: #ffffff; border-width: 0px; width: 485px; height: 102px;\" border=\"0\">\n<tbody>\n<tr>\n<td style=\"border: 2px solid #000000; text-align: center; background-color: #c0c0c0;\" colspan=\"2\"><span style=\"font-size: medium;\"><strong><span style=\"background-color: #ffffff;\">Stra\u00dfennetz<\/span><\/strong><\/span><\/td>\n<\/tr>\n<tr>\n<td style=\"border: 2px solid #c0c0c0;\">Autobahnen<\/td>\n<td style=\"text-align: right; border: 2px solid #c0c0c0;\">3,13 km<\/td>\n<\/tr>\n<tr>\n<td style=\"border: 2px solid #c0c0c0;\">Bundesstra\u00dfen<\/td>\n<td style=\"text-align: right; border: 2px solid #c0c0c0;\">17,42 km<\/td>\n<\/tr>\n<tr>\n<td style=\"border: 2px solid #c0c0c0;\">Landesstra\u00dfen<\/td>\n<td style=\"text-align: right; border: 2px solid #c0c0c0;\">22,14 km<\/td>\n<\/tr>\n<tr>\n<td style=\"border: 2px solid #c0c0c0;\">Kreisstra\u00dfen<\/td>\n<td style=\"text-align: right; border: 2px solid #c0c0c0;\">16,50 km<\/td>\n<\/tr>\n<tr>\n<td style=\"border: 2px solid #c0c0c0;\">Privatstra\u00dfen<\/td>\n<td style=\"text-align: right; border: 2px solid #c0c0c0;\">2,30 km<\/td>\n<\/tr>\n<\/tbody>\n<\/table>\n","protected":false},"excerpt":{"rendered":"<p>Statistik Angaben entnommen aus: https:\/\/www.it.nrw.de\/kommunalprofil\/l05170036.pdf\u00a0\u00a0\u00a0\u00a0\u00a0\u00a0\u00a0 und aus:\u00a0 https:\/\/www.kreis-wesel.de\/C1257D23004C5410\/files\/bevoelkerungszahlen_und_flaeche_30.06.2015_zensus.pdf\/$file\/bevoelkerungszahlen_und_flaeche_30.06.2015_zensus.pdf?OpenElement &nbsp; Amtlich Amtlicher Name Gemeinde Schermbeck Postleitzahl 46514 Tel.-Vorwahl: 0 28 53 Kreis Wesel Regierungsbezirk D\u00fcsseldorf Bundesland Nordrhein-Westfalen &nbsp; . Bev\u00f6lkerung Einwohnerzahl 14.103 davon weiblich 7.109 davon m\u00e4nnlich 6.994 davon Ausl\u00e4nder 664 davon weiblich 247 davon m\u00e4nnlich 417 Gahlen 2.252 D\u00e4mmerwald 230 Damm 1.227 Overbeck 179 Altschermbeck [&hellip;]<\/p>\n","protected":false},"author":1,"featured_media":0,"parent":0,"menu_order":0,"comment_status":"open","ping_status":"open","template":"","meta":{"ngg_post_thumbnail":0},"_links":{"self":[{"href":"https:\/\/www.heimatverein-gahlen.de\/heimatverein\/index.php?rest_route=\/wp\/v2\/pages\/255"}],"collection":[{"href":"https:\/\/www.heimatverein-gahlen.de\/heimatverein\/index.php?rest_route=\/wp\/v2\/pages"}],"about":[{"href":"https:\/\/www.heimatverein-gahlen.de\/heimatverein\/index.php?rest_route=\/wp\/v2\/types\/page"}],"author":[{"embeddable":true,"href":"https:\/\/www.heimatverein-gahlen.de\/heimatverein\/index.php?rest_route=\/wp\/v2\/users\/1"}],"replies":[{"embeddable":true,"href":"https:\/\/www.heimatverein-gahlen.de\/heimatverein\/index.php?rest_route=%2Fwp%2Fv2%2Fcomments&post=255"}],"version-history":[{"count":0,"href":"https:\/\/www.heimatverein-gahlen.de\/heimatverein\/index.php?rest_route=\/wp\/v2\/pages\/255\/revisions"}],"wp:attachment":[{"href":"https:\/\/www.heimatverein-gahlen.de\/heimatverein\/index.php?rest_route=%2Fwp%2Fv2%2Fmedia&parent=255"}],"curies":[{"name":"wp","href":"https:\/\/api.w.org\/{rel}","templated":true}]}}