{"id":2679,"date":"2020-07-31T08:34:11","date_gmt":"2020-07-31T07:34:11","guid":{"rendered":"http:\/\/www.heimatverein-gahlen.de\/heimatverein\/?page_id=2679"},"modified":"2022-05-16T17:10:19","modified_gmt":"2022-05-16T16:10:19","slug":"nachruf-siegfried-biedermann","status":"publish","type":"page","link":"https:\/\/www.heimatverein-gahlen.de\/heimatverein\/?page_id=2679","title":{"rendered":"Nachrufe"},"content":{"rendered":"<p>&nbsp;<\/p>\n<h3 style=\"text-align: center;\"><strong>Ganz Gahlen trauert &#8211; Nachruf Herbert G\u00fclker<\/strong><\/h3>\n<p><strong>Herbert G\u00fclker, geboren am 24. November 1956, gestorben im Alter von 65 Jahren am 11. Mai 2022<\/strong><\/p>\n<p>Der Heimatverein Gahlen e.V. trauert um sein langj\u00e4hriges Vorstandsmitglied und unseren Freund Herbert G\u00fclker.<\/p>\n<p>Herberts Leben galt dem Lippedorf. Geboren und aufgewachsen auf dem Hardtberg zog es Herbert schon fr\u00fch nach Gahlen. Hier hat er sein Leben lang gewirkt, hier hat er Spuren hinterlassen und hier hinterl\u00e4sst er nun eine L\u00fccke in unserer Mitte.<\/p>\n<p>\u201eUnser Herbert macht das schon\u201c, hei\u00dft es im Dorf. Und Herbert hat immer gemacht. Kaum ein Samstag an dem er nicht unterwegs war. Kaum ein Abend an dem nicht noch eine Kleinigkeit erledigt werden musste. Sitzb\u00e4nke herrichten, Blumenzwiebeln pflanzen, die Rabatten pflegen\u2026 Das Knattern vom alten Deutz-Traktor und jeder im Dorf wusste, da kommt gleich Herbert um die Ecke gefahren.<\/p>\n<p>Herbert war von der Ausbildung bis zu seinem verdienten Ruhestand beim Quarzsandwerk Tebbe-Neuenhaus in Besten besch\u00e4ftigt. Kein Wunder, dass unser Herbert auch allseits beim Spitznamen \u201eTebbe\u201c gerufen wird. Gerufen wurde. Unvorstellbar dieser Gedanke, dass ihn keiner mehr rufen kann.<\/p>\n<p>Unsere Gedanken und Gebete sind bei seiner Familie.<\/p>\n<p>Es gibt so vieles, was wir noch gemeinsam erledigen und machen wollten, aber du bist viel zu fr\u00fch gegangen.<\/p>\n<p>\u201eUnser Herbert macht das schon\u201c, hei\u00dft es im Dorf.<\/p>\n<p>\u201eDas hat Herbert immer gemacht\u201c, wird es k\u00fcnftig im Dorf hei\u00dfen.<\/p>\n<p>Wir werden dich, lieber Freund, sehr vermissen.<\/p>\n<p>&nbsp;&nbsp;<\/p>\n<p>der Vorstand des Heimatverein Gahlen e.V.<\/p>\n<p>&nbsp;<\/p>\n<h3>&nbsp;<\/h3>\n<h3 style=\"text-align: center;\"><strong>Ganz Gahlen trauert &#8211; Nachruf Gerd Becks<\/strong><\/h3>\n<p><strong>Gerd Becks &#8211; geboren am 12. November 1943, gestorben mit 76 Jahren am 28. September 2020<\/strong><\/p>\n<p>Wir trauern um einen treuen Freund, der sich Zeit seines Lebens um die Belange des Heimatvereins und unseres Dorfes gek\u00fcmmert hat.<\/p>\n<p>Sei es in der Kirchengemeinde, beim Allgemeinen B\u00fcrgersch\u00fctzenverein, dem Sozialverband VdK, dem Kirchenchor, im Seniorenbeirat der Gemeinde Schermbeck oder einfach \u00fcberall dort, wo Hilfe gebraucht wurde \u2013 Gerd war stets zur Stelle, unaufgefordert, Verantwortung \u00fcbernehmend, ohne sich selbst in den Vordergrund zu dr\u00e4ngen. Gerd hat immer das Wohl der Dorfgemeinschaft \u00fcber sein eigenes gestellt. Sein freundliches Wesen, seine handwerklichen F\u00e4higkeiten gepaart mit dem unbedingten Willen zu Helfen \u2013 das zeichnete Gerd Zeit seines Lebens aus. F\u00fcr sein gesamtes Tun wurde Gerd Becks am 3. Dezember 2019 das Bundesverdienstkreuz verliehen.<\/p>\n<p>Insbesondere in unserem Heimatverein war Gerd von unsch\u00e4tzbarem Wert. Wir k\u00f6nnen uns gl\u00fccklich w\u00e4hnen, ein solch aktives Mitglied in unseren Reihen gehabt zu haben. Ob in der Rentnertruppe, bei der Laienspielschar, den Prootk\u00f6stern, als Elektriker oder einfach nur mit \u201eseinen D\u00f6nekens\u201c \u2013 Gerd war dem Heimatverein immer und \u00fcber seine Lebenszeit hinweg verbunden.<\/p>\n<p>Auch \u00fcber die Ortsgrenzen hinaus war Gerd als Auktionator auf dem Gahlener Schafsmarkt und als Nikolaus auf dem j\u00e4hrlichen Umzug bekannt. Diese Rollen hat Gerd \u00fcber Jahrzehnte mit Inbrunst und Liebe ausgef\u00fcllt, dabei Kinderaugen zum Strahlen gebracht, den Besuchern des Schafsmarktes viele Lacher abgerungen und in jedem Fall f\u00fcr tolle Erinnerungen gesorgt.<\/p>\n<p>Gerd Becks hinterl\u00e4sst eine L\u00fccke \u2013 niemand vermag diese zu f\u00fcllen.<\/p>\n<p>Er wird uns allen immer in Erinnerung bleiben und ein gro\u00dfes Vorbild sein. Von seiner Art, seiner Hilfsbereitschaft und G\u00fcte k\u00f6nnen wir alle lernen, wenn wir nur wollen.<\/p>\n<p>Tief ber\u00fchrt m\u00f6chten wir der gesamten Familie unser Beileid ausdr\u00fccken.&nbsp;&nbsp;&nbsp;&nbsp;<\/p>\n<p>Der Vorstand des Heimatverein Gahlen e.V.<\/p>\n<p>&nbsp;<\/p>\n<p>&nbsp;<\/p>\n<h3 style=\"text-align: center;\"><strong>Nachruf Siegfried Biedermann<\/strong><\/h3>\n<p><strong>Siegfried Biedermann, geboren am 7. April 1935, gestorben im Alter von 85 Jahren am 17. Juli 2020<\/strong><\/p>\n<p>Wir trauern um unseren treuen Heimatverein-Freund, der sich Zeit seines Lebens f\u00fcr die Belange unseres Dorfes und seines Heimatvereins eingesetzt hat.<\/p>\n<p>Im Wohnzimmer und auf seinem Hof im Gahlener Aap haben wir viele sch\u00f6ne Stunden verbringen d\u00fcrfen und wurden von Siegfried und seiner Frau Waldtraut stets herzlich empfangen.<\/p>\n<p>Siegfried war ein begeisterter Filmer \u2013 nichts und niemand war vor Siggis Kameralinse auf den Veranstaltungen und zu den verschiedensten Gelegenheiten der letzten Jahre und Jahrzehnte sicher. Sein Wunsch und sein Bestreben war es, die Aktivit\u00e4ten unseres gemeinsamen Dorflebens f\u00fcr die Nachwelt und f\u00fcr seine Mitmenschen festzuhalten.<br \/>\nF\u00fcr dieses Ziel hat er in den letzten Jahrzehnten ein herausragendes Engagement gezeigt und viel Zeit investiert. Tief ber\u00fchrt dr\u00fccken wir Waldtraut und der gesamten Familie unser Beileid aus.<\/p>\n<p>Siggis Tun und Handeln soll f\u00fcr uns als Vorbild dienen und wir werden ihn immer in Erinnerung behalten.<\/p>\n<p>Der Vorstand des Heimatverein Gahlen e.V.<\/p>\n<p>&nbsp;<\/p>\n<p>&nbsp;<\/p>\n<h3 style=\"text-align: center;\"><strong>Nachruf Gustav Ruhloff<\/strong><\/h3>\n<p><strong>Gustav Ruloff, geboren am 2. Mai 1938, gestorben im Alter von 76 Jahren am 9. April 2015<\/strong><\/p>\n<p><span style=\"font-weight: 400;\">Der Heimatverein Gahlen verliert seinen langj\u00e4hrigen Vorsitzenden<\/span><\/p>\n<p><span style=\"font-weight: 400;\">Am 9. April 2015 starb mit Gustav Ruloff ein Mann, der aufgrund seines vielseitigen Engagements jedem Gahlener noch lange in Erinnerung bleiben wird. Dabei widmete Gustav den gr\u00f6\u00dften Teil seines ehrenamtlichen Einsatzes dem Heimatverein Gahlen. Bereits als 13-j\u00e4hriger stand Gustav auf der B\u00fchne der Laienspielschar. Mit nur 30 Jahren \u00fcbernahm er im Jahr 1968 den Vorsitz des Heimatvereins Gahlen und pr\u00e4gte damit eine fast 40 Jahre andauernde Zeitspanne unter seiner F\u00fchrung. Gustav hat sich in vielf\u00e4ltiger Weise bem\u00fcht, das Dorfbild in Gahlen zu gestalten und dabei das Brauchtum zu bewahren. Er galt als Motor der Integration von Neub\u00fcrgern in die weiter anwachsende d\u00f6rfliche Gemeinschaft.<\/span><\/p>\n<p>Bei mehreren Kreis- und Landeswettbewerben punktete Gahlen unter seiner F\u00fchrung mit seinem sch\u00f6nen Dorfbild. Mehrere errungene Medaillen aus diesen Wettbewerben zeugen vom Erfolg der von ihm initiierten Ma\u00dfnahmen.<\/p>\n<p>Neben seiner Vorsitzendent\u00e4tigkeit im Heimatverein Gahlen \u00fcbernahm Gustav auch Verantwortung in anderen Vereinen und Institutionen. Egal ob als Oberst des Sch\u00fctzenvereins, als zweiter Vorsitzender des Reitervereins \u201eAm Rehrbach\u201c, als Gemeinderatsmitglied f\u00fcr die CDU oder als Aufsichtsrat in der damals noch existenten landwirtschaftlichen Genossenschaft. In Anerkennung seiner gesamten ehrenamtlichen T\u00e4tigkeit erhielt Gustav Ruloff am 11. August 2000 das Bundesverdienstkreuz.&nbsp;&nbsp;<\/p>\n<p>Der Vorstand des Heimatverein Gahlen e.V.<\/p>\n<p>&nbsp;<\/p>\n<p>&nbsp;<\/p>\n<h3 style=\"text-align: center;\"><strong>Nachruf Hans Heckermann<\/strong><\/h3>\n<p><strong>Hans Heckermann, geboren am 5. Januar 1925, gestorben im Alter von 89 Jahren am 15. Dezember 2014<\/strong><\/p>\n<p><span style=\"font-weight: 400;\">Gahlen trauert um Hans Heckermann<\/span><\/p>\n<p><span style=\"font-weight: 400;\">Drei Wochen vor seinem 90. Geburtstag verstarb am 15. Dezember 2014 unser ehemaliges Vorstandsmitglied Hans Heckermann. Hans hat \u00fcber Jahrzehnte das d\u00f6rfliche Leben in entscheidender Weise mitgepr\u00e4gt. Der Ur-Gahlener wuchs im alten Haus Gahlen auf, von dem heute nur noch die Haus-Gahlen-Str. im Ortskern zeugt. Aus russischer Kriegsgefangenschaft kehrte Hans am 1. Mai 1948 in sein Lippedorf zur\u00fcck. Im Jahr 1970 \u00fcbernahm er das Erbe seiner Vorfahren und betreute die im Jahre 1856 gegr\u00fcndete Gahlener Gesch\u00e4ftsstelle der Provinzial-Versicherung bis zum Eintritt in den Ruhestand.<\/span><\/p>\n<p><span style=\"font-weight: 400;\">Hans hat sich von 1963 bis 2004 als Schriftf\u00fchrer und Kassierer in unserem Heimatverein Gahlen eingebracht, insbesondere die Vorbereitung des Nikolausumzuges und das Binden des Maikranzens geh\u00f6rten allj\u00e4hrlich zu seinen besonderen Aufgaben. Bei zahllosen Ma\u00dfnahmen zur Versch\u00f6nerung des Ortskernes packte Hans kr\u00e4ftig mit an, so dass heutzutage niemand durch Gahlen spazieren kann, ohne vom Ergebnis seines Schaffens unber\u00fchrt zu bleiben. \u201eMein Herz schl\u00e4gt f\u00fcr den Heimatverein\u201c, bekannte Hans mehr als einmal. Bis zu seinem Tode blieb er dem Vorstand als Kulturwart erhalten.&nbsp;<\/span><\/p>\n<p><span style=\"font-weight: 400;\">Hans wurde von Mitgliedern des Heimatvereins getreu seinem Wunsch in die Heimaterde hinabgelassen, ganz so, wie es sein Vater bereits im Gahlener Heimatlied in der letzten Strophe vorgesehen hat: <\/span><i><span style=\"font-weight: 400;\">\u201eMut ik emal sterwen, Broer, dinne Hand, s\u00f6llt i mi begrawen an de Lippe Strand, dor, bor minne Ahnen f\u00fcnden lesste Roh; dann sin ick in Gohlen, \u00fcmmer, \u00fcmmerto. <\/span><\/i><span style=\"font-weight: 400;\">&nbsp;&nbsp;<\/span><\/p>\n<p>Der Vorstand des Heimatverein Gahlen e.V.<\/p>\n","protected":false},"excerpt":{"rendered":"<p>&nbsp; Ganz Gahlen trauert &#8211; Nachruf Herbert G\u00fclker Herbert G\u00fclker, geboren am 24. November 1956, gestorben im Alter von 65 Jahren am 11. Mai 2022 Der Heimatverein Gahlen e.V. trauert um sein langj\u00e4hriges Vorstandsmitglied und unseren Freund Herbert G\u00fclker. Herberts Leben galt dem Lippedorf. Geboren und aufgewachsen auf dem Hardtberg zog es Herbert schon fr\u00fch [&hellip;]<\/p>\n","protected":false},"author":1,"featured_media":0,"parent":0,"menu_order":0,"comment_status":"closed","ping_status":"open","template":"","meta":{"ngg_post_thumbnail":0},"_links":{"self":[{"href":"https:\/\/www.heimatverein-gahlen.de\/heimatverein\/index.php?rest_route=\/wp\/v2\/pages\/2679"}],"collection":[{"href":"https:\/\/www.heimatverein-gahlen.de\/heimatverein\/index.php?rest_route=\/wp\/v2\/pages"}],"about":[{"href":"https:\/\/www.heimatverein-gahlen.de\/heimatverein\/index.php?rest_route=\/wp\/v2\/types\/page"}],"author":[{"embeddable":true,"href":"https:\/\/www.heimatverein-gahlen.de\/heimatverein\/index.php?rest_route=\/wp\/v2\/users\/1"}],"replies":[{"embeddable":true,"href":"https:\/\/www.heimatverein-gahlen.de\/heimatverein\/index.php?rest_route=%2Fwp%2Fv2%2Fcomments&post=2679"}],"version-history":[{"count":2,"href":"https:\/\/www.heimatverein-gahlen.de\/heimatverein\/index.php?rest_route=\/wp\/v2\/pages\/2679\/revisions"}],"predecessor-version":[{"id":3183,"href":"https:\/\/www.heimatverein-gahlen.de\/heimatverein\/index.php?rest_route=\/wp\/v2\/pages\/2679\/revisions\/3183"}],"wp:attachment":[{"href":"https:\/\/www.heimatverein-gahlen.de\/heimatverein\/index.php?rest_route=%2Fwp%2Fv2%2Fmedia&parent=2679"}],"curies":[{"name":"wp","href":"https:\/\/api.w.org\/{rel}","templated":true}]}}