{"id":2748,"date":"2020-09-29T06:31:29","date_gmt":"2020-09-29T05:31:29","guid":{"rendered":"https:\/\/www.heimatverein-gahlen.de\/heimatverein\/?page_id=2748"},"modified":"2020-09-29T06:48:20","modified_gmt":"2020-09-29T05:48:20","slug":"hvg-fahnen","status":"publish","type":"page","link":"https:\/\/www.heimatverein-gahlen.de\/heimatverein\/?page_id=2748","title":{"rendered":"HVG-Fahnen"},"content":{"rendered":"\n<p class=\"has-text-align-center has-medium-font-size\"><strong>HVG-Fahnen<\/strong> <\/p>\n\n\n\n<p><em>V\u00f6r unse D\u00f6rp Gohlen treckt wih alle an enen Strang<\/em>.<\/p>\n\n\n\n<p><em>Fahnenbestellungen k\u00f6nnen bitte per Email an <a href=\"mailto:heimatverein.gahlen@web.de\" target=\"_blank\" rel=\"noreferrer noopener\">heimatverein.gahlen@web.de<\/a> oder direkt pers\u00f6nlich an den Vorstand gerichtet werden.<\/em><\/p>\n\n\n\n<p>Hier finden Sie das Angebot f\u00fcr eine Fahne im pdf-Dateiformat: <\/p>\n\n\n\n<div class=\"wp-block-file\"><a href=\"https:\/\/www.heimatverein-gahlen.de\/heimatverein\/wp-content\/uploads\/Angebot-Fahne.pdf\">Angebot Fahne<\/a><a href=\"https:\/\/www.heimatverein-gahlen.de\/heimatverein\/wp-content\/uploads\/Angebot-Fahne.pdf\" class=\"wp-block-file__button\" download>Herunterladen<\/a><\/div>\n\n\n\n<p><\/p>\n\n\n\n<figure class=\"wp-block-image size-large is-resized\"><img loading=\"lazy\" src=\"https:\/\/www.heimatverein-gahlen.de\/heimatverein\/wp-content\/uploads\/Fahnenuebergabe-HVG-20092020-934x1024.jpg\" alt=\"\" class=\"wp-image-2741\" width=\"489\" height=\"536\" srcset=\"https:\/\/www.heimatverein-gahlen.de\/heimatverein\/wp-content\/uploads\/Fahnenuebergabe-HVG-20092020-934x1024.jpg 934w, https:\/\/www.heimatverein-gahlen.de\/heimatverein\/wp-content\/uploads\/Fahnenuebergabe-HVG-20092020-274x300.jpg 274w, https:\/\/www.heimatverein-gahlen.de\/heimatverein\/wp-content\/uploads\/Fahnenuebergabe-HVG-20092020-768x842.jpg 768w, https:\/\/www.heimatverein-gahlen.de\/heimatverein\/wp-content\/uploads\/Fahnenuebergabe-HVG-20092020-1401x1536.jpg 1401w, https:\/\/www.heimatverein-gahlen.de\/heimatverein\/wp-content\/uploads\/Fahnenuebergabe-HVG-20092020-1868x2048.jpg 1868w\" sizes=\"(max-width: 489px) 100vw, 489px\" \/><\/figure>\n\n\n\n<figure class=\"wp-block-image size-large is-resized\"><a href=\"https:\/\/www.heimatverein-gahlen.de\/heimatverein\/wp-content\/uploads\/PI-Uebergabe-Fahne-Heimatverein-Gahlen3-.pdf\"><img loading=\"lazy\" src=\"https:\/\/www.heimatverein-gahlen.de\/heimatverein\/wp-content\/uploads\/PI-Uebergabe-Fahne-Heimatverein-Gahlen3-pdf-724x1024.jpg\" alt=\"\" class=\"wp-image-2749\" width=\"718\" height=\"1015\"\/><\/a><\/figure>\n\n\n\n<figure class=\"wp-block-image size-large is-resized\"><img loading=\"lazy\" src=\"https:\/\/www.heimatverein-gahlen.de\/heimatverein\/wp-content\/uploads\/FahneMast2-871x1024.jpg\" alt=\"\" class=\"wp-image-2760\" width=\"474\" height=\"556\" srcset=\"https:\/\/www.heimatverein-gahlen.de\/heimatverein\/wp-content\/uploads\/FahneMast2-871x1024.jpg 871w, https:\/\/www.heimatverein-gahlen.de\/heimatverein\/wp-content\/uploads\/FahneMast2-255x300.jpg 255w, https:\/\/www.heimatverein-gahlen.de\/heimatverein\/wp-content\/uploads\/FahneMast2-768x903.jpg 768w, https:\/\/www.heimatverein-gahlen.de\/heimatverein\/wp-content\/uploads\/FahneMast2-1306x1536.jpg 1306w, https:\/\/www.heimatverein-gahlen.de\/heimatverein\/wp-content\/uploads\/FahneMast2-1742x2048.jpg 1742w, https:\/\/www.heimatverein-gahlen.de\/heimatverein\/wp-content\/uploads\/FahneMast2.jpg 1905w\" sizes=\"(max-width: 474px) 100vw, 474px\" \/><\/figure>\n","protected":false},"excerpt":{"rendered":"<p>HVG-Fahnen V\u00f6r unse D\u00f6rp Gohlen treckt wih alle an enen Strang. Fahnenbestellungen k\u00f6nnen bitte per Email an heimatverein.gahlen@web.de oder direkt pers\u00f6nlich an den Vorstand gerichtet werden. Hier finden Sie das Angebot f\u00fcr eine Fahne im pdf-Dateiformat:<\/p>\n","protected":false},"author":1,"featured_media":0,"parent":0,"menu_order":0,"comment_status":"closed","ping_status":"closed","template":"","meta":{"ngg_post_thumbnail":0},"_links":{"self":[{"href":"https:\/\/www.heimatverein-gahlen.de\/heimatverein\/index.php?rest_route=\/wp\/v2\/pages\/2748"}],"collection":[{"href":"https:\/\/www.heimatverein-gahlen.de\/heimatverein\/index.php?rest_route=\/wp\/v2\/pages"}],"about":[{"href":"https:\/\/www.heimatverein-gahlen.de\/heimatverein\/index.php?rest_route=\/wp\/v2\/types\/page"}],"author":[{"embeddable":true,"href":"https:\/\/www.heimatverein-gahlen.de\/heimatverein\/index.php?rest_route=\/wp\/v2\/users\/1"}],"replies":[{"embeddable":true,"href":"https:\/\/www.heimatverein-gahlen.de\/heimatverein\/index.php?rest_route=%2Fwp%2Fv2%2Fcomments&post=2748"}],"version-history":[{"count":0,"href":"https:\/\/www.heimatverein-gahlen.de\/heimatverein\/index.php?rest_route=\/wp\/v2\/pages\/2748\/revisions"}],"wp:attachment":[{"href":"https:\/\/www.heimatverein-gahlen.de\/heimatverein\/index.php?rest_route=%2Fwp%2Fv2%2Fmedia&parent=2748"}],"curies":[{"name":"wp","href":"https:\/\/api.w.org\/{rel}","templated":true}]}}