{"id":2892,"date":"2021-02-16T13:57:39","date_gmt":"2021-02-16T12:57:39","guid":{"rendered":"https:\/\/www.heimatverein-gahlen.de\/heimatverein\/?page_id=2892"},"modified":"2021-02-16T16:46:47","modified_gmt":"2021-02-16T15:46:47","slug":"veranstaltungsag","status":"publish","type":"page","link":"https:\/\/www.heimatverein-gahlen.de\/heimatverein\/?page_id=2892","title":{"rendered":"VeranstaltungsAG"},"content":{"rendered":"<h2 style=\"text-align: center;\"><strong>Die Veranstaltungs AG<\/strong><\/h2>\n<table style=\"width: 89.6136%; height: 178px;\" border=\"0\">\n<tbody>\n<tr style=\"height: 86px;\">\n<td style=\"border: 2px solid #f5deb3; height: 86px; width: 121.222%;\" colspan=\"2\" align=\"center\">Die Veranstaltungs-AG k\u00fcmmert sich um die Organisation, Planung und Durchf\u00fchrung der<br \/>\nvereinsinternen Veranstaltungen und des Schafsmarktes.<\/td>\n<\/tr>\n<tr style=\"height: 24px;\">\n<td style=\"border: 1px solid #000000; background-color: #f5deb3; height: 24px; width: 21.2411%;\" align=\"center\"><strong> Termine<\/strong><\/td>\n<td style=\"border: 1px solid #000000; background-color: #f5deb3; height: 24px; width: 99.9814%;\" align=\"center\">flexibel<\/td>\n<\/tr>\n<tr style=\"height: 24px;\">\n<td style=\"border: 1px solid #000000; background-color: #f5deb3; height: 24px; width: 21.2411%;\" align=\"center\"><strong>Leitung<\/strong><\/td>\n<td style=\"border: 1px solid #000000; background-color: #f5deb3; height: 24px; width: 99.9814%;\" align=\"center\">Markus Walbrodt, Tel. 02853-604460<\/td>\n<\/tr>\n<tr style=\"height: 44px;\">\n<td style=\"border: 1px solid #000000; background-color: #f5deb3; height: 44px; width: 21.2411%;\" align=\"center\"><strong> Mitglieder<\/strong><\/td>\n<td style=\"border: 1px solid #000000; background-color: #f5deb3; height: 44px; width: 99.9814%;\" align=\"center\">Alexander Endemann, J\u00fcrgen H\u00f6chst, Wolfgang J\u00f6rgens, Markus Walbrodt<\/td>\n<\/tr>\n<\/tbody>\n<\/table>\n","protected":false},"excerpt":{"rendered":"<p>Die Veranstaltungs AG Die Veranstaltungs-AG k\u00fcmmert sich um die Organisation, Planung und Durchf\u00fchrung der vereinsinternen Veranstaltungen und des Schafsmarktes. Termine flexibel Leitung Markus Walbrodt, Tel. 02853-604460 Mitglieder Alexander Endemann, J\u00fcrgen H\u00f6chst, Wolfgang J\u00f6rgens, Markus Walbrodt<\/p>\n","protected":false},"author":1,"featured_media":0,"parent":0,"menu_order":0,"comment_status":"closed","ping_status":"closed","template":"","meta":{"ngg_post_thumbnail":0},"_links":{"self":[{"href":"https:\/\/www.heimatverein-gahlen.de\/heimatverein\/index.php?rest_route=\/wp\/v2\/pages\/2892"}],"collection":[{"href":"https:\/\/www.heimatverein-gahlen.de\/heimatverein\/index.php?rest_route=\/wp\/v2\/pages"}],"about":[{"href":"https:\/\/www.heimatverein-gahlen.de\/heimatverein\/index.php?rest_route=\/wp\/v2\/types\/page"}],"author":[{"embeddable":true,"href":"https:\/\/www.heimatverein-gahlen.de\/heimatverein\/index.php?rest_route=\/wp\/v2\/users\/1"}],"replies":[{"embeddable":true,"href":"https:\/\/www.heimatverein-gahlen.de\/heimatverein\/index.php?rest_route=%2Fwp%2Fv2%2Fcomments&post=2892"}],"version-history":[{"count":0,"href":"https:\/\/www.heimatverein-gahlen.de\/heimatverein\/index.php?rest_route=\/wp\/v2\/pages\/2892\/revisions"}],"wp:attachment":[{"href":"https:\/\/www.heimatverein-gahlen.de\/heimatverein\/index.php?rest_route=%2Fwp%2Fv2%2Fmedia&parent=2892"}],"curies":[{"name":"wp","href":"https:\/\/api.w.org\/{rel}","templated":true}]}}