{"id":333,"date":"2009-12-08T23:15:47","date_gmt":"2009-12-08T22:15:47","guid":{"rendered":"http:\/\/www.heimatverein-gahlen.de\/heimatverein\/?page_id=333"},"modified":"2021-02-16T13:20:26","modified_gmt":"2021-02-16T12:20:26","slug":"blaudruck","status":"publish","type":"page","link":"https:\/\/www.heimatverein-gahlen.de\/heimatverein\/?page_id=333","title":{"rendered":"Handarbeit\/Blaudruck"},"content":{"rendered":"<h2 style=\"text-align: center;\"><span style=\"font-size: large;\"><strong>Handarbeit- und Blaudruckgruppe<\/strong><\/span><\/h2>\n<table style=\"width: 415px; height: 177px;\" border=\"0\">\n<tbody>\n<tr style=\"text-align: center;\">\n<td style=\"border: 2px solid #f5deb3; text-align: center;\" colspan=\"2\">Das Veredeln einfacher Textilien wurde schon in fr\u00fchester Vergangenheit durch die verschiedensten Arten des Blaudruck von den Menschen durchgef\u00fchrt. Um dieses Handwerk weiter durchzuf\u00fchren, trifft sich die Blaudruckgruppe regelm\u00e4\u00dfig um<br \/>\nSabine Schulz.<\/td>\n<\/tr>\n<tr>\n<td style=\"border-style: solid; border-width: 1px; text-align: center; background-color: #f5deb3;\"><strong>Termine<\/strong><em><br \/>\n<\/em><\/td>\n<td style=\"border-style: solid; border-width: 1px; text-align: center; background-color: #f5deb3;\">Etwa alle 4 Wochen bei Sabine Schulz<\/td>\n<\/tr>\n<tr>\n<td style=\"border-style: solid; border-width: 1px; text-align: center; background-color: #f5deb3;\"><strong>Leitung<\/strong><\/td>\n<td style=\"border-style: solid; border-width: 1px; text-align: center; background-color: #f5deb3;\">Sabine Schulz<\/td>\n<\/tr>\n<tr>\n<td style=\"border-style: solid; border-width: 1px; text-align: center; background-color: #f5deb3;\"><strong>Mitglieder<\/strong><em><br \/>\n<\/em><\/td>\n<td style=\"border-style: solid; border-width: 1px; text-align: center; background-color: #f5deb3;\"><em>Sabine Schulz, Christa K\u00f6nigsmann<\/em>, A<em>nnette Mettler,&nbsp;<\/em><em>Inge Zeppen<\/em><\/td>\n<\/tr>\n<\/tbody>\n<\/table>\n<p style=\"text-align: left;\"><em>&nbsp;<\/em><\/p>\n","protected":false},"excerpt":{"rendered":"<p>Handarbeit- und Blaudruckgruppe Das Veredeln einfacher Textilien wurde schon in fr\u00fchester Vergangenheit durch die verschiedensten Arten des Blaudruck von den Menschen durchgef\u00fchrt. Um dieses Handwerk weiter durchzuf\u00fchren, trifft sich die Blaudruckgruppe regelm\u00e4\u00dfig um Sabine Schulz. Termine Etwa alle 4 Wochen bei Sabine Schulz Leitung Sabine Schulz Mitglieder Sabine Schulz, Christa K\u00f6nigsmann, Annette Mettler,&nbsp;Inge Zeppen &nbsp;<\/p>\n","protected":false},"author":1,"featured_media":0,"parent":0,"menu_order":0,"comment_status":"open","ping_status":"open","template":"","meta":{"ngg_post_thumbnail":0},"_links":{"self":[{"href":"https:\/\/www.heimatverein-gahlen.de\/heimatverein\/index.php?rest_route=\/wp\/v2\/pages\/333"}],"collection":[{"href":"https:\/\/www.heimatverein-gahlen.de\/heimatverein\/index.php?rest_route=\/wp\/v2\/pages"}],"about":[{"href":"https:\/\/www.heimatverein-gahlen.de\/heimatverein\/index.php?rest_route=\/wp\/v2\/types\/page"}],"author":[{"embeddable":true,"href":"https:\/\/www.heimatverein-gahlen.de\/heimatverein\/index.php?rest_route=\/wp\/v2\/users\/1"}],"replies":[{"embeddable":true,"href":"https:\/\/www.heimatverein-gahlen.de\/heimatverein\/index.php?rest_route=%2Fwp%2Fv2%2Fcomments&post=333"}],"version-history":[{"count":0,"href":"https:\/\/www.heimatverein-gahlen.de\/heimatverein\/index.php?rest_route=\/wp\/v2\/pages\/333\/revisions"}],"wp:attachment":[{"href":"https:\/\/www.heimatverein-gahlen.de\/heimatverein\/index.php?rest_route=%2Fwp%2Fv2%2Fmedia&parent=333"}],"curies":[{"name":"wp","href":"https:\/\/api.w.org\/{rel}","templated":true}]}}