{"id":383,"date":"2009-12-10T23:27:09","date_gmt":"2009-12-10T22:27:09","guid":{"rendered":"http:\/\/www.heimatverein-gahlen.de\/heimatverein\/?page_id=383"},"modified":"2022-01-28T15:22:52","modified_gmt":"2022-01-28T14:22:52","slug":"rentnertruppe","status":"publish","type":"page","link":"https:\/\/www.heimatverein-gahlen.de\/heimatverein\/?page_id=383","title":{"rendered":"Rentnertruppe"},"content":{"rendered":"<h2 style=\"text-align: center;\"><span style=\"font-size: medium;\"><span style=\"text-decoration: underline;\"><strong>Die Rentnertruppe<\/strong><\/span><\/span><\/h2>\n<p style=\"text-align: left;\"><img loading=\"lazy\" class=\"alignright size-full wp-image-747\" title=\"30.03.2007 Reinigung Tretbecken\" src=\"http:\/\/www.heimatverein-gahlen.de\/heimatverein\/wp-content\/uploads\/30.03.2007-Reinigung-Tretbecken.jpg\" alt=\"30.03.2007 Reinigung Tretbecken\" width=\"290\" height=\"230\"><\/p>\n<table style=\"width: 415px; height: 258px;\" border=\"0\">\n<tbody>\n<tr>\n<td style=\"border: 2px solid #f5deb3;\" colspan=\"2\" align=\"center\">Die zweit\u00e4lteste AG des Heimatvereins ist das Arbeitsteam. Egal<br \/>\nwann, wo, was und wie Hand angelegt werden muss \u2013 diese Truppe ist immer zur Stelle und<br \/>\nunerm\u00fcdlich im Einsatz. Ganz gleich, ob Umweltschutz, Dorfpflege, Denkmalschutz oder Reinigung des<br \/>\nGahlener Tretbeckens. Wenn Wolfgang J\u00f6rgens ruft, sind seine Heinzelm\u00e4nner zur Stelle \u2013 nicht alleine<br \/>\naus diesem Grund ist dieser AG im Dezember 2008 von der Gemeinde Schermbeck die erste<br \/>\nSchermbecker Ehrenamtsmedaille verliehen worden, worauf wir auch m\u00e4chtig stolz sind.<\/td>\n<\/tr>\n<tr>\n<td style=\"border: 1px solid #000000; background-color: #f5deb3;\" align=\"center\"><strong>Termine<\/strong><\/td>\n<td style=\"border: 1px solid #000000; background-color: #f5deb3;\" align=\"center\">flexibel<\/td>\n<\/tr>\n<tr>\n<td style=\"border: 1px solid #000000; background-color: #f5deb3;\" align=\"center\"><strong>Leitung<\/strong><\/td>\n<td style=\"border: 1px solid #000000; background-color: #f5deb3;\" align=\"center\">Wolfgang J\u00f6rgens (0170\/3164799)<\/td>\n<\/tr>\n<tr>\n<td style=\"border: 1px solid #000000; background-color: #f5deb3;\" align=\"center\"><strong>Mitglieder<\/strong><\/td>\n<td style=\"border: 1px solid #000000; background-color: #f5deb3;\" align=\"center\">Oliver Dominik, Heinz Enger, Herbert G\u00fclker, Willi Hartwig, Horst Henkel,<br \/>\nJ\u00fcrgen H\u00f6chst, Wolfgang J\u00f6rgens, G\u00fcnter Lachmann, Malte Blomeier, Heiner Riegelmeyer, Dieter Schlipper, G\u00fcnter Wolff, Rainer Zeppen&nbsp;<\/p>\n<p>Neue Mitarbeiter sind jederzeit gerne gesehen!!!<\/td>\n<\/tr>\n<\/tbody>\n<\/table>\n<!-- default-view.php -->\n<div\n\tclass=\"ngg-galleryoverview default-view  ngg-ajax-pagination-none\"\n\tid=\"ngg-gallery-ac31a8e5cefadd0b4f0e97714b0b0962-1\">\n\n\t\t<!-- Thumbnails -->\n\t\t\t\t<div id=\"ngg-image-0\" class=\"ngg-gallery-thumbnail-box \" >\n\t\t\t\t        <div class=\"ngg-gallery-thumbnail\">\n            <a href=\"https:\/\/www.heimatverein-gahlen.de\/heimatverein\/wp-content\/gallery\/rentnertruppe\/inselreinigung-16-02-08-05.jpg\"\n               title=\"\"\n               data-src=\"https:\/\/www.heimatverein-gahlen.de\/heimatverein\/wp-content\/gallery\/rentnertruppe\/inselreinigung-16-02-08-05.jpg\"\n               data-thumbnail=\"https:\/\/www.heimatverein-gahlen.de\/heimatverein\/wp-content\/gallery\/rentnertruppe\/thumbs\/thumbs_inselreinigung-16-02-08-05.jpg\"\n               data-image-id=\"75\"\n               data-title=\"inselreinigung-16-02-08-05\"\n               data-description=\"\"\n               data-image-slug=\"inselreinigung-16-02-08-05\"\n               class=\"shutterset_ac31a8e5cefadd0b4f0e97714b0b0962\">\n                <img\n                    title=\"inselreinigung-16-02-08-05\"\n                    alt=\"inselreinigung-16-02-08-05\"\n                    src=\"https:\/\/www.heimatverein-gahlen.de\/heimatverein\/wp-content\/gallery\/rentnertruppe\/thumbs\/thumbs_inselreinigung-16-02-08-05.jpg\"\n                    width=\"100\"\n                    height=\"75\"\n                    style=\"max-width:100%;\"\n                \/>\n            <\/a>\n        <\/div>\n\t\t\t\t\t\t\t<\/div> \n\t\t\t\n\t\t\t\t<div id=\"ngg-image-1\" class=\"ngg-gallery-thumbnail-box \" >\n\t\t\t\t        <div class=\"ngg-gallery-thumbnail\">\n            <a href=\"https:\/\/www.heimatverein-gahlen.de\/heimatverein\/wp-content\/gallery\/rentnertruppe\/kneippbecken30-03-2007013.jpg\"\n               title=\"\"\n               data-src=\"https:\/\/www.heimatverein-gahlen.de\/heimatverein\/wp-content\/gallery\/rentnertruppe\/kneippbecken30-03-2007013.jpg\"\n               data-thumbnail=\"https:\/\/www.heimatverein-gahlen.de\/heimatverein\/wp-content\/gallery\/rentnertruppe\/thumbs\/thumbs_kneippbecken30-03-2007013.jpg\"\n               data-image-id=\"76\"\n               data-title=\"kneippbecken30-03-2007013\"\n               data-description=\"\"\n               data-image-slug=\"kneippbecken30-03-2007013\"\n               class=\"shutterset_ac31a8e5cefadd0b4f0e97714b0b0962\">\n                <img\n                    title=\"kneippbecken30-03-2007013\"\n                    alt=\"kneippbecken30-03-2007013\"\n                    src=\"https:\/\/www.heimatverein-gahlen.de\/heimatverein\/wp-content\/gallery\/rentnertruppe\/thumbs\/thumbs_kneippbecken30-03-2007013.jpg\"\n                    width=\"100\"\n                    height=\"75\"\n                    style=\"max-width:100%;\"\n                \/>\n            <\/a>\n        <\/div>\n\t\t\t\t\t\t\t<\/div> \n\t\t\t\n\t\t\t\t<div id=\"ngg-image-2\" class=\"ngg-gallery-thumbnail-box \" >\n\t\t\t\t        <div class=\"ngg-gallery-thumbnail\">\n            <a href=\"https:\/\/www.heimatverein-gahlen.de\/heimatverein\/wp-content\/gallery\/rentnertruppe\/maikranz-2008.jpg\"\n               title=\"\"\n               data-src=\"https:\/\/www.heimatverein-gahlen.de\/heimatverein\/wp-content\/gallery\/rentnertruppe\/maikranz-2008.jpg\"\n               data-thumbnail=\"https:\/\/www.heimatverein-gahlen.de\/heimatverein\/wp-content\/gallery\/rentnertruppe\/thumbs\/thumbs_maikranz-2008.jpg\"\n               data-image-id=\"77\"\n               data-title=\"maikranz-2008\"\n               data-description=\"\"\n               data-image-slug=\"maikranz-2008\"\n               class=\"shutterset_ac31a8e5cefadd0b4f0e97714b0b0962\">\n                <img\n                    title=\"maikranz-2008\"\n                    alt=\"maikranz-2008\"\n                    src=\"https:\/\/www.heimatverein-gahlen.de\/heimatverein\/wp-content\/gallery\/rentnertruppe\/thumbs\/thumbs_maikranz-2008.jpg\"\n                    width=\"97\"\n                    height=\"75\"\n                    style=\"max-width:100%;\"\n                \/>\n            <\/a>\n        <\/div>\n\t\t\t\t\t\t\t<\/div> \n\t\t\t\n\t\n\t<br style=\"clear: both\" \/>\n\n\t\t<div class=\"slideshowlink\">\n        <a href='https:\/\/www.heimatverein-gahlen.de\/heimatverein\/index.php\/nggallery\/slideshow?page_id=383'>[Zeige als Diashow]<\/a>\n\t\t\n\t<\/div>\n\t\n\t\t<!-- Pagination -->\n\t<div class='ngg-clear'><\/div>\t<\/div>\n\n<p style=\"text-align: left;\"><span style=\"text-decoration: underline;\">&nbsp;<\/span><\/p>\n","protected":false},"excerpt":{"rendered":"<p>Die Rentnertruppe Die zweit\u00e4lteste AG des Heimatvereins ist das Arbeitsteam. Egal wann, wo, was und wie Hand angelegt werden muss \u2013 diese Truppe ist immer zur Stelle und unerm\u00fcdlich im Einsatz. Ganz gleich, ob Umweltschutz, Dorfpflege, Denkmalschutz oder Reinigung des Gahlener Tretbeckens. Wenn Wolfgang J\u00f6rgens ruft, sind seine Heinzelm\u00e4nner zur Stelle \u2013 nicht alleine aus [&hellip;]<\/p>\n","protected":false},"author":1,"featured_media":0,"parent":0,"menu_order":0,"comment_status":"open","ping_status":"open","template":"","meta":{"ngg_post_thumbnail":0},"_links":{"self":[{"href":"https:\/\/www.heimatverein-gahlen.de\/heimatverein\/index.php?rest_route=\/wp\/v2\/pages\/383"}],"collection":[{"href":"https:\/\/www.heimatverein-gahlen.de\/heimatverein\/index.php?rest_route=\/wp\/v2\/pages"}],"about":[{"href":"https:\/\/www.heimatverein-gahlen.de\/heimatverein\/index.php?rest_route=\/wp\/v2\/types\/page"}],"author":[{"embeddable":true,"href":"https:\/\/www.heimatverein-gahlen.de\/heimatverein\/index.php?rest_route=\/wp\/v2\/users\/1"}],"replies":[{"embeddable":true,"href":"https:\/\/www.heimatverein-gahlen.de\/heimatverein\/index.php?rest_route=%2Fwp%2Fv2%2Fcomments&post=383"}],"version-history":[{"count":0,"href":"https:\/\/www.heimatverein-gahlen.de\/heimatverein\/index.php?rest_route=\/wp\/v2\/pages\/383\/revisions"}],"wp:attachment":[{"href":"https:\/\/www.heimatverein-gahlen.de\/heimatverein\/index.php?rest_route=%2Fwp%2Fv2%2Fmedia&parent=383"}],"curies":[{"name":"wp","href":"https:\/\/api.w.org\/{rel}","templated":true}]}}