{"id":403,"date":"2009-12-10T23:51:16","date_gmt":"2009-12-10T22:51:16","guid":{"rendered":"http:\/\/www.heimatverein-gahlen.de\/heimatverein\/?page_id=403"},"modified":"2021-02-16T16:11:40","modified_gmt":"2021-02-16T15:11:40","slug":"vom-schaft-zur-socke","status":"publish","type":"page","link":"https:\/\/www.heimatverein-gahlen.de\/heimatverein\/?page_id=403","title":{"rendered":"Vom Schaf zur Socke"},"content":{"rendered":"<h2 style=\"text-align: center;\"><span style=\"font-size: medium;\"><span style=\"text-decoration: underline;\"><strong>Vom Schaf zur Socke<\/strong><\/span><\/span><\/h2>\n<table style=\"width: 88.7503%; height: 440px;\" border=\"0\">\n<tbody>\n<tr style=\"height: 186px;\">\n<td style=\"border: 2px solid #f5deb3; height: 136px; width: 120.764%;\" colspan=\"2\" align=\"center\">Schafwolle ist von jeher ein viel genutzter, nat\u00fcrlicher Rohstoff, aus dem verschiedenste<br \/>\nGebrauchsgegenst\u00e4nde hergestellt wurden. Von Woll-Spielzeugen \u00fcber lebensnotwendige oder einfach nur modische Kleidungsst\u00fccke wurde aus der Schafwolle durch Spinnen und Stricken alles hergestellt.<br \/>\nDieser Aufgabe stellt sich heute wieder diese Arbeitsgruppe um Gruppenleiterin Christel Grobe. Der Gruppe kann man beim Tennenfest, w\u00e4hrend der Kirmes und auf dem Nikolausmarkt ebenso begegnen wie bei verschiedenen Veranstaltungen der Gemeinde.<\/td>\n<\/tr>\n<tr style=\"height: 44px;\">\n<td style=\"border: 1px solid #000000; background-color: #f5deb3; height: 44px; width: 21.2411%;\" align=\"center\"><strong>Termine<\/strong><\/td>\n<td style=\"border: 1px solid #000000; background-color: #f5deb3; height: 44px; width: 99.5227%;\" align=\"center\">Jeder erste Samstag im Monat von 14:00 bis 17:00 Uhr<\/td>\n<\/tr>\n<tr style=\"height: 64px;\">\n<td style=\"border: 1px solid #000000; background-color: #f5deb3; height: 64px; width: 21.2411%;\" align=\"center\"><strong>Leitung<\/strong><\/td>\n<td style=\"border: 1px solid #000000; background-color: #f5deb3; height: 64px; width: 99.5227%;\" align=\"center\">Christel Grobe (02853 \/ 1241), Stellvertreterin: Elvira Grefer (02853\/2438)<\/p>\n<p><img loading=\"lazy\" class=\"alignright size-full wp-image-755\" title=\"Spinnen\" src=\"http:\/\/www.heimatverein-gahlen.de\/heimatverein\/wp-content\/uploads\/Spinnen1.jpg\" alt=\"Spinnen\" width=\"290\" height=\"220\"><\/td>\n<\/tr>\n<tr style=\"height: 66px;\">\n<td style=\"border: 1px solid #000000; background-color: #f5deb3; height: 66px; width: 21.2411%;\" align=\"center\"><strong>Mitglieder<\/strong><\/td>\n<td style=\"border: 1px solid #000000; background-color: #f5deb3; height: 66px; width: 99.5227%;\" align=\"center\">Manuela B\u00fcrskens, Elvira Grefer, Christel Grobe, Elsbeth Klein, Ingrid Lohmann, Marianne Roth, Marion Rusch, Elke Walbrodt, Birgit Zerbe<\/td>\n<\/tr>\n<\/tbody>\n<\/table>\n<!-- default-view.php -->\n<div\n\tclass=\"ngg-galleryoverview default-view  ngg-ajax-pagination-none\"\n\tid=\"ngg-gallery-f6ff39a3cb25fd08a8a589de52ba0596-1\">\n\n\t\t<!-- Thumbnails -->\n\t\t\t\t<div id=\"ngg-image-0\" class=\"ngg-gallery-thumbnail-box \" >\n\t\t\t\t        <div class=\"ngg-gallery-thumbnail\">\n            <a href=\"https:\/\/www.heimatverein-gahlen.de\/heimatverein\/wp-content\/gallery\/spinnen\/spinnen.jpg\"\n               title=\"\"\n               data-src=\"https:\/\/www.heimatverein-gahlen.de\/heimatverein\/wp-content\/gallery\/spinnen\/spinnen.jpg\"\n               data-thumbnail=\"https:\/\/www.heimatverein-gahlen.de\/heimatverein\/wp-content\/gallery\/spinnen\/thumbs\/thumbs_spinnen.jpg\"\n               data-image-id=\"78\"\n               data-title=\"spinnen\"\n               data-description=\"\"\n               data-image-slug=\"spinnen\"\n               class=\"shutterset_f6ff39a3cb25fd08a8a589de52ba0596\">\n                <img\n                    title=\"spinnen\"\n                    alt=\"spinnen\"\n                    src=\"https:\/\/www.heimatverein-gahlen.de\/heimatverein\/wp-content\/gallery\/spinnen\/thumbs\/thumbs_spinnen.jpg\"\n                    width=\"100\"\n                    height=\"75\"\n                    style=\"max-width:100%;\"\n                \/>\n            <\/a>\n        <\/div>\n\t\t\t\t\t\t\t<\/div> \n\t\t\t\n\t\t\t\t<div id=\"ngg-image-1\" class=\"ngg-gallery-thumbnail-box \" >\n\t\t\t\t        <div class=\"ngg-gallery-thumbnail\">\n            <a href=\"https:\/\/www.heimatverein-gahlen.de\/heimatverein\/wp-content\/gallery\/spinnen\/spinnrader-lore-hoechst.jpg\"\n               title=\"\"\n               data-src=\"https:\/\/www.heimatverein-gahlen.de\/heimatverein\/wp-content\/gallery\/spinnen\/spinnrader-lore-hoechst.jpg\"\n               data-thumbnail=\"https:\/\/www.heimatverein-gahlen.de\/heimatverein\/wp-content\/gallery\/spinnen\/thumbs\/thumbs_spinnrader-lore-hoechst.jpg\"\n               data-image-id=\"79\"\n               data-title=\"spinnrader-lore-hoechst\"\n               data-description=\"\"\n               data-image-slug=\"spinnrader-lore-hoechst\"\n               class=\"shutterset_f6ff39a3cb25fd08a8a589de52ba0596\">\n                <img\n                    title=\"spinnrader-lore-hoechst\"\n                    alt=\"spinnrader-lore-hoechst\"\n                    src=\"https:\/\/www.heimatverein-gahlen.de\/heimatverein\/wp-content\/gallery\/spinnen\/thumbs\/thumbs_spinnrader-lore-hoechst.jpg\"\n                    width=\"100\"\n                    height=\"75\"\n                    style=\"max-width:100%;\"\n                \/>\n            <\/a>\n        <\/div>\n\t\t\t\t\t\t\t<\/div> \n\t\t\t\n\t\n\t<br style=\"clear: both\" \/>\n\n\t\t<div class=\"slideshowlink\">\n        <a href='https:\/\/www.heimatverein-gahlen.de\/heimatverein\/index.php\/nggallery\/slideshow?page_id=403'>[Zeige als Diashow]<\/a>\n\t\t\n\t<\/div>\n\t\n\t\t<!-- Pagination -->\n\t<div class='ngg-clear'><\/div>\t<\/div>\n\n","protected":false},"excerpt":{"rendered":"<p>Vom Schaf zur Socke Schafwolle ist von jeher ein viel genutzter, nat\u00fcrlicher Rohstoff, aus dem verschiedenste Gebrauchsgegenst\u00e4nde hergestellt wurden. Von Woll-Spielzeugen \u00fcber lebensnotwendige oder einfach nur modische Kleidungsst\u00fccke wurde aus der Schafwolle durch Spinnen und Stricken alles hergestellt. Dieser Aufgabe stellt sich heute wieder diese Arbeitsgruppe um Gruppenleiterin Christel Grobe. Der Gruppe kann man beim [&hellip;]<\/p>\n","protected":false},"author":1,"featured_media":0,"parent":0,"menu_order":0,"comment_status":"open","ping_status":"open","template":"","meta":{"ngg_post_thumbnail":0},"_links":{"self":[{"href":"https:\/\/www.heimatverein-gahlen.de\/heimatverein\/index.php?rest_route=\/wp\/v2\/pages\/403"}],"collection":[{"href":"https:\/\/www.heimatverein-gahlen.de\/heimatverein\/index.php?rest_route=\/wp\/v2\/pages"}],"about":[{"href":"https:\/\/www.heimatverein-gahlen.de\/heimatverein\/index.php?rest_route=\/wp\/v2\/types\/page"}],"author":[{"embeddable":true,"href":"https:\/\/www.heimatverein-gahlen.de\/heimatverein\/index.php?rest_route=\/wp\/v2\/users\/1"}],"replies":[{"embeddable":true,"href":"https:\/\/www.heimatverein-gahlen.de\/heimatverein\/index.php?rest_route=%2Fwp%2Fv2%2Fcomments&post=403"}],"version-history":[{"count":0,"href":"https:\/\/www.heimatverein-gahlen.de\/heimatverein\/index.php?rest_route=\/wp\/v2\/pages\/403\/revisions"}],"wp:attachment":[{"href":"https:\/\/www.heimatverein-gahlen.de\/heimatverein\/index.php?rest_route=%2Fwp%2Fv2%2Fmedia&parent=403"}],"curies":[{"name":"wp","href":"https:\/\/api.w.org\/{rel}","templated":true}]}}