{"id":407,"date":"2009-12-10T23:57:19","date_gmt":"2009-12-10T22:57:19","guid":{"rendered":"http:\/\/www.heimatverein-gahlen.de\/heimatverein\/?page_id=407"},"modified":"2021-02-16T13:33:53","modified_gmt":"2021-02-16T12:33:53","slug":"flechtwerk","status":"publish","type":"page","link":"https:\/\/www.heimatverein-gahlen.de\/heimatverein\/?page_id=407","title":{"rendered":"Flecht und Deko AG"},"content":{"rendered":"<h2 style=\"text-align: center;\"><span style=\"font-size: medium;\"><span style=\"text-decoration: underline;\"><strong>Flecht und Deko AG, oder auf \u201cBiegen und Brechen\u201d<\/strong><\/span><\/span><\/h2>\n<p style=\"text-align: left;\"><img loading=\"lazy\" class=\"alignright size-full wp-image-179\" style=\"border: 2px solid black;\" title=\"Flechten\" src=\"http:\/\/www.heimatverein-gahlen.de\/heimatverein\/wp-content\/uploads\/Flechten.jpg\" alt=\"Flechten\" width=\"290\" height=\"220\" srcset=\"https:\/\/www.heimatverein-gahlen.de\/heimatverein\/wp-content\/uploads\/Flechten.jpg 320w, https:\/\/www.heimatverein-gahlen.de\/heimatverein\/wp-content\/uploads\/Flechten-300x228.jpg 300w\" sizes=\"(max-width: 290px) 100vw, 290px\" \/><\/p>\n<table style=\"width: 415px; height: 84px;\" border=\"0\">\n<tbody>\n<tr>\n<td style=\"border: 2px solid #f5deb3;\" colspan=\"2\" align=\"center\">Das Flechten von K\u00f6rben und anderen Gebrauchsgegenst\u00e4nden war in unserer Region durch die vielen Weiden an Bachl\u00e4ufen und den feuchten Wiesen weit verbreitet. Dieses alte Handwerk zu erhalten ist die Aufgabe dieser Arbeitsgruppe.<\/td>\n<\/tr>\n<tr>\n<td style=\"border: 1px solid #000000; background-color: #f5deb3;\" align=\"center\"><strong> Termine<\/strong><\/td>\n<td style=\"border: 1px solid #000000; background-color: #f5deb3;\" align=\"center\">einmal monatlich<\/td>\n<\/tr>\n<tr>\n<td style=\"border: 1px solid #000000; background-color: #f5deb3;\" align=\"center\"><strong>Leitung<\/strong><\/td>\n<td style=\"border: 1px solid #000000; background-color: #f5deb3;\" align=\"center\">&nbsp;Waldtraud Biederman (02853 \/ 4252); stv. Leiterin: Renate Hartwig<\/td>\n<\/tr>\n<tr>\n<td style=\"border: 1px solid #000000; background-color: #f5deb3;\" align=\"center\"><strong> Mitglieder<\/strong><\/td>\n<td style=\"border: 1px solid #000000; background-color: #f5deb3;\" align=\"center\">Waldtraud Biedermann, Ute Enger, Ingrid Gl\u00e4ser, Renate Hartwig, Vera<br \/>\nLachmann, Gaby Marrali, Marion Rath, Karin Schneider, Marianne Schulte, Bettina Wagner<\/td>\n<\/tr>\n<\/tbody>\n<\/table>\n<p>&nbsp;<\/p>\n<p><a href=\"http:\/\/www.heimatverein-gahlen.de\/heimatverein\/wp-content\/uploads\/Flecht_Deko_Gruppe2.jpg\"><img loading=\"lazy\" class=\"aligncenter size-full wp-image-2279\" src=\"http:\/\/www.heimatverein-gahlen.de\/heimatverein\/wp-content\/uploads\/Flecht_Deko_Gruppe2.jpg\" alt=\"Flecht_Deko_Gruppe2\" width=\"624\" height=\"416\" srcset=\"https:\/\/www.heimatverein-gahlen.de\/heimatverein\/wp-content\/uploads\/Flecht_Deko_Gruppe2.jpg 624w, https:\/\/www.heimatverein-gahlen.de\/heimatverein\/wp-content\/uploads\/Flecht_Deko_Gruppe2-300x200.jpg 300w\" sizes=\"(max-width: 624px) 100vw, 624px\" \/><\/a><\/p>\n<p>Gruppenbild (von links nach rechts): Waldtraut Biedermann (Gruppenleiterin), Ka<wbr>rin Schneider, Ute Enger, Angela Lieven, Bettina Wagner, Renate Hartwig, Gaby Marrali, Marion Rath, Marianne Schulte<\/p>\n<p>&nbsp;<\/p>\n<p><a href=\"http:\/\/www.heimatverein-gahlen.de\/heimatverein\/wp-content\/uploads\/Flecht_Deko_Gruppe_b.jpg\"><img loading=\"lazy\" class=\"aligncenter size-full wp-image-2274\" src=\"http:\/\/www.heimatverein-gahlen.de\/heimatverein\/wp-content\/uploads\/Flecht_Deko_Gruppe_b.jpg\" alt=\"Flecht_Deko_Gruppe_b\" width=\"670\" height=\"460\"><\/a><\/p>\n","protected":false},"excerpt":{"rendered":"<p>Flecht und Deko AG, oder auf \u201cBiegen und Brechen\u201d Das Flechten von K\u00f6rben und anderen Gebrauchsgegenst\u00e4nden war in unserer Region durch die vielen Weiden an Bachl\u00e4ufen und den feuchten Wiesen weit verbreitet. Dieses alte Handwerk zu erhalten ist die Aufgabe dieser Arbeitsgruppe. Termine einmal monatlich Leitung &nbsp;Waldtraud Biederman (02853 \/ 4252); stv. Leiterin: Renate Hartwig [&hellip;]<\/p>\n","protected":false},"author":1,"featured_media":0,"parent":0,"menu_order":0,"comment_status":"open","ping_status":"open","template":"","meta":{"ngg_post_thumbnail":0},"_links":{"self":[{"href":"https:\/\/www.heimatverein-gahlen.de\/heimatverein\/index.php?rest_route=\/wp\/v2\/pages\/407"}],"collection":[{"href":"https:\/\/www.heimatverein-gahlen.de\/heimatverein\/index.php?rest_route=\/wp\/v2\/pages"}],"about":[{"href":"https:\/\/www.heimatverein-gahlen.de\/heimatverein\/index.php?rest_route=\/wp\/v2\/types\/page"}],"author":[{"embeddable":true,"href":"https:\/\/www.heimatverein-gahlen.de\/heimatverein\/index.php?rest_route=\/wp\/v2\/users\/1"}],"replies":[{"embeddable":true,"href":"https:\/\/www.heimatverein-gahlen.de\/heimatverein\/index.php?rest_route=%2Fwp%2Fv2%2Fcomments&post=407"}],"version-history":[{"count":0,"href":"https:\/\/www.heimatverein-gahlen.de\/heimatverein\/index.php?rest_route=\/wp\/v2\/pages\/407\/revisions"}],"wp:attachment":[{"href":"https:\/\/www.heimatverein-gahlen.de\/heimatverein\/index.php?rest_route=%2Fwp%2Fv2%2Fmedia&parent=407"}],"curies":[{"name":"wp","href":"https:\/\/api.w.org\/{rel}","templated":true}]}}