{"id":462,"date":"2009-12-11T17:42:41","date_gmt":"2009-12-11T16:42:41","guid":{"rendered":"http:\/\/www.heimatverein-gahlen.de\/heimatverein\/?page_id=462"},"modified":"2026-03-07T19:13:53","modified_gmt":"2026-03-07T18:13:53","slug":"aktuelles","status":"publish","type":"page","link":"https:\/\/www.heimatverein-gahlen.de\/heimatverein\/?page_id=462","title":{"rendered":"Aktuelles"},"content":{"rendered":"<p>&nbsp;<\/p>\n<p>&nbsp;<\/p>\n<p style=\"text-align: center;\"><span style=\"font-size: large;\"><strong>Aktuelles im Jahr 2020\/2021\/2022\/2023\/2024\/2025\/2026<\/strong><\/span><\/p>\n<p><strong>M\u00e4rz 2026:<\/strong><\/p>\n<p style=\"text-align: center;\"><strong><a href=\"https:\/\/www.heimatverein-gahlen.de\/heimatverein\/wp-content\/uploads\/Ankuendigung JHV 2026 Heimatverein Gahlen.pdf\" data-wplink-url-error=\"true\">Ank\u00fcndigung Jahreshauptversammlung des Heimatvereins<\/a><\/strong><\/p>\n<p><strong>Januar 2026:<\/strong><\/p>\n<p style=\"text-align: center;\"><strong><a href=\"https:\/\/www.heimatverein-gahlen.de\/heimatverein\/wp-content\/uploads\/Panhas_DZ_2026.pdf\" data-wplink-url-error=\"true\">Bericht \u00fcber Panhas am Schwenkmast von der Dorstener Zeitung<\/a><\/strong><\/p>\n<p style=\"text-align: center;\"><strong><a href=\"https:\/\/www.heimatverein-gahlen.de\/heimatverein\/wp-content\/uploads\/Ank\u00fcndigung Panhas am Schwenkmast 2026.pdf\" data-wplink-url-error=\"true\">Presseinformation: Panhas am Schwenkmast<\/a><\/strong><\/p>\n<p><strong>November 2025:<\/strong><\/p>\n<p><strong><a href=\"https:\/\/www.heimatverein-gahlen.de\/heimatverein\/wp-content\/uploads\/PI_Nikolauszug 2025_k.pdf\" data-wplink-url-error=\"true\">Presseinformation 53. Nikolauszug am 06.12.25 in Gahlen sowie Infos zur Bestellung der Nikolaust\u00fcten<\/a><\/strong><\/p>\n<p style=\"text-align: center;\"><strong><a href=\"https:\/\/www.heimatverein-gahlen.de\/heimatverein\/wp-content\/uploads\/Verleihung_der_Ehrenamtsmedaillen_2024_und_2025.pdf\" data-wplink-url-error=\"true\">Verleihung der Ehrenamtsmedaille 2025 f\u00fcr J\u00fcrgen H\u00f6chst (Artikel mit freundlicher Genehmigung der Dorstener Zeitung, erschienen in der DZ am 08.11.2025)<\/a><\/strong><\/p>\n<p><strong>September 2025:&nbsp; <\/strong>&nbsp; &nbsp; &nbsp; &nbsp; &nbsp; &nbsp;&nbsp;<\/p>\n<p style=\"text-align: center;\"><strong><a href=\"https:\/\/www.heimatverein-gahlen.de\/heimatverein\/wp-content\/uploads\/HVG PI Lippebr\u00e4utag und Erntedankfest.pdf\" data-wplink-url-error=\"true\">Presseartikel zum Lippebr\u00e4utag und zum Erntedankfest<\/a><\/strong><\/p>\n<p style=\"text-align: center;\"><strong><a href=\"https:\/\/www.heimatverein-gahlen.de\/heimatverein\/wp-content\/uploads\/75Jahre_Bericht DZ_2025_08_27.pdf\" data-wplink-url-error=\"true\">Presseartikel der Dorstener Zeitung zum 75.j\u00e4hrigen Jubil\u00e4um<\/a><\/strong><\/p>\n<p style=\"text-align: center;\"><strong><a href=\"https:\/\/www.heimatverein-gahlen.de\/heimatverein\/wp-content\/uploads\/Festtag_HVG_2025_08_23.pdf\" data-wplink-url-error=\"true\"> Bericht \u00fcber den Festtag zum 75.j\u00e4hrigen Jubil\u00e4um <\/a><\/strong><\/p>\n<p><strong>Juli 2025:<\/strong><\/p>\n<p style=\"text-align: center;\"><strong><a href=\"https:\/\/www.heimatverein-gahlen.de\/heimatverein\/wp-content\/uploads\/PI_Jubifeier_Festschrift.pdf\" data-wplink-url-error=\"true\">Presseinformation Jubil\u00e4umsfeier und Festschrift <\/a><\/strong><\/p>\n<p style=\"text-align: center;\"><strong><a href=\"https:\/\/www.heimatverein-gahlen.de\/heimatverein\/wp-content\/uploads\/Spende_Festschrift 2025.pdf\" data-wplink-url-error=\"true\">Bitte um Spenden f\u00fcr die Festschrift anl\u00e4sslich des 75. Jubil\u00e4ums <\/a><\/strong><\/p>\n<p><strong>April 2025:<\/strong><\/p>\n<p style=\"text-align: center;\"><strong><a href=\"https:\/\/www.heimatverein-gahlen.de\/heimatverein\/wp-content\/uploads\/Ank\u00fcndigung Maikranzbinden und Stadtradeln HVG 2025.pdf\" data-wplink-url-error=\"true\">Ank\u00fcndigung Maikranzbinden und Stadtradeln&nbsp;<\/a><\/strong><\/p>\n<p><strong>M\u00e4rz <\/strong><strong>2025:<\/strong><\/p>\n<p style=\"text-align: center;\"><strong><a href=\"https:\/\/www.heimatverein-gahlen.de\/heimatverein\/wp-content\/uploads\/PI JHV 2025.pdf\" data-wplink-url-error=\"true\">Presseinformation<\/a><a href=\"https:\/\/www.heimatverein-gahlen.de\/heimatverein\/wp-content\/uploads\/PI JHV 2025.pdf\" data-wplink-url-error=\"true\"> zur Jahreshauptversammlung am 14.03.2025<\/a><\/strong><\/p>\n<p><strong>Januar 2025<\/strong>:<\/p>\n<p style=\"text-align: center;\"><strong><a href=\"https:\/\/www.heimatverein-gahlen.de\/heimatverein\/wp-content\/uploads\/PI Panhas 2025.pdf\" data-wplink-url-error=\"true\">Veranstaltung Panhas am Schwenkmast am 10. Januar 2025<\/a> <\/strong><\/p>\n<p><strong><strong>Dezember 2024:<\/strong><\/strong><\/p>\n<p style=\"text-align: center;\"><strong><a href=\"https:\/\/www.heimatverein-gahlen.de\/heimatverein\/wp-content\/uploads\/52.NZ Gahlen_071224.pdf\" data-wplink-url-error=\"true\">Pressebericht \u00fcber den 52.Nikolauszug von Helmut Scheffler (auch in der Dorstener Zeitung erschienen)<\/a><\/strong><\/p>\n<p><strong>November 2024:<\/strong><\/p>\n<p style=\"text-align: center;\"><strong><a href=\"https:\/\/www.heimatverein-gahlen.de\/heimatverein\/wp-content\/uploads\/PI Nikolauszug 2024.pdf\" data-wplink-url-error=\"true\">alle Informationen zum Nikolauszug am 7.12.24 &#8211; Tickets zum 1.Mal auch online \u00fcber das VR-Ticket-System der Volksbank Schermbeck eG zu kaufen! <\/a><\/strong><\/p>\n<p style=\"text-align: center;\"><strong><a href=\"https:\/\/login.vr-ticket.de\/vb-schermbeck\/24nikolausumzug\/\" data-wplink-url-error=\"true\"> Der Link zur Veranstaltung f\u00fcr die Online-Tickets ist hier! <\/a><\/strong><\/p>\n<p><strong>Oktober 2024<\/strong>:&nbsp;<\/p>\n<p style=\"text-align: center;\"><strong><a href=\"https:\/\/www.heimatverein-gahlen.de\/heimatverein\/wp-content\/uploads\/Lippebraeutag_2024.pdf\" data-wplink-url-error=\"true\">Bericht vom Lippebr\u00e4utag (Artikel von Fotos von Helmut Scheffler, auch erschienen in der DZ und RP) <\/a><\/strong><\/p>\n<p><strong>September 2024<\/strong>:&nbsp;<\/p>\n<p style=\"text-align: center;\"><strong><a href=\"https:\/\/www.heimatverein-gahlen.de\/heimatverein\/wp-content\/uploads\/HVG Ank\u00fcndigung Lippebraeutag und Erntedankfest.pdf\" data-wplink-url-error=\"true\">Presseinformation Lippebr\u00e4utag&nbsp; am 3.10.24 und Erntedankfest am 6.10.24 <\/a><\/strong><\/p>\n<p style=\"text-align: center;\"><strong><a href=\"https:\/\/www.heimatverein-gahlen.de\/heimatverein\/wp-content\/uploads\/PUMA_Projekt_Waldbuehne_Toerkentreck.pdf\" data-wplink-url-error=\"true\"><br \/>\nDer HVG stellte das Projekt Waldb\u00fchne-T\u00f6rkentreck vor (Artikel von Marie-Therese Gewert von der Dorstener Zeitung vom 11.09.24) <\/a><\/strong><\/p>\n<p><strong>Juni 2024:<\/strong><\/p>\n<p style=\"text-align: center;\"><strong><a href=\"https:\/\/www.heimatverein-gahlen.de\/heimatverein\/wp-content\/uploads\/Tennenfest 2024.pdf\" data-wplink-url-error=\"true\">Ank\u00fcndigung Tennenfest am 30.06.2024<\/a><\/strong><\/p>\n<p><strong>April 2024:<\/strong><\/p>\n<p style=\"text-align: center;\"><strong><a href=\"https:\/\/www.heimatverein-gahlen.de\/heimatverein\/wp-content\/uploads\/Offenes Maikranzbinden 2024.pdf\" data-wplink-url-error=\"true\">Presseinformation: Ank\u00fcndigung Offenes Maikranzbinden&nbsp;<\/a><\/strong><\/p>\n<p style=\"text-align: center;\"><strong><a href=\"https:\/\/www.heimatverein-gahlen.de\/heimatverein\/wp-content\/uploads\/PI_VandalismusTretbecken042024.pdf\" data-wplink-url-error=\"true\">Presseinformation: Vandalismus am Tretbecken<\/a><\/strong><\/p>\n<p style=\"text-align: center;\"><strong><a href=\"https:\/\/www.heimatverein-gahlen.de\/heimatverein\/wp-content\/uploads\/PI_Inb_TB_WSA_2024.pdf\" data-wplink-url-error=\"true\">Presseinformation: Wiederer\u00f6ffnung Tretbecken<\/a><\/strong><\/p>\n<p style=\"text-align: left;\"><strong>Februar 2024:<\/strong><br \/>\n<strong><a href=\"https:\/\/www.heimatverein-gahlen.de\/heimatverein\/wp-content\/uploads\/Ankuendigung JHV 2024 und Duett un Datt op Platt.pdf\" data-wplink-url-error=\"true\"><br \/>\nPresseinformation JH-Versammlung sowie Veranstaltung &#8222;D\u00fctt un Datt op platt&#8220;<br \/>\n<\/a><\/strong><\/p>\n<p style=\"text-align: center;\">&nbsp;<\/p>\n<p><strong><strong>Januar 2024:<\/strong><\/strong><\/p>\n<p style=\"text-align: center;\"><strong><a href=\"https:\/\/www.heimatverein-gahlen.de\/heimatverein\/wp-content\/uploads\/PI Panhas 2024.pdf\" data-wplink-url-error=\"true\">Presseinformation: Ank\u00fcndigung Panhas am 12.01.2024<\/a><\/strong><\/p>\n<p style=\"text-align: center;\"><strong><a href=\"https:\/\/www.heimatverein-gahlen.de\/heimatverein\/wp-content\/uploads\/Nikolausumzug_DZ.pdf\" data-wplink-url-error=\"true\">Bericht zum Nikolauszug (Dorstener Zeitung vom 12.12.2023)<\/a><\/strong><\/p>\n<p><strong>Dezember 2023:&nbsp; &nbsp; &nbsp; &nbsp; &nbsp; &nbsp; &nbsp;<\/strong><\/p>\n<p><strong><a href=\"https:\/\/www.heimatverein-gahlen.de\/heimatverein\/wp-content\/uploads\/Verleihung_der_Ehrenamtsmedaille_2023.pdf\" data-wplink-url-error=\"true\">Verleihung der Ehrenamtsmedaille f\u00fcr Helmut Scheffler (Dorstener Zeitung vom 25.11.2023)<\/a><\/strong><\/p>\n<p style=\"text-align: left;\"><strong>November 2023:<\/strong><\/p>\n<p style=\"text-align: center;\"><strong><a href=\"https:\/\/www.heimatverein-gahlen.de\/heimatverein\/wp-content\/uploads\/PI Nzug 09122023.pdf\" data-wplink-url-error=\"true\">Presseinformation 51.Nikolauszug am 9.12.2023<\/a><\/strong><\/p>\n<p><a>&nbsp; <\/a><\/p>\n<p><span style=\"color: #000000;\"><a style=\"color: #000000;\">&nbsp;<\/a><\/span><strong><a><span style=\"color: #000000;\">September 2023:&nbsp;<\/span> &nbsp; &nbsp; &nbsp; &nbsp; <\/a><\/strong><strong><span style=\"font-size: large;\"><a href=\"https:\/\/www.heimatverein-gahlen.de\/heimatverein\/wp-content\/uploads\/PI Erntedankfest und Lippebraeutag.pdf\" data-wplink-url-error=\"true\">Presseinformation Erntedankfest und Lippebr\u00e4utag<\/a><\/span><\/strong><\/p>\n<p style=\"text-align: center;\"><span style=\"font-size: large;\"><strong><a href=\"https:\/\/www.heimatverein-gahlen.de\/heimatverein\/wp-content\/uploads\/Tennenfest 10.09.2023.pdf\" data-wplink-url-error=\"true\">Bericht vom Tennenfest von Helmut Scheffler<\/a><\/strong><\/span><\/p>\n<p style=\"text-align: center;\"><strong><a href=\"https:\/\/www.heimatverein-gahlen.de\/heimatverein\/wp-content\/uploads\/Tennenfest2023.pdf\" data-wplink-url-error=\"true\"><span style=\"font-size: large;\">Presseinformation: Ank\u00fcndigung des Tennenfestes am 10.09.2023<\/span><\/a><\/strong><\/p>\n<p style=\"text-align: left;\"><span style=\"font-size: large;\"><strong>Juli 2023:&nbsp;&nbsp;<\/strong><\/span><\/p>\n<p style=\"text-align: center;\"><strong><strong><a href=\"https:\/\/www.heimatverein-gahlen.de\/heimatverein\/wp-content\/uploads\/Schafsmarkt Gahlen 2023.pdf\" data-wplink-url-error=\"true\">Presseinformation: Ank\u00fcndigung des Schafmarktes am 12.\/13.08.2023<\/a><\/strong><\/strong><\/p>\n<p style=\"text-align: left;\"><span style=\"font-size: large;\"><strong>April 2023:<\/strong><\/span><\/p>\n<p style=\"text-align: center;\"><span style=\"font-size: large;\"><strong><strong><a href=\"https:\/\/www.heimatverein-gahlen.de\/heimatverein\/wp-content\/uploads\/PI_Inbetriebnahme WSP_Tretbecken.pdf\" data-wplink-url-error=\"true\">Presseinformation: Wiederinbetriebnahme Wasserspielanlage und Tretbecken<\/a><\/strong><\/strong><\/span><\/p>\n<p><strong>M\u00e4rz 2023:<\/strong><\/p>\n<p style=\"text-align: center;\"><span style=\"font-size: large;\"><strong><strong><a href=\"https:\/\/www.heimatverein-gahlen.de\/heimatverein\/wp-content\/uploads\/PI JHV und Umwelttag 2023.pdf\" data-wplink-url-error=\"true\">Presseinformation zur JHV und zum Umwelttag<\/a><\/strong><\/strong><\/span><\/p>\n<p><strong>Januar 2023:<\/strong><\/p>\n<p style=\"text-align: center;\"><span style=\"font-size: large;\"><strong><strong><a href=\"https:\/\/www.heimatverein-gahlen.de\/heimatverein\/wp-content\/uploads\/GSitzung HVG 20012023.pdf\" data-wplink-url-error=\"true\">Presseinformation zur Gruppenleitersitzung am 20.01.2023<\/a><\/strong><\/strong><\/span><\/p>\n<p style=\"text-align: center;\"><span style=\"font-size: large;\"><strong><a href=\"https:\/\/www.heimatverein-gahlen.de\/heimatverein\/wp-content\/uploads\/PI Panhas 2023.pdf\" data-wplink-url-error=\"true\">Presseinformation zur Ank\u00fcndigung Panhas am Schwenkmast 2023<\/a><\/strong><\/span><\/p>\n<p>&nbsp;<\/p>\n<p><strong>November 2022:<\/strong><\/p>\n<p style=\"text-align: center;\"><span style=\"font-size: large;\"><strong><a href=\"https:\/\/www.heimatverein-gahlen.de\/heimatverein\/wp-content\/uploads\/Nzug_2022.pdf\" data-wplink-url-error=\"true\">Presseinformation zum Nikolauszug am 03.12.2022<\/a><\/strong><\/span><\/p>\n<p style=\"text-align: left;\"><strong>Oktober 2022:<\/strong><\/p>\n<p style=\"text-align: center;\"><span style=\"font-size: large;\"><strong><a href=\"https:\/\/www.heimatverein-gahlen.de\/heimatverein\/wp-content\/uploads\/Bericht Lippebr\u00e4utag 03.10.2022.pdf\" data-wplink-url-error=\"true\">Bericht \u00fcber den 9.Lippebr\u00e4utag von Helmut Scheffler (auch erschienen in der Dorstener Zeitung)<\/a><\/strong><\/span><\/p>\n<p><strong>September 2022:&nbsp;<\/strong><\/p>\n<p style=\"text-align: center;\"><span style=\"font-size: large;\"><strong><a href=\"https:\/\/www.heimatverein-gahlen.de\/heimatverein\/wp-content\/uploads\/PI EDFest_LBT2022.pdf\" data-wplink-url-error=\"true\">Ank\u00fcndigung Erntedankfest sowie Lippebr\u00e4utag<\/a><\/strong><\/span><\/p>\n<p style=\"text-align: center;\"><span style=\"font-size: large;\"><strong><a href=\"https:\/\/www.heimatverein-gahlen.de\/heimatverein\/wp-content\/uploads\/Abschluss Dorfern 09.09.2022.pdf\" data-wplink-url-error=\"true\">Bericht \u00fcber die Abschlussveranstaltung der Dorferneuerung von Helmut Scheffler (auch erschienen in der Dorstener Zeitung)<\/a><\/strong><\/span><\/p>\n<p><strong>&nbsp;<\/strong><\/p>\n<p><strong><strong>Juli 2022:&nbsp;<\/strong><\/strong><\/p>\n<p style=\"text-align: center;\"><span style=\"font-size: large;\"><strong><a href=\"https:\/\/www.heimatverein-gahlen.de\/heimatverein\/wp-content\/uploads\/Saegegatter, 24.07.2022.pdf\" data-wplink-url-error=\"true\">Bericht \u00fcber das S\u00e4gegatter von Helmut Scheffler (auch erschienen in der Dorstener Zeitung)<br \/>\n<\/a><\/strong><\/span><\/p>\n<p style=\"text-align: center;\"><span style=\"font-size: large;\"><strong><a href=\"https:\/\/www.heimatverein-gahlen.de\/heimatverein\/wp-content\/uploads\/Tennenfest, 24.07.2022.pdf\" data-wplink-url-error=\"true\">Bericht \u00fcber das Tennenfest vom 24.07.2022 von Helmut Scheffler (auch erschienen in der Dorstener Zeitung)<\/a><\/strong><\/span><\/p>\n<p style=\"text-align: center;\"><span style=\"font-size: large;\"><strong><a href=\"https:\/\/www.heimatverein-gahlen.de\/heimatverein\/wp-content\/uploads\/Ank\u00fcndigung Tennenfest und Einweihung S\u00e4gegatter.pdf\" data-wplink-url-error=\"true\">Einladung Tennenfest am 24.07.22 ab 11 Uhr im Heimatmuseum &#8222;Olle Schuer&#8220; in Gahlen<\/a><\/strong><\/span><\/p>\n<p style=\"text-align: center;\"><span style=\"font-size: large;\"><strong><a href=\"https:\/\/www.heimatverein-gahlen.de\/heimatverein\/wp-content\/uploads\/PI Nisthilfe M\u00fchlenteichinsel.pdf\" data-wplink-url-error=\"true\">Errichtung Artenschutzhaus auf der M\u00fchleninsel in Gahlen<\/a><\/strong><\/span><\/p>\n<p><strong>Mai 2022:<\/strong>&nbsp;<\/p>\n<p style=\"text-align: center;\"><span style=\"font-size: large;\"><strong><a href=\"https:\/\/www.heimatverein-gahlen.de\/heimatverein\/wp-content\/uploads\/Nachruf Herbert Guelker.pdf\" data-wplink-url-error=\"true\">Nachruf Herbert G\u00fclker<\/a><\/strong><\/span><\/p>\n<p style=\"text-align: left;\"><strong>April 2022:<\/strong>&nbsp;<span style=\"font-size: large;\"> <a href=\"http:\/\/www.heimatverein-gahlen.de\/heimatverein\/wp-content\/uploads\/PI Jahreshauptversammlung Maikranzbinden Tretbecken.pdf\"><br \/>\n<\/a><\/span><\/p>\n<p style=\"text-align: center;\"><span style=\"font-size: large;\"><a href=\"http:\/\/www.heimatverein-gahlen.de\/heimatverein\/wp-content\/uploads\/PI Jahreshauptversammlung Maikranzbinden Tretbecken.pdf\">Pressemitteilung: Einladung zur Hauptversammlung, Maikranzbinden und Er\u00f6ffnung Tretbecken im Aap<\/a><\/span><\/p>\n<p><strong>Februar 2022:<\/strong><\/p>\n<p style=\"text-align: center;\"><span style=\"font-size: large;\"> <a href=\"http:\/\/www.heimatverein-gahlen.de\/heimatverein\/wp-content\/uploads\/PI Verschiebung JHV_Ankuendigung Umwelttag 190222.pdf\">Presseinformation: Verschiebung der Jahreshauptversammlung auf den 06.05.2022 und Ank\u00fcndigung Umwelttag <\/a><\/span><\/p>\n<p><strong>Januar 2022:<\/strong><\/p>\n<p style=\"text-align: center;\"><span style=\"font-size: large;\"> <a href=\"http:\/\/www.heimatverein-gahlen.de\/heimatverein\/wp-content\/uploads\/Nachruf Manfred Franke.pdf\">Der Heimatverein trauert um Manfred Franke <\/a><\/span><\/p>\n<p style=\"text-align: center;\"><span style=\"font-size: large;\"> <a href=\"http:\/\/www.heimatverein-gahlen.de\/heimatverein\/wp-content\/uploads\/Heimatpreis geht nach Gahlen_21122021.pdf\">B\u00fcrgermeister Mike Rexforth schl\u00e4gt erfolgreich unseren Heimatverein f\u00fcr den Heimatpreis des Kreises Wesel vor (Quelle: Dorstener Zeitung vom 21.12.2021)<\/a><\/span><\/p>\n<p><strong>Dezember 2021:<\/strong><\/p>\n<p style=\"text-align: center;\"><span style=\"font-size: large;\">Info vom 12.12.2021: coronabedingte Absage der Veranstaltung Panhas am Schwenkmast am 07.01.2022<\/span><\/p>\n<p><strong>November 2021:<\/strong><\/p>\n<p style=\"text-align: center;\"><span style=\"font-size: large;\"><a href=\"http:\/\/www.heimatverein-gahlen.de\/heimatverein\/wp-content\/uploads\/PI Nikolauszug 20211204 HV Gahlen.pdf\">aktualisierte Presseinfo vom 14.11.2021: ABSAGE des 50.Nikolauszugs am 4.Dezember 2021: Der Zug muss coronabedingt leider abgesagt werden!!!!!<\/a><\/span><\/p>\n<p><strong>September 2021:<\/strong><\/p>\n<p style=\"text-align: center;\"><span style=\"font-size: large;\">Ank\u00fcndigung des Lippebr\u00e4utages am 02.10.2021 um 11 Uhr auf Kamphaus Hof, Vennweg 35, Gahlen und des Erntedankfestes am 03.10.2021 um 10:45 Uhr in der Gahlener Dorfkirche, Absage Tennenfest am 26.09.2021<\/span><\/p>\n<p style=\"text-align: center;\"><span style=\"font-size: large;\"><a href=\"http:\/\/www.heimatverein-gahlen.de\/heimatverein\/wp-content\/uploads\/PI Meilenstein Muehlenteichumfeld_09_2021.pdf\" data-wplink-url-error=\"true\">Presseinformation Projekt Dorferneuerung &#8211; Meilenstein am M\u00fchlenteich erreicht<\/a><\/span><\/p>\n<p><strong>A<\/strong><strong>ugust 2021:<\/strong><\/p>\n<p style=\"text-align: center;\"><span style=\"font-size: large;\"><a href=\"https:\/\/schermbeck-online.de\/heimatverein-gahlen-zieht-eine-positive-bilanz\/\">Bericht zur Jahreshauptversammlung des Heimatvereins vom 13.08.2021 (Artikel mit Link von Schermbeck Online)<\/a><\/span><\/p>\n<p style=\"text-align: center;\"><span style=\"font-size: large;\"><a href=\"https:\/\/www.schermbeck-grenzenlos.de\/home\/uncategorised\/erster-spatenstich-fuer-die-umgestaltung-des-muehlenteiches-100815581\">Bericht zum Spatenstich am M\u00fchlenteich (Artikel mit Link von Schermbeck Grenzenlos)<\/a><\/span><\/p>\n<p style=\"text-align: center;\"><span style=\"font-size: large;\">Einladung zum Spatenstich am M\u00fchlenteich &#8222;Projekt Dorferneuerung Gahlen&#8220; am 09.08.2021 ab 16 Uhr&nbsp; mit dem B\u00fcrgermeister Herrn Mike Rexforth<\/span><\/p>\n<p><strong>Juli 2021:<\/strong><\/p>\n<p style=\"text-align: center;\"><span style=\"font-size: large;\">Jahreshauptversammlung am 13.08.2021 um 19:30 Uhr bei Holtkamp<\/span><\/p>\n<p><strong>Juni 2021:<\/strong><\/p>\n<p style=\"text-align: center;\"><span style=\"font-size: large;\"><a href=\"http:\/\/www.heimatverein-gahlen.de\/heimatverein\/wp-content\/uploads\/Eroeffnung Kneipptretbecken2021.pdf\" data-wplink-url-error=\"true\">Wiederer\u00f6ffnung des Tretbeckens ab dem 02.06.2021<\/a><\/span><\/p>\n<p><strong>Februar 2021<\/strong><strong>1:<\/strong><\/p>\n<p style=\"text-align: center;\"><span style=\"font-size: large;\"><a href=\"https:\/\/www.heimatverein-gahlen.de\/heimatverein\/wp-content\/uploads\/Presseinformation-Wildbienenhotel.pdf\">Presseinformation Errichtung zweier &#8222;bezugsf\u00e4higer&#8220; Wildbienenhotels<\/a><\/span><\/p>\n<p><strong>Januar 2021:<\/strong><\/p>\n<p style=\"text-align: center;\"><span style=\"font-size: large;\"><a href=\"https:\/\/www.heimatverein-gahlen.de\/heimatverein\/wp-content\/uploads\/PI-Jahresanfang-HVG-20210101-1.pdf\">Presseinformation Absage Veranstaltung Panhas am Schwenkmast<\/a><\/span>&nbsp;<\/p>\n<p><strong>November 2020:<\/strong><\/p>\n<p style=\"text-align: center;\"><span style=\"font-size: large;\"><a href=\"https:\/\/www.heimatverein-gahlen.de\/heimatverein\/wp-content\/uploads\/Presseinformation-Festschrift-Verkauf.pdf\">Presseinformation zum Verkauf der Festschrift <\/a><\/span><\/p>\n<p><strong>Oktober 2020:<\/strong><\/p>\n<p style=\"text-align: center;\"><span style=\"font-size: large;\"><a href=\"https:\/\/www.heimatverein-gahlen.de\/heimatverein\/wp-content\/uploads\/Absage-Nikolauszug-2020.pdf\">Presseinformation: Absage Nikolauszug 2020<\/a><\/span><\/p>\n<p style=\"text-align: center;\"><span style=\"font-size: large;\"><a href=\"https:\/\/www.heimatverein-gahlen.de\/heimatverein\/wp-content\/uploads\/Nachruf-Gerd-Becks-1.pdf\">Nachruf Gerd Becks<\/a><\/span><\/p>\n<p><strong>September 2020:<\/strong><\/p>\n<p style=\"text-align: center;\"><span style=\"font-size: large;\"><a href=\"https:\/\/www.heimatverein-gahlen.de\/heimatverein\/wp-content\/uploads\/PI-Uebergabe-Fahne-Heimatverein-Gahlen-.pdf\">Presseinformation \u00dcbergabe Fahne vom Heimatverein Gahlen<\/a><\/span><\/p>\n<p><strong>August 2020:<\/strong><\/p>\n<p style=\"text-align: center;\"><span style=\"font-size: large;\"><a href=\"http:\/\/www.heimatverein-gahlen.de\/heimatverein\/wp-content\/uploads\/20-08-22-HVG-Stellungnahme-Daldrup.pdf\">Stellungnahme des HVG-Vorstandes zu den Versammlungen von Frau Hildegard Daldrup<\/a><\/span><\/p>\n<p style=\"text-align: left;\"><strong>Juli 2020:<\/strong><\/p>\n<p style=\"text-align: center;\"><span style=\"font-size: large;\"><a href=\"http:\/\/www.heimatverein-gahlen.de\/heimatverein\/wp-content\/uploads\/Nachruf-Siegfried-Biedermann.pdf\">Nachruf Siegfried Biedermann<\/a><\/span><\/p>\n<p style=\"text-align: left;\"><strong>Juni 2020:<\/strong><\/p>\n<p style=\"text-align: center;\"><span style=\"font-size: large;\"><a href=\"http:\/\/www.heimatverein-gahlen.de\/heimatverein\/wp-content\/uploads\/Wiederer\u00f6ffnung-Tretbecken.pdf\">Wiederer\u00f6ffnung des Tretbeckens ab sofort!!!<\/a><\/span><\/p>\n<p style=\"text-align: center;\"><span style=\"font-size: large;\"><a href=\"https:\/\/www.heimatverein-gahlen.de\/heimatverein\/wp-content\/uploads\/2020_Angebot_HVG-Fahne_2.pdf\">Angebot \u00fcber den Verkauf von Fahnen vom Heimatverein<\/a><\/span><\/p>\n<p style=\"text-align: left;\"><strong>Mai 2020:<\/strong><\/p>\n<p style=\"text-align: center;\"><span style=\"font-size: large;\"><a href=\"http:\/\/www.heimatverein-gahlen.de\/heimatverein\/wp-content\/uploads\/Presseinfo-Ank\u00fcndigungen-HVG_JHV-Ersatz.pdf\">!!!Wichtige Presseinformation zu Ank\u00fcndigungen und Terminen w\u00e4hrend der Corona-Zeit!!!<\/a><\/span><\/p>\n<p style=\"text-align: left;\"><strong>April 2020:&nbsp;<\/strong><\/p>\n<p style=\"text-align: center;\"><strong><span style=\"font-size: medium;\">Schlie\u00dfung des Tretbeckens im Aap ab dem 06.04.2020 bis auf Weiteres.&nbsp;<\/span><span style=\"font-size: medium;\">Wir bitten um Verst\u00e4ndnis! Sobald es wieder ge\u00f6ffnet ist, erfolgt hier eine Information!<\/span><\/strong><\/p>\n<p style=\"text-align: left;\"><strong>M\u00e4rz 2020:<\/strong><\/p>\n<p style=\"text-align: center;\"><span style=\"font-size: large;\"><a href=\"http:\/\/www.heimatverein-gahlen.de\/heimatverein\/wp-content\/uploads\/Brief-Hilfsangebot-Corona.pdf\">Brief zum Hilfsangebot des Heimatvereins wegen Corona: Eink\u00e4ufe und Boteng\u00e4nge<\/a><\/span><\/p>\n<p style=\"text-align: center;\"><span style=\"font-size: large;\">Die heute terminierte Jahreshauptversammlung wird auf Grund der Gef\u00e4hrdung durch das Corona-Virus abgesagt und auf unbestimmte Zeit verschoben!!!<\/span><\/p>\n<p style=\"text-align: center;\"><span style=\"font-size: medium;\"><a href=\"http:\/\/www.heimatverein-gahlen.de\/heimatverein\/wp-content\/uploads\/20-03-03_Plakat_Fahrradmesse.pdf\">Einladung zu einer &#8222;Fahrradmesse&#8220; am 24.05.2020 um 10.30 Uhr<\/a><\/span><\/p>\n<p style=\"text-align: center;\"><span style=\"font-size: medium;\"><a href=\"http:\/\/www.heimatverein-gahlen.de\/heimatverein\/wp-content\/uploads\/20200112_Gahlen-\u00d6strich_Info_2.pdf\">Presseinfo zu: Start gemeinsamer Veranstaltungskalender Gahlen-\u00d6strich<\/a><\/span><\/p>\n<p style=\"text-align: center;\"><span style=\"font-size: medium;\"><a href=\"http:\/\/www.heimatverein-gahlen.de\/heimatverein\/wp-content\/uploads\/Kalender-Plakat_2.pdf\">Flyer zum gemeinsamen Kalender!<\/a><\/span><\/p>\n<p style=\"text-align: left;\"><strong>Januar 2020:<\/strong><\/p>\n<p style=\"text-align: center;\"><span style=\"font-size: medium;\"><a href=\"http:\/\/www.heimatverein-gahlen.de\/heimatverein\/wp-content\/uploads\/Panhas2020.pdf\">Einladung zu &#8222;Panhas am Schwenkmast&#8220;-Veranstaltung am 10.01.2020 ab 18 Uhr in der Ollen Schuer<\/a><\/span><\/p>\n<p style=\"text-align: center;\">&nbsp;<\/p>\n<p>&nbsp;<\/p>\n<p>&nbsp;<\/p>\n<p>&nbsp;<\/p>\n<p>&nbsp;<\/p>\n<p>&nbsp;<\/p>\n<p>&nbsp;<\/p>\n<p>&nbsp;<\/p>\n<p>&nbsp;<\/p>\n<p>&nbsp;<\/p>\n","protected":false},"excerpt":{"rendered":"<p>&nbsp; &nbsp; Aktuelles im Jahr 2020\/2021\/2022\/2023\/2024\/2025\/2026 M\u00e4rz 2026: Ank\u00fcndigung Jahreshauptversammlung des Heimatvereins Januar 2026: Bericht \u00fcber Panhas am Schwenkmast von der Dorstener Zeitung Presseinformation: Panhas am Schwenkmast November 2025: Presseinformation 53. Nikolauszug am 06.12.25 in Gahlen sowie Infos zur Bestellung der Nikolaust\u00fcten Verleihung der Ehrenamtsmedaille 2025 f\u00fcr J\u00fcrgen H\u00f6chst (Artikel mit freundlicher Genehmigung der Dorstener [&hellip;]<\/p>\n","protected":false},"author":1,"featured_media":0,"parent":0,"menu_order":0,"comment_status":"open","ping_status":"open","template":"","meta":{"ngg_post_thumbnail":0},"_links":{"self":[{"href":"https:\/\/www.heimatverein-gahlen.de\/heimatverein\/index.php?rest_route=\/wp\/v2\/pages\/462"}],"collection":[{"href":"https:\/\/www.heimatverein-gahlen.de\/heimatverein\/index.php?rest_route=\/wp\/v2\/pages"}],"about":[{"href":"https:\/\/www.heimatverein-gahlen.de\/heimatverein\/index.php?rest_route=\/wp\/v2\/types\/page"}],"author":[{"embeddable":true,"href":"https:\/\/www.heimatverein-gahlen.de\/heimatverein\/index.php?rest_route=\/wp\/v2\/users\/1"}],"replies":[{"embeddable":true,"href":"https:\/\/www.heimatverein-gahlen.de\/heimatverein\/index.php?rest_route=%2Fwp%2Fv2%2Fcomments&post=462"}],"version-history":[{"count":131,"href":"https:\/\/www.heimatverein-gahlen.de\/heimatverein\/index.php?rest_route=\/wp\/v2\/pages\/462\/revisions"}],"predecessor-version":[{"id":3500,"href":"https:\/\/www.heimatverein-gahlen.de\/heimatverein\/index.php?rest_route=\/wp\/v2\/pages\/462\/revisions\/3500"}],"wp:attachment":[{"href":"https:\/\/www.heimatverein-gahlen.de\/heimatverein\/index.php?rest_route=%2Fwp%2Fv2%2Fmedia&parent=462"}],"curies":[{"name":"wp","href":"https:\/\/api.w.org\/{rel}","templated":true}]}}